{"id":46,"date":"2025-12-16T12:20:00","date_gmt":"2025-12-16T12:20:00","guid":{"rendered":"https:\/\/events.pmfst.unist.hr\/sumtopo\/?page_id=46"},"modified":"2026-04-07T08:32:07","modified_gmt":"2026-04-07T08:32:07","slug":"organisation","status":"publish","type":"page","link":"https:\/\/events.pmfst.unist.hr\/sumtopo\/organisation\/","title":{"rendered":"ORGANISATION"},"content":{"rendered":"<div class=\"wpb-content-wrapper\">[vc_row][vc_column][vc_column_text margin_bottom=&#8221;0&#8243; css=&#8221;.vc_custom_1775550726524{margin-bottom: 0px !important;}&#8221;]\n<h4>ORGANIZING COMMITTEE<\/h4>\n<p>Co-chairs:<\/p>\n<ul>\n<li>Ana Anu\u0161i\u0107 (University of Zagreb)<\/li>\n<li>Goran Erceg (University of Split)<\/li>\n<\/ul>\n<p>Members:<\/p>\n<ul>\n<li>Domagoj Jeli\u0107 (University of Split)<\/li>\n<li>Ivan Jeli\u0107 (University of Split)<\/li>\n<li>Matea Jeli\u0107 (University of Split)<\/li>\n<li>Kristijan Kilassa Kvaternik (University of Zagreb)<\/li>\n<li>Ivan\u010dica Miro\u0161evi\u0107 (University of Split)<\/li>\n<\/ul>\n<p>&nbsp;<\/p>\n<h4>SPECIAL SESSIONS AND ORGANIZERS<\/h4>\n<ul>\n<li><strong>Continuum Theory<\/strong> (Organizers: Matev\u017e \u010crepnjak, Rodrigo Hern\u00e1ndez-Guti\u00e9rrez and Judy Kennedy)<\/li>\n<li><strong>General and Set-Theoretic Topology<\/strong> (Organizers: David Chodounsky, Michael Hru\u0161\u00e1k and Olivier Olela-Otafudu)<\/li>\n<li><strong>Geometric Group Theory<\/strong> (Organizers: Benjamin Linowitz, Ben McReynolds and Barry Minemyer)<\/li>\n<li><strong>Qualitative Theory and Bifurcations in Dynamics<\/strong> (Organizers: Pavao Marde\u0161i\u0107, Dino Peran and Maja Resman)<\/li>\n<li><strong>Topological Dynamical Systems<\/strong> (Organizers: Jernej \u010cin\u010d, Sonja \u0160timac and Benjamin Vejnar)<\/li>\n<li><strong>Topological Methods in Algebra and Analysis<\/strong> (Organizers: Jorge Galindo, G\u00e1bor Luk\u00e1cs and Menachem Shlossberg)<\/li>\n<li><strong>Topology and Computing<\/strong> (Organizers: Jim Fowler, Zvonko Iljazovi\u0107)<\/li>\n<\/ul>\n<p>&nbsp;<\/p>\n<h4>STEERING COMMITTEE<\/h4>\n<ul>\n<li>Henk Bruin (University of Vienna, Austria)<\/li>\n<li>Stephen Clontz (University of South Alabama, USA)<\/li>\n<li>Alan Dow (University of North Carolina, Charlotte, USA)<\/li>\n<li>Salvador Garc\u00eda Ferreira (Universidad Nacional Aut\u00f3noma de M\u00e9xico, Mexico)<\/li>\n<li>Paul Gartside (University of Pittsburgh, USA)<\/li>\n<li>Salvador Hern\u00e1ndez Mu\u00f1oz (Jaume I University, Spain)<\/li>\n<li>Michael Hru\u0161\u00e1k (Universidad Nacional Aut\u00f3noma de M\u00e9xico, Mexico)<\/li>\n<li>Judy Kennedy (Lamar University, USA)<\/li>\n<li>Witold Marciszewski (University of Warsaw, Poland)<\/li>\n<li>Brian Martensen (University of Washington, USA)<\/li>\n<li>John Mayer (University of Alabama at Birmingham, USA)<\/li>\n<li>Aisling McClusky (University of Galway, Ireland)<\/li>\n<li>Fr\u00e9d\u00e9ric Mynard (New Jersey City University, USA)<\/li>\n<li>Olivier Olela-Otafudu (University of Limpopo, South Africa)<\/li>\n<li>Tom Richmond (Western Kentucky University, USA)<\/li>\n<li>Stephen Rodabaugh (Youngstown State University, USA)<\/li>\n<li>Jamal K. Tartir (Youngstown State University, USA)<\/li>\n<li>Vladimir Tkachuk (Universidad Nacional Aut\u00f3noma de M\u00e9xico, Mexico)<\/li>\n<li>Murat Tuncali (Nipissing University, Canada)<\/li>\n<li>Lynne Yengulalp (Wake Forest University, USA)<\/li>\n<\/ul>\n[\/vc_column_text][\/vc_column][\/vc_row]\n<\/div>","protected":false},"excerpt":{"rendered":"<p>[vc_row][vc_column][vc_column_text margin_bottom=&#8221;0&#8243; css=&#8221;.vc_custom_1775550726524{margin-bottom: 0px !important;}&#8221;] ORGANIZING COMMITTEE Co-chairs: Ana Anu\u0161i\u0107 (University of Zagreb) Goran Erceg (University of Split) Members: Domagoj Jeli\u0107 (University of Split) Ivan Jeli\u0107 (University of Split) Matea Jeli\u0107 (University of Split) Kristijan Kilassa Kvaternik (University of Zagreb) Ivan\u010dica Miro\u0161evi\u0107 (University of Split) &nbsp; SPECIAL SESSIONS AND ORGANIZERS Continuum Theory (Organizers: Matev\u017e \u010crepnjak, [&hellip;]<\/p>\n","protected":false},"author":1,"featured_media":0,"parent":0,"menu_order":0,"comment_status":"closed","ping_status":"closed","template":"","meta":{"footnotes":""},"class_list":["post-46","page","type-page","status-publish","hentry"],"yoast_head":"<!-- This site is optimized with the Yoast SEO plugin v26.9 - https:\/\/yoast.com\/product\/yoast-seo-wordpress\/ -->\n<title>ORGANISATION - 40th SUMMER CONFERENCE ON TOPOLOGY AND ITS APPLICATIONS<\/title>\n<meta name=\"robots\" content=\"index, follow, max-snippet:-1, max-image-preview:large, max-video-preview:-1\" \/>\n<link rel=\"canonical\" href=\"https:\/\/events.pmfst.unist.hr\/sumtopo\/organisation\/\" \/>\n<meta property=\"og:locale\" content=\"en_US\" \/>\n<meta property=\"og:type\" content=\"article\" \/>\n<meta property=\"og:title\" content=\"ORGANISATION - 40th SUMMER CONFERENCE ON TOPOLOGY AND ITS APPLICATIONS\" \/>\n<meta property=\"og:description\" content=\"[vc_row][vc_column][vc_column_text margin_bottom=&#8221;0&#8243; css=&#8221;.vc_custom_1775550726524{margin-bottom: 0px !important;}&#8221;] ORGANIZING COMMITTEE Co-chairs: Ana Anu\u0161i\u0107 (University of Zagreb) Goran Erceg (University of Split) Members: Domagoj Jeli\u0107 (University of Split) Ivan Jeli\u0107 (University of Split) Matea Jeli\u0107 (University of Split) Kristijan Kilassa Kvaternik (University of Zagreb) Ivan\u010dica Miro\u0161evi\u0107 (University of Split) &nbsp; SPECIAL SESSIONS AND ORGANIZERS Continuum Theory (Organizers: Matev\u017e \u010crepnjak, [&hellip;]\" \/>\n<meta property=\"og:url\" content=\"https:\/\/events.pmfst.unist.hr\/sumtopo\/organisation\/\" \/>\n<meta property=\"og:site_name\" content=\"40th SUMMER CONFERENCE ON TOPOLOGY AND ITS APPLICATIONS\" \/>\n<meta property=\"article:modified_time\" content=\"2026-04-07T08:32:07+00:00\" \/>\n<meta name=\"twitter:card\" content=\"summary_large_image\" \/>\n<meta name=\"twitter:label1\" content=\"Est. reading time\" \/>\n\t<meta name=\"twitter:data1\" content=\"2 minutes\" \/>\n<script type=\"application\/ld+json\" class=\"yoast-schema-graph\">{\"@context\":\"https:\/\/schema.org\",\"@graph\":[{\"@type\":\"WebPage\",\"@id\":\"https:\/\/events.pmfst.unist.hr\/sumtopo\/organisation\/\",\"url\":\"https:\/\/events.pmfst.unist.hr\/sumtopo\/organisation\/\",\"name\":\"ORGANISATION - 40th SUMMER CONFERENCE ON TOPOLOGY AND ITS APPLICATIONS\",\"isPartOf\":{\"@id\":\"https:\/\/events.pmfst.unist.hr\/sumtopo\/#website\"},\"datePublished\":\"2025-12-16T12:20:00+00:00\",\"dateModified\":\"2026-04-07T08:32:07+00:00\",\"breadcrumb\":{\"@id\":\"https:\/\/events.pmfst.unist.hr\/sumtopo\/organisation\/#breadcrumb\"},\"inLanguage\":\"en-US\",\"potentialAction\":[{\"@type\":\"ReadAction\",\"target\":[\"https:\/\/events.pmfst.unist.hr\/sumtopo\/organisation\/\"]}]},{\"@type\":\"BreadcrumbList\",\"@id\":\"https:\/\/events.pmfst.unist.hr\/sumtopo\/organisation\/#breadcrumb\",\"itemListElement\":[{\"@type\":\"ListItem\",\"position\":1,\"name\":\"Home\",\"item\":\"https:\/\/events.pmfst.unist.hr\/sumtopo\/\"},{\"@type\":\"ListItem\",\"position\":2,\"name\":\"ORGANISATION\"}]},{\"@type\":\"WebSite\",\"@id\":\"https:\/\/events.pmfst.unist.hr\/sumtopo\/#website\",\"url\":\"https:\/\/events.pmfst.unist.hr\/sumtopo\/\",\"name\":\"40th SUMMER CONFERENCE ON TOPOLOGY AND ITS APPLICATIONS\",\"description\":\"\",\"publisher\":{\"@id\":\"https:\/\/events.pmfst.unist.hr\/sumtopo\/#organization\"},\"potentialAction\":[{\"@type\":\"SearchAction\",\"target\":{\"@type\":\"EntryPoint\",\"urlTemplate\":\"https:\/\/events.pmfst.unist.hr\/sumtopo\/?s={search_term_string}\"},\"query-input\":{\"@type\":\"PropertyValueSpecification\",\"valueRequired\":true,\"valueName\":\"search_term_string\"}}],\"inLanguage\":\"en-US\"},{\"@type\":\"Organization\",\"@id\":\"https:\/\/events.pmfst.unist.hr\/sumtopo\/#organization\",\"name\":\"40th SUMMER CONFERENCE ON TOPOLOGY AND ITS APPLICATIONS\",\"url\":\"https:\/\/events.pmfst.unist.hr\/sumtopo\/\",\"logo\":{\"@type\":\"ImageObject\",\"inLanguage\":\"en-US\",\"@id\":\"https:\/\/events.pmfst.unist.hr\/sumtopo\/#\/schema\/logo\/image\/\",\"url\":\"https:\/\/events.pmfst.unist.hr\/phyphi\/wp-content\/uploads\/sites\/2\/2022\/06\/logo.png\",\"contentUrl\":\"https:\/\/events.pmfst.unist.hr\/phyphi\/wp-content\/uploads\/sites\/2\/2022\/06\/logo.png\",\"width\":75,\"height\":128,\"caption\":\"40th SUMMER CONFERENCE ON TOPOLOGY AND ITS APPLICATIONS\"},\"image\":{\"@id\":\"https:\/\/events.pmfst.unist.hr\/sumtopo\/#\/schema\/logo\/image\/\"}}]}<\/script>\n<!-- \/ Yoast SEO plugin. -->","yoast_head_json":{"title":"ORGANISATION - 40th SUMMER CONFERENCE ON TOPOLOGY AND ITS APPLICATIONS","robots":{"index":"index","follow":"follow","max-snippet":"max-snippet:-1","max-image-preview":"max-image-preview:large","max-video-preview":"max-video-preview:-1"},"canonical":"https:\/\/events.pmfst.unist.hr\/sumtopo\/organisation\/","og_locale":"en_US","og_type":"article","og_title":"ORGANISATION - 40th SUMMER CONFERENCE ON TOPOLOGY AND ITS APPLICATIONS","og_description":"[vc_row][vc_column][vc_column_text margin_bottom=&#8221;0&#8243; css=&#8221;.vc_custom_1775550726524{margin-bottom: 0px !important;}&#8221;] ORGANIZING COMMITTEE Co-chairs: Ana Anu\u0161i\u0107 (University of Zagreb) Goran Erceg (University of Split) Members: Domagoj Jeli\u0107 (University of Split) Ivan Jeli\u0107 (University of Split) Matea Jeli\u0107 (University of Split) Kristijan Kilassa Kvaternik (University of Zagreb) Ivan\u010dica Miro\u0161evi\u0107 (University of Split) &nbsp; SPECIAL SESSIONS AND ORGANIZERS Continuum Theory (Organizers: Matev\u017e \u010crepnjak, [&hellip;]","og_url":"https:\/\/events.pmfst.unist.hr\/sumtopo\/organisation\/","og_site_name":"40th SUMMER CONFERENCE ON TOPOLOGY AND ITS APPLICATIONS","article_modified_time":"2026-04-07T08:32:07+00:00","twitter_card":"summary_large_image","twitter_misc":{"Est. reading time":"2 minutes"},"schema":{"@context":"https:\/\/schema.org","@graph":[{"@type":"WebPage","@id":"https:\/\/events.pmfst.unist.hr\/sumtopo\/organisation\/","url":"https:\/\/events.pmfst.unist.hr\/sumtopo\/organisation\/","name":"ORGANISATION - 40th SUMMER CONFERENCE ON TOPOLOGY AND ITS APPLICATIONS","isPartOf":{"@id":"https:\/\/events.pmfst.unist.hr\/sumtopo\/#website"},"datePublished":"2025-12-16T12:20:00+00:00","dateModified":"2026-04-07T08:32:07+00:00","breadcrumb":{"@id":"https:\/\/events.pmfst.unist.hr\/sumtopo\/organisation\/#breadcrumb"},"inLanguage":"en-US","potentialAction":[{"@type":"ReadAction","target":["https:\/\/events.pmfst.unist.hr\/sumtopo\/organisation\/"]}]},{"@type":"BreadcrumbList","@id":"https:\/\/events.pmfst.unist.hr\/sumtopo\/organisation\/#breadcrumb","itemListElement":[{"@type":"ListItem","position":1,"name":"Home","item":"https:\/\/events.pmfst.unist.hr\/sumtopo\/"},{"@type":"ListItem","position":2,"name":"ORGANISATION"}]},{"@type":"WebSite","@id":"https:\/\/events.pmfst.unist.hr\/sumtopo\/#website","url":"https:\/\/events.pmfst.unist.hr\/sumtopo\/","name":"40th SUMMER CONFERENCE ON TOPOLOGY AND ITS APPLICATIONS","description":"","publisher":{"@id":"https:\/\/events.pmfst.unist.hr\/sumtopo\/#organization"},"potentialAction":[{"@type":"SearchAction","target":{"@type":"EntryPoint","urlTemplate":"https:\/\/events.pmfst.unist.hr\/sumtopo\/?s={search_term_string}"},"query-input":{"@type":"PropertyValueSpecification","valueRequired":true,"valueName":"search_term_string"}}],"inLanguage":"en-US"},{"@type":"Organization","@id":"https:\/\/events.pmfst.unist.hr\/sumtopo\/#organization","name":"40th SUMMER CONFERENCE ON TOPOLOGY AND ITS APPLICATIONS","url":"https:\/\/events.pmfst.unist.hr\/sumtopo\/","logo":{"@type":"ImageObject","inLanguage":"en-US","@id":"https:\/\/events.pmfst.unist.hr\/sumtopo\/#\/schema\/logo\/image\/","url":"https:\/\/events.pmfst.unist.hr\/phyphi\/wp-content\/uploads\/sites\/2\/2022\/06\/logo.png","contentUrl":"https:\/\/events.pmfst.unist.hr\/phyphi\/wp-content\/uploads\/sites\/2\/2022\/06\/logo.png","width":75,"height":128,"caption":"40th SUMMER CONFERENCE ON TOPOLOGY AND ITS APPLICATIONS"},"image":{"@id":"https:\/\/events.pmfst.unist.hr\/sumtopo\/#\/schema\/logo\/image\/"}}]}},"_links":{"self":[{"href":"https:\/\/events.pmfst.unist.hr\/sumtopo\/wp-json\/wp\/v2\/pages\/46","targetHints":{"allow":["GET"]}}],"collection":[{"href":"https:\/\/events.pmfst.unist.hr\/sumtopo\/wp-json\/wp\/v2\/pages"}],"about":[{"href":"https:\/\/events.pmfst.unist.hr\/sumtopo\/wp-json\/wp\/v2\/types\/page"}],"author":[{"embeddable":true,"href":"https:\/\/events.pmfst.unist.hr\/sumtopo\/wp-json\/wp\/v2\/users\/1"}],"replies":[{"embeddable":true,"href":"https:\/\/events.pmfst.unist.hr\/sumtopo\/wp-json\/wp\/v2\/comments?post=46"}],"version-history":[{"count":5,"href":"https:\/\/events.pmfst.unist.hr\/sumtopo\/wp-json\/wp\/v2\/pages\/46\/revisions"}],"predecessor-version":[{"id":127,"href":"https:\/\/events.pmfst.unist.hr\/sumtopo\/wp-json\/wp\/v2\/pages\/46\/revisions\/127"}],"wp:attachment":[{"href":"https:\/\/events.pmfst.unist.hr\/sumtopo\/wp-json\/wp\/v2\/media?parent=46"}],"curies":[{"name":"wp","href":"https:\/\/api.w.org\/{rel}","templated":true}]}}