{"id":9,"date":"2025-11-20T11:07:48","date_gmt":"2025-11-20T11:07:48","guid":{"rendered":"https:\/\/events.pmfst.unist.hr\/sgsia23\/?page_id=9"},"modified":"2026-02-23T11:01:34","modified_gmt":"2026-02-23T11:01:34","slug":"invited-speakers","status":"publish","type":"page","link":"https:\/\/events.pmfst.unist.hr\/sgsia23\/invited-speakers\/","title":{"rendered":"Invited Speakers"},"content":{"rendered":"<div class=\"wpb-content-wrapper\">[vc_row][vc_column][vc_column_text margin_bottom=&#8221;0&#8243; css=&#8221;.vc_custom_1771844239608{margin-bottom: 0px !important;}&#8221;]We are pleased to announce our invited speakers:<\/p>\n<ul>\n<li>G\u00fcnter Last (Karlsruhe)<\/li>\n<li>Marie-Colette van Lieshout (Amsterdam)<\/li>\n<li>Matthias Reitzner (Osnabr\u00fcck)<\/li>\n<li>Anne Marie Svane (Aalborg)<\/li>\n<li>Stjepan \u0160ebek (Zagreb)<\/li>\n<li>Christoph Th\u00e4le (Bochum)<\/li>\n<li>Joseph Yukich (Lehigh)<\/li>\n<\/ul>\n[\/vc_column_text][\/vc_column][\/vc_row]\n<\/div>","protected":false},"excerpt":{"rendered":"<p>[vc_row][vc_column][vc_column_text margin_bottom=&#8221;0&#8243; css=&#8221;.vc_custom_1771844239608{margin-bottom: 0px !important;}&#8221;]We are pleased to announce our invited speakers: G\u00fcnter Last (Karlsruhe) Marie-Colette van Lieshout (Amsterdam) Matthias Reitzner (Osnabr\u00fcck) Anne Marie Svane (Aalborg) Stjepan \u0160ebek (Zagreb) Christoph Th\u00e4le (Bochum) Joseph Yukich (Lehigh) [\/vc_column_text][\/vc_column][\/vc_row]<\/p>\n","protected":false},"author":1,"featured_media":0,"parent":0,"menu_order":0,"comment_status":"closed","ping_status":"closed","template":"","meta":{"footnotes":""},"class_list":["post-9","page","type-page","status-publish","hentry"],"yoast_head":"<!-- This site is optimized with the Yoast SEO plugin v26.9 - https:\/\/yoast.com\/product\/yoast-seo-wordpress\/ -->\n<title>Invited Speakers - 23rd Workshop on Stochastic Geometry, Stereology and Image Analysis in the beautiful coastal city of Split, Croatia.<\/title>\n<meta name=\"robots\" content=\"index, follow, max-snippet:-1, max-image-preview:large, max-video-preview:-1\" \/>\n<link rel=\"canonical\" href=\"https:\/\/events.pmfst.unist.hr\/sgsia23\/invited-speakers\/\" \/>\n<meta property=\"og:locale\" content=\"en_US\" \/>\n<meta property=\"og:type\" content=\"article\" \/>\n<meta property=\"og:title\" content=\"Invited Speakers - 23rd Workshop on Stochastic Geometry, Stereology and Image Analysis in the beautiful coastal city of Split, Croatia.\" \/>\n<meta property=\"og:description\" content=\"[vc_row][vc_column][vc_column_text margin_bottom=&#8221;0&#8243; css=&#8221;.vc_custom_1771844239608{margin-bottom: 0px !important;}&#8221;]We are pleased to announce our invited speakers: G\u00fcnter Last (Karlsruhe) Marie-Colette van Lieshout (Amsterdam) Matthias Reitzner (Osnabr\u00fcck) Anne Marie Svane (Aalborg) Stjepan \u0160ebek (Zagreb) Christoph Th\u00e4le (Bochum) Joseph Yukich (Lehigh) [\/vc_column_text][\/vc_column][\/vc_row]\" \/>\n<meta property=\"og:url\" content=\"https:\/\/events.pmfst.unist.hr\/sgsia23\/invited-speakers\/\" \/>\n<meta property=\"og:site_name\" content=\"23rd Workshop on Stochastic Geometry, Stereology and Image Analysis in the beautiful coastal city of Split, Croatia.\" \/>\n<meta property=\"article:modified_time\" content=\"2026-02-23T11:01:34+00:00\" \/>\n<meta name=\"twitter:card\" content=\"summary_large_image\" \/>\n<meta name=\"twitter:label1\" content=\"Est. reading time\" \/>\n\t<meta name=\"twitter:data1\" content=\"1 minute\" \/>\n<script type=\"application\/ld+json\" class=\"yoast-schema-graph\">{\"@context\":\"https:\/\/schema.org\",\"@graph\":[{\"@type\":\"WebPage\",\"@id\":\"https:\/\/events.pmfst.unist.hr\/sgsia23\/invited-speakers\/\",\"url\":\"https:\/\/events.pmfst.unist.hr\/sgsia23\/invited-speakers\/\",\"name\":\"Invited Speakers - 23rd Workshop on Stochastic Geometry, Stereology and Image Analysis in the beautiful coastal city of Split, Croatia.\",\"isPartOf\":{\"@id\":\"https:\/\/events.pmfst.unist.hr\/sgsia23\/#website\"},\"datePublished\":\"2025-11-20T11:07:48+00:00\",\"dateModified\":\"2026-02-23T11:01:34+00:00\",\"breadcrumb\":{\"@id\":\"https:\/\/events.pmfst.unist.hr\/sgsia23\/invited-speakers\/#breadcrumb\"},\"inLanguage\":\"en-US\",\"potentialAction\":[{\"@type\":\"ReadAction\",\"target\":[\"https:\/\/events.pmfst.unist.hr\/sgsia23\/invited-speakers\/\"]}]},{\"@type\":\"BreadcrumbList\",\"@id\":\"https:\/\/events.pmfst.unist.hr\/sgsia23\/invited-speakers\/#breadcrumb\",\"itemListElement\":[{\"@type\":\"ListItem\",\"position\":1,\"name\":\"Home\",\"item\":\"https:\/\/events.pmfst.unist.hr\/sgsia23\/\"},{\"@type\":\"ListItem\",\"position\":2,\"name\":\"Invited Speakers\"}]},{\"@type\":\"WebSite\",\"@id\":\"https:\/\/events.pmfst.unist.hr\/sgsia23\/#website\",\"url\":\"https:\/\/events.pmfst.unist.hr\/sgsia23\/\",\"name\":\"23rd Workshop on Stochastic Geometry, Stereology and Image Analysis in the beautiful coastal city of Split, Croatia.\",\"description\":\"\",\"publisher\":{\"@id\":\"https:\/\/events.pmfst.unist.hr\/sgsia23\/#organization\"},\"potentialAction\":[{\"@type\":\"SearchAction\",\"target\":{\"@type\":\"EntryPoint\",\"urlTemplate\":\"https:\/\/events.pmfst.unist.hr\/sgsia23\/?s={search_term_string}\"},\"query-input\":{\"@type\":\"PropertyValueSpecification\",\"valueRequired\":true,\"valueName\":\"search_term_string\"}}],\"inLanguage\":\"en-US\"},{\"@type\":\"Organization\",\"@id\":\"https:\/\/events.pmfst.unist.hr\/sgsia23\/#organization\",\"name\":\"23rd Workshop on Stochastic Geometry, Stereology and Image Analysis in the beautiful coastal city of Split, Croatia.\",\"url\":\"https:\/\/events.pmfst.unist.hr\/sgsia23\/\",\"logo\":{\"@type\":\"ImageObject\",\"inLanguage\":\"en-US\",\"@id\":\"https:\/\/events.pmfst.unist.hr\/sgsia23\/#\/schema\/logo\/image\/\",\"url\":\"https:\/\/events.pmfst.unist.hr\/phyphi\/wp-content\/uploads\/sites\/2\/2022\/06\/logo.png\",\"contentUrl\":\"https:\/\/events.pmfst.unist.hr\/phyphi\/wp-content\/uploads\/sites\/2\/2022\/06\/logo.png\",\"width\":75,\"height\":128,\"caption\":\"23rd Workshop on Stochastic Geometry, Stereology and Image Analysis in the beautiful coastal city of Split, Croatia.\"},\"image\":{\"@id\":\"https:\/\/events.pmfst.unist.hr\/sgsia23\/#\/schema\/logo\/image\/\"}}]}<\/script>\n<!-- \/ Yoast SEO plugin. -->","yoast_head_json":{"title":"Invited Speakers - 23rd Workshop on Stochastic Geometry, Stereology and Image Analysis in the beautiful coastal city of Split, Croatia.","robots":{"index":"index","follow":"follow","max-snippet":"max-snippet:-1","max-image-preview":"max-image-preview:large","max-video-preview":"max-video-preview:-1"},"canonical":"https:\/\/events.pmfst.unist.hr\/sgsia23\/invited-speakers\/","og_locale":"en_US","og_type":"article","og_title":"Invited Speakers - 23rd Workshop on Stochastic Geometry, Stereology and Image Analysis in the beautiful coastal city of Split, Croatia.","og_description":"[vc_row][vc_column][vc_column_text margin_bottom=&#8221;0&#8243; css=&#8221;.vc_custom_1771844239608{margin-bottom: 0px !important;}&#8221;]We are pleased to announce our invited speakers: G\u00fcnter Last (Karlsruhe) Marie-Colette van Lieshout (Amsterdam) Matthias Reitzner (Osnabr\u00fcck) Anne Marie Svane (Aalborg) Stjepan \u0160ebek (Zagreb) Christoph Th\u00e4le (Bochum) Joseph Yukich (Lehigh) [\/vc_column_text][\/vc_column][\/vc_row]","og_url":"https:\/\/events.pmfst.unist.hr\/sgsia23\/invited-speakers\/","og_site_name":"23rd Workshop on Stochastic Geometry, Stereology and Image Analysis in the beautiful coastal city of Split, Croatia.","article_modified_time":"2026-02-23T11:01:34+00:00","twitter_card":"summary_large_image","twitter_misc":{"Est. reading time":"1 minute"},"schema":{"@context":"https:\/\/schema.org","@graph":[{"@type":"WebPage","@id":"https:\/\/events.pmfst.unist.hr\/sgsia23\/invited-speakers\/","url":"https:\/\/events.pmfst.unist.hr\/sgsia23\/invited-speakers\/","name":"Invited Speakers - 23rd Workshop on Stochastic Geometry, Stereology and Image Analysis in the beautiful coastal city of Split, Croatia.","isPartOf":{"@id":"https:\/\/events.pmfst.unist.hr\/sgsia23\/#website"},"datePublished":"2025-11-20T11:07:48+00:00","dateModified":"2026-02-23T11:01:34+00:00","breadcrumb":{"@id":"https:\/\/events.pmfst.unist.hr\/sgsia23\/invited-speakers\/#breadcrumb"},"inLanguage":"en-US","potentialAction":[{"@type":"ReadAction","target":["https:\/\/events.pmfst.unist.hr\/sgsia23\/invited-speakers\/"]}]},{"@type":"BreadcrumbList","@id":"https:\/\/events.pmfst.unist.hr\/sgsia23\/invited-speakers\/#breadcrumb","itemListElement":[{"@type":"ListItem","position":1,"name":"Home","item":"https:\/\/events.pmfst.unist.hr\/sgsia23\/"},{"@type":"ListItem","position":2,"name":"Invited Speakers"}]},{"@type":"WebSite","@id":"https:\/\/events.pmfst.unist.hr\/sgsia23\/#website","url":"https:\/\/events.pmfst.unist.hr\/sgsia23\/","name":"23rd Workshop on Stochastic Geometry, Stereology and Image Analysis in the beautiful coastal city of Split, Croatia.","description":"","publisher":{"@id":"https:\/\/events.pmfst.unist.hr\/sgsia23\/#organization"},"potentialAction":[{"@type":"SearchAction","target":{"@type":"EntryPoint","urlTemplate":"https:\/\/events.pmfst.unist.hr\/sgsia23\/?s={search_term_string}"},"query-input":{"@type":"PropertyValueSpecification","valueRequired":true,"valueName":"search_term_string"}}],"inLanguage":"en-US"},{"@type":"Organization","@id":"https:\/\/events.pmfst.unist.hr\/sgsia23\/#organization","name":"23rd Workshop on Stochastic Geometry, Stereology and Image Analysis in the beautiful coastal city of Split, Croatia.","url":"https:\/\/events.pmfst.unist.hr\/sgsia23\/","logo":{"@type":"ImageObject","inLanguage":"en-US","@id":"https:\/\/events.pmfst.unist.hr\/sgsia23\/#\/schema\/logo\/image\/","url":"https:\/\/events.pmfst.unist.hr\/phyphi\/wp-content\/uploads\/sites\/2\/2022\/06\/logo.png","contentUrl":"https:\/\/events.pmfst.unist.hr\/phyphi\/wp-content\/uploads\/sites\/2\/2022\/06\/logo.png","width":75,"height":128,"caption":"23rd Workshop on Stochastic Geometry, Stereology and Image Analysis in the beautiful coastal city of Split, Croatia."},"image":{"@id":"https:\/\/events.pmfst.unist.hr\/sgsia23\/#\/schema\/logo\/image\/"}}]}},"_links":{"self":[{"href":"https:\/\/events.pmfst.unist.hr\/sgsia23\/wp-json\/wp\/v2\/pages\/9","targetHints":{"allow":["GET"]}}],"collection":[{"href":"https:\/\/events.pmfst.unist.hr\/sgsia23\/wp-json\/wp\/v2\/pages"}],"about":[{"href":"https:\/\/events.pmfst.unist.hr\/sgsia23\/wp-json\/wp\/v2\/types\/page"}],"author":[{"embeddable":true,"href":"https:\/\/events.pmfst.unist.hr\/sgsia23\/wp-json\/wp\/v2\/users\/1"}],"replies":[{"embeddable":true,"href":"https:\/\/events.pmfst.unist.hr\/sgsia23\/wp-json\/wp\/v2\/comments?post=9"}],"version-history":[{"count":4,"href":"https:\/\/events.pmfst.unist.hr\/sgsia23\/wp-json\/wp\/v2\/pages\/9\/revisions"}],"predecessor-version":[{"id":82,"href":"https:\/\/events.pmfst.unist.hr\/sgsia23\/wp-json\/wp\/v2\/pages\/9\/revisions\/82"}],"wp:attachment":[{"href":"https:\/\/events.pmfst.unist.hr\/sgsia23\/wp-json\/wp\/v2\/media?parent=9"}],"curies":[{"name":"wp","href":"https:\/\/api.w.org\/{rel}","templated":true}]}}