{"id":26,"date":"2025-11-20T11:11:32","date_gmt":"2025-11-20T11:11:32","guid":{"rendered":"https:\/\/events.pmfst.unist.hr\/sgsia23\/?page_id=26"},"modified":"2026-04-14T10:06:23","modified_gmt":"2026-04-14T10:06:23","slug":"participants","status":"publish","type":"page","link":"https:\/\/events.pmfst.unist.hr\/sgsia23\/participants\/","title":{"rendered":"Participants"},"content":{"rendered":"<div class=\"wpb-content-wrapper\">[vc_row][vc_column][\/vc_column][\/vc_row][vc_row][vc_column][vc_column_text margin_bottom=&#8221;0&#8243; css=&#8221;.vc_custom_1776161148759{margin-bottom: 0px !important;}&#8221;]\n<ul>\n<li data-section-id=\"il0hgn\" data-start=\"48\" data-end=\"67\">Gergely Ambrus<\/li>\n<li data-section-id=\"1o4z7qi\" data-start=\"68\" data-end=\"87\">Fabian Apostel<\/li>\n<li data-section-id=\"153yuoo\" data-start=\"88\" data-end=\"105\">Bojan Basrak<\/li>\n<li data-section-id=\"d0qjub\" data-start=\"106\" data-end=\"123\">Dominik Beck<\/li>\n<li data-section-id=\"1918a4m\" data-start=\"124\" data-end=\"145\">Christian Buchta<\/li>\n<li data-section-id=\"13lchcw\" data-start=\"146\" data-end=\"163\">Pierre Calka<\/li>\n<li data-section-id=\"1prru4t\" data-start=\"164\" data-end=\"179\">Ole Christ<\/li>\n<li data-section-id=\"7pp6lw\" data-start=\"180\" data-end=\"209\">Francisco Cuevas-Pacheco<\/li>\n<li data-section-id=\"13t4996\" data-start=\"210\" data-end=\"232\">Fran\u00e7ois d&#8217;Alayer<\/li>\n<li data-section-id=\"1kvoxtj\" data-start=\"233\" data-end=\"254\">Benjamin Dadoun<\/li>\n<li data-section-id=\"1m3bnpw\" data-start=\"255\" data-end=\"270\">Emil Dare<\/li>\n<li data-section-id=\"12knsoj\" data-start=\"271\" data-end=\"289\">Karambir Das<\/li>\n<li data-section-id=\"qs9cag\" data-start=\"290\" data-end=\"310\">Michel Davydov<\/li>\n<li data-section-id=\"1nyckiv\" data-start=\"311\" data-end=\"329\">Ferenc Fodor<\/li>\n<li data-section-id=\"1mr33ds\" data-start=\"330\" data-end=\"349\">Fabio Frommer<\/li>\n<li data-section-id=\"f4y8gk\" data-start=\"350\" data-end=\"370\">Roman Gambelin<\/li>\n<li data-section-id=\"1hqai4a\" data-start=\"371\" data-end=\"390\">Ritaman Ghosh<\/li>\n<li data-section-id=\"wbnetw\" data-start=\"391\" data-end=\"416\">Partha Pratim Ghosh<\/li>\n<li data-section-id=\"1v1874g\" data-start=\"417\" data-end=\"437\">Matthias Glock<\/li>\n<li data-section-id=\"1crwqut\" data-start=\"438\" data-end=\"461\">Bal\u00e1zs Gr\u00fcnfelder<\/li>\n<li data-section-id=\"serxxw\" data-start=\"462\" data-end=\"482\">Bernhard Hafer<\/li>\n<li data-section-id=\"s2eeo0\" data-start=\"483\" data-end=\"497\">Ute Hahn<\/li>\n<li data-section-id=\"6xw4rx\" data-start=\"498\" data-end=\"521\">Kate\u0159ina Helisov\u00e1<\/li>\n<li data-section-id=\"5gy8pb\" data-start=\"522\" data-end=\"546\">Krunoslav Ivanovi\u0107<\/li>\n<li data-section-id=\"1uqf3ij\" data-start=\"547\" data-end=\"572\">Sanjoy Kumar Jhawar<\/li>\n<li data-section-id=\"1t8vqwf\" data-start=\"573\" data-end=\"589\">Bochen Jin<\/li>\n<li data-section-id=\"khc9mz\" data-start=\"590\" data-end=\"611\">Markus Kiderlen<\/li>\n<li data-section-id=\"ijo1ju\" data-start=\"612\" data-end=\"635\">David Kramer-Bang<\/li>\n<li data-section-id=\"mhiq9c\" data-start=\"636\" data-end=\"654\">Guenter Last<\/li>\n<li data-section-id=\"1jbe6u3\" data-start=\"655\" data-end=\"687\">Marie-Colette van Lieshout<\/li>\n<li data-section-id=\"hq8x1b\" data-start=\"688\" data-end=\"703\">Luca Lotz<\/li>\n<li data-section-id=\"ewvig\" data-start=\"704\" data-end=\"730\">Francisco Mar\u00edn Sola<\/li>\n<li data-section-id=\"x6uxyc\" data-start=\"731\" data-end=\"754\">Gabriel Mastrilli<\/li>\n<li data-section-id=\"4wckrm\" data-start=\"755\" data-end=\"775\">Ilya Molchanov<\/li>\n<li data-section-id=\"1suiu6u\" data-start=\"776\" data-end=\"792\">Kinga Nagy<\/li>\n<li data-section-id=\"10k839w\" data-start=\"793\" data-end=\"820\">Florent Onana Assouga<\/li>\n<li data-section-id=\"s19hdc\" data-start=\"821\" data-end=\"837\">Hugo Panzo<\/li>\n<li data-section-id=\"1ffv6c1\" data-start=\"838\" data-end=\"865\">D\u00e1niel Istv\u00e1n Papv\u00e1ri<\/li>\n<li data-section-id=\"11tod3s\" data-start=\"866\" data-end=\"885\">Zbynek Pawlas<\/li>\n<li>Matteo Pegoraro<\/li>\n<li data-section-id=\"7m0orh\" data-start=\"886\" data-end=\"906\">Mathew Penrose<\/li>\n<li data-section-id=\"1wb4so0\" data-start=\"929\" data-end=\"952\">Martina Petr\u00e1kov\u00e1<\/li>\n<li data-section-id=\"18nd5ot\" data-start=\"953\" data-end=\"973\">Bogdan Radovi\u0107<\/li>\n<li data-section-id=\"fbd8d\" data-start=\"974\" data-end=\"997\">Matthias Reitzner<\/li>\n<li data-section-id=\"x9aqgh\" data-start=\"998\" data-end=\"1037\">Francisco Javier Rodr\u00edguez-Cort\u00e9s<\/li>\n<li data-section-id=\"1tzqgk8\" data-start=\"1038\" data-end=\"1058\">Arash Roostaei<\/li>\n<li data-section-id=\"puv0a5\" data-start=\"1059\" data-end=\"1080\">D\u00e1niel Schaffer<\/li>\n<li data-section-id=\"512oly\" data-start=\"1081\" data-end=\"1101\">Steffen Schlie<\/li>\n<li data-section-id=\"8vxyh5\" data-start=\"1102\" data-end=\"1124\">Matthias Schulte<\/li>\n<li data-section-id=\"70sbev\" data-start=\"1125\" data-end=\"1147\">Bettina Sereinig<\/li>\n<li data-section-id=\"8oqeby\" data-start=\"1148\" data-end=\"1171\">Panagiotis Spanos<\/li>\n<li data-section-id=\"1jpj4xv\" data-start=\"1172\" data-end=\"1190\">Jakub Stan\u011bk<\/li>\n<li data-section-id=\"1nj9lzg\" data-start=\"1191\" data-end=\"1208\">Radu Stoica<\/li>\n<li data-section-id=\"149xreb\" data-start=\"1209\" data-end=\"1231\">Anne Marie Svane<\/li>\n<li data-section-id=\"19pmwr9\" data-start=\"1232\" data-end=\"1251\">Stjepan \u0160ebek<\/li>\n<li data-section-id=\"1cz09pt\" data-start=\"1252\" data-end=\"1268\">Luka \u0160imek<\/li>\n<li data-section-id=\"1jetr0c\" data-start=\"1269\" data-end=\"1290\">Benjamin Taylor<\/li>\n<li data-section-id=\"i8xywn\" data-start=\"1291\" data-end=\"1312\">Christoph Th\u00e4le<\/li>\n<li data-section-id=\"1wrsdwa\" data-start=\"1313\" data-end=\"1334\">Tara Trauthwein<\/li>\n<li data-section-id=\"hyygwx\" data-start=\"1335\" data-end=\"1360\">Jeroen van Haastert<\/li>\n<li data-section-id=\"wbecv9\" data-start=\"1361\" data-end=\"1378\">Viktor V\u00edgh<\/li>\n<li data-section-id=\"135lvux\" data-start=\"1379\" data-end=\"1408\">Milena Vulevi\u0107 Pribudi\u0107<\/li>\n<li data-section-id=\"183w2rk\" data-start=\"1409\" data-end=\"1428\">Joseph Yukich<\/li>\n<li data-section-id=\"1geupci\" data-start=\"1429\" data-end=\"1446\">Petra \u017dugec<\/li>\n<\/ul>\n[\/vc_column_text][\/vc_column][\/vc_row]\n<\/div>","protected":false},"excerpt":{"rendered":"<p>[vc_row][vc_column][\/vc_column][\/vc_row][vc_row][vc_column][vc_column_text margin_bottom=&#8221;0&#8243; css=&#8221;.vc_custom_1776161148759{margin-bottom: 0px !important;}&#8221;] Gergely Ambrus Fabian Apostel Bojan Basrak Dominik Beck Christian Buchta Pierre Calka Ole Christ Francisco Cuevas-Pacheco Fran\u00e7ois d&#8217;Alayer Benjamin Dadoun Emil Dare Karambir Das Michel Davydov Ferenc Fodor Fabio Frommer Roman Gambelin Ritaman Ghosh Partha Pratim Ghosh Matthias Glock Bal\u00e1zs Gr\u00fcnfelder Bernhard Hafer Ute Hahn Kate\u0159ina Helisov\u00e1 Krunoslav Ivanovi\u0107 Sanjoy [&hellip;]<\/p>\n","protected":false},"author":1,"featured_media":0,"parent":0,"menu_order":0,"comment_status":"closed","ping_status":"closed","template":"","meta":{"footnotes":""},"class_list":["post-26","page","type-page","status-publish","hentry"],"yoast_head":"<!-- This site is optimized with the Yoast SEO plugin v26.9 - https:\/\/yoast.com\/product\/yoast-seo-wordpress\/ -->\n<title>Participants - 23rd Workshop on Stochastic Geometry, Stereology and Image Analysis in the beautiful coastal city of Split, Croatia.<\/title>\n<meta name=\"robots\" content=\"index, follow, max-snippet:-1, max-image-preview:large, max-video-preview:-1\" \/>\n<link rel=\"canonical\" href=\"https:\/\/events.pmfst.unist.hr\/sgsia23\/participants\/\" \/>\n<meta property=\"og:locale\" content=\"en_US\" \/>\n<meta property=\"og:type\" content=\"article\" \/>\n<meta property=\"og:title\" content=\"Participants - 23rd Workshop on Stochastic Geometry, Stereology and Image Analysis in the beautiful coastal city of Split, Croatia.\" \/>\n<meta property=\"og:description\" content=\"[vc_row][vc_column][\/vc_column][\/vc_row][vc_row][vc_column][vc_column_text margin_bottom=&#8221;0&#8243; css=&#8221;.vc_custom_1776161148759{margin-bottom: 0px !important;}&#8221;] Gergely Ambrus Fabian Apostel Bojan Basrak Dominik Beck Christian Buchta Pierre Calka Ole Christ Francisco Cuevas-Pacheco Fran\u00e7ois d&#8217;Alayer Benjamin Dadoun Emil Dare Karambir Das Michel Davydov Ferenc Fodor Fabio Frommer Roman Gambelin Ritaman Ghosh Partha Pratim Ghosh Matthias Glock Bal\u00e1zs Gr\u00fcnfelder Bernhard Hafer Ute Hahn Kate\u0159ina Helisov\u00e1 Krunoslav Ivanovi\u0107 Sanjoy [&hellip;]\" \/>\n<meta property=\"og:url\" content=\"https:\/\/events.pmfst.unist.hr\/sgsia23\/participants\/\" \/>\n<meta property=\"og:site_name\" content=\"23rd Workshop on Stochastic Geometry, Stereology and Image Analysis in the beautiful coastal city of Split, Croatia.\" \/>\n<meta property=\"article:modified_time\" content=\"2026-04-14T10:06:23+00:00\" \/>\n<meta name=\"twitter:card\" content=\"summary_large_image\" \/>\n<meta name=\"twitter:label1\" content=\"Est. reading time\" \/>\n\t<meta name=\"twitter:data1\" content=\"1 minute\" \/>\n<script type=\"application\/ld+json\" class=\"yoast-schema-graph\">{\"@context\":\"https:\/\/schema.org\",\"@graph\":[{\"@type\":\"WebPage\",\"@id\":\"https:\/\/events.pmfst.unist.hr\/sgsia23\/participants\/\",\"url\":\"https:\/\/events.pmfst.unist.hr\/sgsia23\/participants\/\",\"name\":\"Participants - 23rd Workshop on Stochastic Geometry, Stereology and Image Analysis in the beautiful coastal city of Split, Croatia.\",\"isPartOf\":{\"@id\":\"https:\/\/events.pmfst.unist.hr\/sgsia23\/#website\"},\"datePublished\":\"2025-11-20T11:11:32+00:00\",\"dateModified\":\"2026-04-14T10:06:23+00:00\",\"breadcrumb\":{\"@id\":\"https:\/\/events.pmfst.unist.hr\/sgsia23\/participants\/#breadcrumb\"},\"inLanguage\":\"en-US\",\"potentialAction\":[{\"@type\":\"ReadAction\",\"target\":[\"https:\/\/events.pmfst.unist.hr\/sgsia23\/participants\/\"]}]},{\"@type\":\"BreadcrumbList\",\"@id\":\"https:\/\/events.pmfst.unist.hr\/sgsia23\/participants\/#breadcrumb\",\"itemListElement\":[{\"@type\":\"ListItem\",\"position\":1,\"name\":\"Home\",\"item\":\"https:\/\/events.pmfst.unist.hr\/sgsia23\/\"},{\"@type\":\"ListItem\",\"position\":2,\"name\":\"Participants\"}]},{\"@type\":\"WebSite\",\"@id\":\"https:\/\/events.pmfst.unist.hr\/sgsia23\/#website\",\"url\":\"https:\/\/events.pmfst.unist.hr\/sgsia23\/\",\"name\":\"23rd Workshop on Stochastic Geometry, Stereology and Image Analysis in the beautiful coastal city of Split, Croatia.\",\"description\":\"\",\"publisher\":{\"@id\":\"https:\/\/events.pmfst.unist.hr\/sgsia23\/#organization\"},\"potentialAction\":[{\"@type\":\"SearchAction\",\"target\":{\"@type\":\"EntryPoint\",\"urlTemplate\":\"https:\/\/events.pmfst.unist.hr\/sgsia23\/?s={search_term_string}\"},\"query-input\":{\"@type\":\"PropertyValueSpecification\",\"valueRequired\":true,\"valueName\":\"search_term_string\"}}],\"inLanguage\":\"en-US\"},{\"@type\":\"Organization\",\"@id\":\"https:\/\/events.pmfst.unist.hr\/sgsia23\/#organization\",\"name\":\"23rd Workshop on Stochastic Geometry, Stereology and Image Analysis in the beautiful coastal city of Split, Croatia.\",\"url\":\"https:\/\/events.pmfst.unist.hr\/sgsia23\/\",\"logo\":{\"@type\":\"ImageObject\",\"inLanguage\":\"en-US\",\"@id\":\"https:\/\/events.pmfst.unist.hr\/sgsia23\/#\/schema\/logo\/image\/\",\"url\":\"https:\/\/events.pmfst.unist.hr\/phyphi\/wp-content\/uploads\/sites\/2\/2022\/06\/logo.png\",\"contentUrl\":\"https:\/\/events.pmfst.unist.hr\/phyphi\/wp-content\/uploads\/sites\/2\/2022\/06\/logo.png\",\"width\":75,\"height\":128,\"caption\":\"23rd Workshop on Stochastic Geometry, Stereology and Image Analysis in the beautiful coastal city of Split, Croatia.\"},\"image\":{\"@id\":\"https:\/\/events.pmfst.unist.hr\/sgsia23\/#\/schema\/logo\/image\/\"}}]}<\/script>\n<!-- \/ Yoast SEO plugin. -->","yoast_head_json":{"title":"Participants - 23rd Workshop on Stochastic Geometry, Stereology and Image Analysis in the beautiful coastal city of Split, Croatia.","robots":{"index":"index","follow":"follow","max-snippet":"max-snippet:-1","max-image-preview":"max-image-preview:large","max-video-preview":"max-video-preview:-1"},"canonical":"https:\/\/events.pmfst.unist.hr\/sgsia23\/participants\/","og_locale":"en_US","og_type":"article","og_title":"Participants - 23rd Workshop on Stochastic Geometry, Stereology and Image Analysis in the beautiful coastal city of Split, Croatia.","og_description":"[vc_row][vc_column][\/vc_column][\/vc_row][vc_row][vc_column][vc_column_text margin_bottom=&#8221;0&#8243; css=&#8221;.vc_custom_1776161148759{margin-bottom: 0px !important;}&#8221;] Gergely Ambrus Fabian Apostel Bojan Basrak Dominik Beck Christian Buchta Pierre Calka Ole Christ Francisco Cuevas-Pacheco Fran\u00e7ois d&#8217;Alayer Benjamin Dadoun Emil Dare Karambir Das Michel Davydov Ferenc Fodor Fabio Frommer Roman Gambelin Ritaman Ghosh Partha Pratim Ghosh Matthias Glock Bal\u00e1zs Gr\u00fcnfelder Bernhard Hafer Ute Hahn Kate\u0159ina Helisov\u00e1 Krunoslav Ivanovi\u0107 Sanjoy [&hellip;]","og_url":"https:\/\/events.pmfst.unist.hr\/sgsia23\/participants\/","og_site_name":"23rd Workshop on Stochastic Geometry, Stereology and Image Analysis in the beautiful coastal city of Split, Croatia.","article_modified_time":"2026-04-14T10:06:23+00:00","twitter_card":"summary_large_image","twitter_misc":{"Est. reading time":"1 minute"},"schema":{"@context":"https:\/\/schema.org","@graph":[{"@type":"WebPage","@id":"https:\/\/events.pmfst.unist.hr\/sgsia23\/participants\/","url":"https:\/\/events.pmfst.unist.hr\/sgsia23\/participants\/","name":"Participants - 23rd Workshop on Stochastic Geometry, Stereology and Image Analysis in the beautiful coastal city of Split, Croatia.","isPartOf":{"@id":"https:\/\/events.pmfst.unist.hr\/sgsia23\/#website"},"datePublished":"2025-11-20T11:11:32+00:00","dateModified":"2026-04-14T10:06:23+00:00","breadcrumb":{"@id":"https:\/\/events.pmfst.unist.hr\/sgsia23\/participants\/#breadcrumb"},"inLanguage":"en-US","potentialAction":[{"@type":"ReadAction","target":["https:\/\/events.pmfst.unist.hr\/sgsia23\/participants\/"]}]},{"@type":"BreadcrumbList","@id":"https:\/\/events.pmfst.unist.hr\/sgsia23\/participants\/#breadcrumb","itemListElement":[{"@type":"ListItem","position":1,"name":"Home","item":"https:\/\/events.pmfst.unist.hr\/sgsia23\/"},{"@type":"ListItem","position":2,"name":"Participants"}]},{"@type":"WebSite","@id":"https:\/\/events.pmfst.unist.hr\/sgsia23\/#website","url":"https:\/\/events.pmfst.unist.hr\/sgsia23\/","name":"23rd Workshop on Stochastic Geometry, Stereology and Image Analysis in the beautiful coastal city of Split, Croatia.","description":"","publisher":{"@id":"https:\/\/events.pmfst.unist.hr\/sgsia23\/#organization"},"potentialAction":[{"@type":"SearchAction","target":{"@type":"EntryPoint","urlTemplate":"https:\/\/events.pmfst.unist.hr\/sgsia23\/?s={search_term_string}"},"query-input":{"@type":"PropertyValueSpecification","valueRequired":true,"valueName":"search_term_string"}}],"inLanguage":"en-US"},{"@type":"Organization","@id":"https:\/\/events.pmfst.unist.hr\/sgsia23\/#organization","name":"23rd Workshop on Stochastic Geometry, Stereology and Image Analysis in the beautiful coastal city of Split, Croatia.","url":"https:\/\/events.pmfst.unist.hr\/sgsia23\/","logo":{"@type":"ImageObject","inLanguage":"en-US","@id":"https:\/\/events.pmfst.unist.hr\/sgsia23\/#\/schema\/logo\/image\/","url":"https:\/\/events.pmfst.unist.hr\/phyphi\/wp-content\/uploads\/sites\/2\/2022\/06\/logo.png","contentUrl":"https:\/\/events.pmfst.unist.hr\/phyphi\/wp-content\/uploads\/sites\/2\/2022\/06\/logo.png","width":75,"height":128,"caption":"23rd Workshop on Stochastic Geometry, Stereology and Image Analysis in the beautiful coastal city of Split, Croatia."},"image":{"@id":"https:\/\/events.pmfst.unist.hr\/sgsia23\/#\/schema\/logo\/image\/"}}]}},"_links":{"self":[{"href":"https:\/\/events.pmfst.unist.hr\/sgsia23\/wp-json\/wp\/v2\/pages\/26","targetHints":{"allow":["GET"]}}],"collection":[{"href":"https:\/\/events.pmfst.unist.hr\/sgsia23\/wp-json\/wp\/v2\/pages"}],"about":[{"href":"https:\/\/events.pmfst.unist.hr\/sgsia23\/wp-json\/wp\/v2\/types\/page"}],"author":[{"embeddable":true,"href":"https:\/\/events.pmfst.unist.hr\/sgsia23\/wp-json\/wp\/v2\/users\/1"}],"replies":[{"embeddable":true,"href":"https:\/\/events.pmfst.unist.hr\/sgsia23\/wp-json\/wp\/v2\/comments?post=26"}],"version-history":[{"count":5,"href":"https:\/\/events.pmfst.unist.hr\/sgsia23\/wp-json\/wp\/v2\/pages\/26\/revisions"}],"predecessor-version":[{"id":99,"href":"https:\/\/events.pmfst.unist.hr\/sgsia23\/wp-json\/wp\/v2\/pages\/26\/revisions\/99"}],"wp:attachment":[{"href":"https:\/\/events.pmfst.unist.hr\/sgsia23\/wp-json\/wp\/v2\/media?parent=26"}],"curies":[{"name":"wp","href":"https:\/\/api.w.org\/{rel}","templated":true}]}}