{"id":15,"date":"2025-11-20T11:08:57","date_gmt":"2025-11-20T11:08:57","guid":{"rendered":"https:\/\/events.pmfst.unist.hr\/sgsia23\/?page_id=15"},"modified":"2026-02-23T11:35:21","modified_gmt":"2026-02-23T11:35:21","slug":"venue-transportation","status":"publish","type":"page","link":"https:\/\/events.pmfst.unist.hr\/sgsia23\/venue-transportation\/","title":{"rendered":"Venue &amp; Transportation"},"content":{"rendered":"<div class=\"wpb-content-wrapper\">[vc_row][vc_column][\/vc_column][\/vc_row][vc_row][vc_column width=&#8221;1\/2&#8243;][vc_column_text margin_bottom=&#8221;0&#8243; css=&#8221;.vc_custom_1771846335510{margin-bottom: 0px !important;}&#8221;]\n<h3>Conference Venue<\/h3>\n<p>The conference will be held at MedILS.<\/p>\n<p><a href=\"https:\/\/www.medils.org\/\">MedILS<\/a><br \/>\n\ud83d\udccd Me\u0161trovi\u0107evo \u0161etali\u0161te 45<\/p>\n<p>University of Split<\/p>\n<p>MedILS is about a 30-minute pleasant walk from the city center.<\/p>\n<p>You can also reach the venue by city bus number 12 (the ticket costs 1\u20ac) or using Uber (cheaper option than a city taxi).<\/p>\n<p>For the schedule of bus number 12, visit the <a href=\"https:\/\/www.promet-split.hr\/\" target=\"_blank\" rel=\"noopener\">Promet Split website<\/a>. You can also download the Promet Split application to see bus routes and their current locations.[\/vc_column_text][\/vc_column][vc_column width=&#8221;1\/2&#8243;][vc_column_text margin_bottom=&#8221;0&#8243; css=&#8221;.vc_custom_1771846520111{margin-bottom: 0px !important;}&#8221;]\n<h3>Transportation<\/h3>\n<p>\u2708\ufe0f Airport:<br \/>\nSplit Airport (SPU) &#8211; 25km from city center<br \/>\n\ud83d\ude8c Public Transport:<br \/>\nUse bus number 37 to go from the airport to the city center. Visit the <a href=\"https:\/\/www.promet-split.hr\/\" target=\"_blank\" rel=\"noopener\">Promet Split website<\/a> for more information about routes and schedules. Also, Croatia Airlines provides a bus directly from the airport exit station to the main bus station in Split. Taxi is also available, we suggest using Uber.<\/p>\n<p>\ud83c\udfe8 Accommodation:<br \/>\n**Accommodation at MedILS is not available for booking, so you need to arrange your own accommodation.<\/p>\n<p>We recommend the following options:<\/p>\n<p><a href=\"https:\/\/hotelcvita.com\/\">Hotel Cvita<\/a><\/p>\n<p><a href=\"https:\/\/hoteljadran.eu\/en\/\">Hotel Jadran<\/a><\/p>\n<p>There are also many private apartments avaliable for rent. It is best to find accommodation either in the city center or in the Meje neighborhood.[\/vc_column_text][\/vc_column][\/vc_row]\n<\/div>","protected":false},"excerpt":{"rendered":"<p>[vc_row][vc_column][\/vc_column][\/vc_row][vc_row][vc_column width=&#8221;1\/2&#8243;][vc_column_text margin_bottom=&#8221;0&#8243; css=&#8221;.vc_custom_1771846335510{margin-bottom: 0px !important;}&#8221;] Conference Venue The conference will be held at MedILS. MedILS \ud83d\udccd Me\u0161trovi\u0107evo \u0161etali\u0161te 45 University of Split MedILS is about a 30-minute pleasant walk from the city center. You can also reach the venue by city bus number 12 (the ticket costs 1\u20ac) or using Uber (cheaper option than [&hellip;]<\/p>\n","protected":false},"author":1,"featured_media":0,"parent":0,"menu_order":0,"comment_status":"closed","ping_status":"closed","template":"","meta":{"footnotes":""},"class_list":["post-15","page","type-page","status-publish","hentry"],"yoast_head":"<!-- This site is optimized with the Yoast SEO plugin v26.9 - https:\/\/yoast.com\/product\/yoast-seo-wordpress\/ -->\n<title>Venue &amp; Transportation - 23rd Workshop on Stochastic Geometry, Stereology and Image Analysis in the beautiful coastal city of Split, Croatia.<\/title>\n<meta name=\"robots\" content=\"index, follow, max-snippet:-1, max-image-preview:large, max-video-preview:-1\" \/>\n<link rel=\"canonical\" href=\"https:\/\/events.pmfst.unist.hr\/sgsia23\/venue-transportation\/\" \/>\n<meta property=\"og:locale\" content=\"en_US\" \/>\n<meta property=\"og:type\" content=\"article\" \/>\n<meta property=\"og:title\" content=\"Venue &amp; Transportation - 23rd Workshop on Stochastic Geometry, Stereology and Image Analysis in the beautiful coastal city of Split, Croatia.\" \/>\n<meta property=\"og:description\" content=\"[vc_row][vc_column][\/vc_column][\/vc_row][vc_row][vc_column width=&#8221;1\/2&#8243;][vc_column_text margin_bottom=&#8221;0&#8243; css=&#8221;.vc_custom_1771846335510{margin-bottom: 0px !important;}&#8221;] Conference Venue The conference will be held at MedILS. MedILS \ud83d\udccd Me\u0161trovi\u0107evo \u0161etali\u0161te 45 University of Split MedILS is about a 30-minute pleasant walk from the city center. You can also reach the venue by city bus number 12 (the ticket costs 1\u20ac) or using Uber (cheaper option than [&hellip;]\" \/>\n<meta property=\"og:url\" content=\"https:\/\/events.pmfst.unist.hr\/sgsia23\/venue-transportation\/\" \/>\n<meta property=\"og:site_name\" content=\"23rd Workshop on Stochastic Geometry, Stereology and Image Analysis in the beautiful coastal city of Split, Croatia.\" \/>\n<meta property=\"article:modified_time\" content=\"2026-02-23T11:35:21+00:00\" \/>\n<meta name=\"twitter:card\" content=\"summary_large_image\" \/>\n<meta name=\"twitter:label1\" content=\"Est. reading time\" \/>\n\t<meta name=\"twitter:data1\" content=\"1 minute\" \/>\n<script type=\"application\/ld+json\" class=\"yoast-schema-graph\">{\"@context\":\"https:\/\/schema.org\",\"@graph\":[{\"@type\":\"WebPage\",\"@id\":\"https:\/\/events.pmfst.unist.hr\/sgsia23\/venue-transportation\/\",\"url\":\"https:\/\/events.pmfst.unist.hr\/sgsia23\/venue-transportation\/\",\"name\":\"Venue &amp; Transportation - 23rd Workshop on Stochastic Geometry, Stereology and Image Analysis in the beautiful coastal city of Split, Croatia.\",\"isPartOf\":{\"@id\":\"https:\/\/events.pmfst.unist.hr\/sgsia23\/#website\"},\"datePublished\":\"2025-11-20T11:08:57+00:00\",\"dateModified\":\"2026-02-23T11:35:21+00:00\",\"breadcrumb\":{\"@id\":\"https:\/\/events.pmfst.unist.hr\/sgsia23\/venue-transportation\/#breadcrumb\"},\"inLanguage\":\"en-US\",\"potentialAction\":[{\"@type\":\"ReadAction\",\"target\":[\"https:\/\/events.pmfst.unist.hr\/sgsia23\/venue-transportation\/\"]}]},{\"@type\":\"BreadcrumbList\",\"@id\":\"https:\/\/events.pmfst.unist.hr\/sgsia23\/venue-transportation\/#breadcrumb\",\"itemListElement\":[{\"@type\":\"ListItem\",\"position\":1,\"name\":\"Home\",\"item\":\"https:\/\/events.pmfst.unist.hr\/sgsia23\/\"},{\"@type\":\"ListItem\",\"position\":2,\"name\":\"Venue &amp; Transportation\"}]},{\"@type\":\"WebSite\",\"@id\":\"https:\/\/events.pmfst.unist.hr\/sgsia23\/#website\",\"url\":\"https:\/\/events.pmfst.unist.hr\/sgsia23\/\",\"name\":\"23rd Workshop on Stochastic Geometry, Stereology and Image Analysis in the beautiful coastal city of Split, Croatia.\",\"description\":\"\",\"publisher\":{\"@id\":\"https:\/\/events.pmfst.unist.hr\/sgsia23\/#organization\"},\"potentialAction\":[{\"@type\":\"SearchAction\",\"target\":{\"@type\":\"EntryPoint\",\"urlTemplate\":\"https:\/\/events.pmfst.unist.hr\/sgsia23\/?s={search_term_string}\"},\"query-input\":{\"@type\":\"PropertyValueSpecification\",\"valueRequired\":true,\"valueName\":\"search_term_string\"}}],\"inLanguage\":\"en-US\"},{\"@type\":\"Organization\",\"@id\":\"https:\/\/events.pmfst.unist.hr\/sgsia23\/#organization\",\"name\":\"23rd Workshop on Stochastic Geometry, Stereology and Image Analysis in the beautiful coastal city of Split, Croatia.\",\"url\":\"https:\/\/events.pmfst.unist.hr\/sgsia23\/\",\"logo\":{\"@type\":\"ImageObject\",\"inLanguage\":\"en-US\",\"@id\":\"https:\/\/events.pmfst.unist.hr\/sgsia23\/#\/schema\/logo\/image\/\",\"url\":\"https:\/\/events.pmfst.unist.hr\/phyphi\/wp-content\/uploads\/sites\/2\/2022\/06\/logo.png\",\"contentUrl\":\"https:\/\/events.pmfst.unist.hr\/phyphi\/wp-content\/uploads\/sites\/2\/2022\/06\/logo.png\",\"width\":75,\"height\":128,\"caption\":\"23rd Workshop on Stochastic Geometry, Stereology and Image Analysis in the beautiful coastal city of Split, Croatia.\"},\"image\":{\"@id\":\"https:\/\/events.pmfst.unist.hr\/sgsia23\/#\/schema\/logo\/image\/\"}}]}<\/script>\n<!-- \/ Yoast SEO plugin. -->","yoast_head_json":{"title":"Venue &amp; Transportation - 23rd Workshop on Stochastic Geometry, Stereology and Image Analysis in the beautiful coastal city of Split, Croatia.","robots":{"index":"index","follow":"follow","max-snippet":"max-snippet:-1","max-image-preview":"max-image-preview:large","max-video-preview":"max-video-preview:-1"},"canonical":"https:\/\/events.pmfst.unist.hr\/sgsia23\/venue-transportation\/","og_locale":"en_US","og_type":"article","og_title":"Venue &amp; Transportation - 23rd Workshop on Stochastic Geometry, Stereology and Image Analysis in the beautiful coastal city of Split, Croatia.","og_description":"[vc_row][vc_column][\/vc_column][\/vc_row][vc_row][vc_column width=&#8221;1\/2&#8243;][vc_column_text margin_bottom=&#8221;0&#8243; css=&#8221;.vc_custom_1771846335510{margin-bottom: 0px !important;}&#8221;] Conference Venue The conference will be held at MedILS. MedILS \ud83d\udccd Me\u0161trovi\u0107evo \u0161etali\u0161te 45 University of Split MedILS is about a 30-minute pleasant walk from the city center. You can also reach the venue by city bus number 12 (the ticket costs 1\u20ac) or using Uber (cheaper option than [&hellip;]","og_url":"https:\/\/events.pmfst.unist.hr\/sgsia23\/venue-transportation\/","og_site_name":"23rd Workshop on Stochastic Geometry, Stereology and Image Analysis in the beautiful coastal city of Split, Croatia.","article_modified_time":"2026-02-23T11:35:21+00:00","twitter_card":"summary_large_image","twitter_misc":{"Est. reading time":"1 minute"},"schema":{"@context":"https:\/\/schema.org","@graph":[{"@type":"WebPage","@id":"https:\/\/events.pmfst.unist.hr\/sgsia23\/venue-transportation\/","url":"https:\/\/events.pmfst.unist.hr\/sgsia23\/venue-transportation\/","name":"Venue &amp; Transportation - 23rd Workshop on Stochastic Geometry, Stereology and Image Analysis in the beautiful coastal city of Split, Croatia.","isPartOf":{"@id":"https:\/\/events.pmfst.unist.hr\/sgsia23\/#website"},"datePublished":"2025-11-20T11:08:57+00:00","dateModified":"2026-02-23T11:35:21+00:00","breadcrumb":{"@id":"https:\/\/events.pmfst.unist.hr\/sgsia23\/venue-transportation\/#breadcrumb"},"inLanguage":"en-US","potentialAction":[{"@type":"ReadAction","target":["https:\/\/events.pmfst.unist.hr\/sgsia23\/venue-transportation\/"]}]},{"@type":"BreadcrumbList","@id":"https:\/\/events.pmfst.unist.hr\/sgsia23\/venue-transportation\/#breadcrumb","itemListElement":[{"@type":"ListItem","position":1,"name":"Home","item":"https:\/\/events.pmfst.unist.hr\/sgsia23\/"},{"@type":"ListItem","position":2,"name":"Venue &amp; Transportation"}]},{"@type":"WebSite","@id":"https:\/\/events.pmfst.unist.hr\/sgsia23\/#website","url":"https:\/\/events.pmfst.unist.hr\/sgsia23\/","name":"23rd Workshop on Stochastic Geometry, Stereology and Image Analysis in the beautiful coastal city of Split, Croatia.","description":"","publisher":{"@id":"https:\/\/events.pmfst.unist.hr\/sgsia23\/#organization"},"potentialAction":[{"@type":"SearchAction","target":{"@type":"EntryPoint","urlTemplate":"https:\/\/events.pmfst.unist.hr\/sgsia23\/?s={search_term_string}"},"query-input":{"@type":"PropertyValueSpecification","valueRequired":true,"valueName":"search_term_string"}}],"inLanguage":"en-US"},{"@type":"Organization","@id":"https:\/\/events.pmfst.unist.hr\/sgsia23\/#organization","name":"23rd Workshop on Stochastic Geometry, Stereology and Image Analysis in the beautiful coastal city of Split, Croatia.","url":"https:\/\/events.pmfst.unist.hr\/sgsia23\/","logo":{"@type":"ImageObject","inLanguage":"en-US","@id":"https:\/\/events.pmfst.unist.hr\/sgsia23\/#\/schema\/logo\/image\/","url":"https:\/\/events.pmfst.unist.hr\/phyphi\/wp-content\/uploads\/sites\/2\/2022\/06\/logo.png","contentUrl":"https:\/\/events.pmfst.unist.hr\/phyphi\/wp-content\/uploads\/sites\/2\/2022\/06\/logo.png","width":75,"height":128,"caption":"23rd Workshop on Stochastic Geometry, Stereology and Image Analysis in the beautiful coastal city of Split, Croatia."},"image":{"@id":"https:\/\/events.pmfst.unist.hr\/sgsia23\/#\/schema\/logo\/image\/"}}]}},"_links":{"self":[{"href":"https:\/\/events.pmfst.unist.hr\/sgsia23\/wp-json\/wp\/v2\/pages\/15","targetHints":{"allow":["GET"]}}],"collection":[{"href":"https:\/\/events.pmfst.unist.hr\/sgsia23\/wp-json\/wp\/v2\/pages"}],"about":[{"href":"https:\/\/events.pmfst.unist.hr\/sgsia23\/wp-json\/wp\/v2\/types\/page"}],"author":[{"embeddable":true,"href":"https:\/\/events.pmfst.unist.hr\/sgsia23\/wp-json\/wp\/v2\/users\/1"}],"replies":[{"embeddable":true,"href":"https:\/\/events.pmfst.unist.hr\/sgsia23\/wp-json\/wp\/v2\/comments?post=15"}],"version-history":[{"count":6,"href":"https:\/\/events.pmfst.unist.hr\/sgsia23\/wp-json\/wp\/v2\/pages\/15\/revisions"}],"predecessor-version":[{"id":85,"href":"https:\/\/events.pmfst.unist.hr\/sgsia23\/wp-json\/wp\/v2\/pages\/15\/revisions\/85"}],"wp:attachment":[{"href":"https:\/\/events.pmfst.unist.hr\/sgsia23\/wp-json\/wp\/v2\/media?parent=15"}],"curies":[{"name":"wp","href":"https:\/\/api.w.org\/{rel}","templated":true}]}}