{"id":7,"date":"2023-11-15T11:08:50","date_gmt":"2023-11-15T11:08:50","guid":{"rendered":"https:\/\/events.pmfst.unist.hr\/promath2024\/?page_id=7"},"modified":"2024-09-19T13:32:56","modified_gmt":"2024-09-19T13:32:56","slug":"23rd-conference-on-problem-solving-in-mathematics-education","status":"publish","type":"page","link":"https:\/\/events.pmfst.unist.hr\/promath2024\/","title":{"rendered":"Promath2024"},"content":{"rendered":"<div class=\"wpb-content-wrapper\">[vc_row][vc_column][mk_image src=&#8221;https:\/\/events.pmfst.unist.hr\/promath2024\/wp-content\/uploads\/sites\/3\/2024\/09\/promath-all-together-za-naslovnu.jpg&#8221; image_size=&#8221;full&#8221;][\/vc_column][\/vc_row][vc_row css=&#8221;.vc_custom_1726752704954{background-color: #FFFFFF !important;}&#8221;][vc_column][vc_empty_space][vc_column_text css=&#8221;.vc_custom_1704960378066{margin-bottom: 0px !important;}&#8221;]\n<p style=\"text-align: center;\">It is our pleasure to invite you to the<\/p>\n<h3 style=\"text-align: center;\">23rd conference on Problem Solving in Mathematics Education<br \/>\nProMath 2024<\/h3>\n<p style=\"text-align: center;\">organized by the Faculty of Science, Split, Croatia. The conference will be held from <strong>September 4th to September 5th, 2024<br \/>\n<\/strong>\u00a0at the\u00a0Faculty of science, Split (Ru\u0111era Bo\u0161kovi\u0107a 33, 21000 Split).<\/p>\n[\/vc_column_text][vc_column_text css=&#8221;.vc_custom_1702539837504{margin-bottom: 0px !important;}&#8221;]The aim of the conference is to provide a discussion forum and to present research results in the field of problem solving. In the ProMath spirit we will provide enough time to engage in in-depth discussions after each presentation.<br \/>\nThe theme for the conference is<\/p>\n<h3 style=\"text-align: center;\">Problem solving in mathematics education<\/h3>\n[\/vc_column_text][vc_empty_space][vc_column_text css=&#8221;.vc_custom_1701933826934{margin-bottom: 0px !important;}&#8221;]We are very happy to announce that the plenary talk will be given by[\/vc_column_text][mk_employees column=&#8221;1&#8243; custom_image_size=&#8221;true&#8221; image_width=&#8221;200&#8243; image_height=&#8221;200&#8243; grayscale_image=&#8221;false&#8221; order=&#8221;ASC&#8221;][\/vc_column][\/vc_row]\n<\/div>","protected":false},"excerpt":{"rendered":"<p>[vc_row][vc_column][mk_image src=&#8221;https:\/\/events.pmfst.unist.hr\/promath2024\/wp-content\/uploads\/sites\/3\/2024\/09\/promath-all-together-za-naslovnu.jpg&#8221; image_size=&#8221;full&#8221;][\/vc_column][\/vc_row][vc_row css=&#8221;.vc_custom_1726752704954{background-color: #FFFFFF !important;}&#8221;][vc_column][vc_empty_space][vc_column_text css=&#8221;.vc_custom_1704960378066{margin-bottom: 0px !important;}&#8221;] It is our pleasure to invite you to the 23rd conference on Problem Solving in Mathematics Education ProMath 2024 organized by the Faculty of Science, Split, Croatia. The conference will be held from September 4th to September 5th, 2024 \u00a0at the\u00a0Faculty of science, Split (Ru\u0111era Bo\u0161kovi\u0107a [&hellip;]<\/p>\n","protected":false},"author":1,"featured_media":0,"parent":0,"menu_order":0,"comment_status":"closed","ping_status":"closed","template":"","meta":{"footnotes":""},"class_list":["post-7","page","type-page","status-publish","hentry"],"yoast_head":"<!-- This site is optimized with the Yoast SEO plugin v27.5 - https:\/\/yoast.com\/product\/yoast-seo-wordpress\/ -->\n<title>Promath2024 - ProMath 2024 23rd conference on Problem Solving in Mathematics Education<\/title>\n<meta name=\"description\" content=\"23rd conference on Problem Solving in Mathematics Education \u2013 ProMath 2024 \u2013 organized by the Faculty of Science, Split, Croatia. The conference will be held from September 4th to September 6th, 2024 at the Faculty of science, Split (Ru\u0111era Bo\u0161kovi\u0107a 33, 21000 Split).\" \/>\n<meta name=\"robots\" content=\"index, follow, max-snippet:-1, max-image-preview:large, max-video-preview:-1\" \/>\n<link rel=\"canonical\" href=\"https:\/\/events.pmfst.unist.hr\/promath2024\/\" \/>\n<meta property=\"og:locale\" content=\"en_US\" \/>\n<meta property=\"og:type\" content=\"article\" \/>\n<meta property=\"og:title\" content=\"Promath2024 - ProMath 2024 23rd conference on Problem Solving in Mathematics Education\" \/>\n<meta property=\"og:description\" content=\"23rd conference on Problem Solving in Mathematics Education \u2013 ProMath 2024 \u2013 organized by the Faculty of Science, Split, Croatia. The conference will be held from September 4th to September 6th, 2024 at the Faculty of science, Split (Ru\u0111era Bo\u0161kovi\u0107a 33, 21000 Split).\" \/>\n<meta property=\"og:url\" content=\"https:\/\/events.pmfst.unist.hr\/promath2024\/\" \/>\n<meta property=\"og:site_name\" content=\"ProMath 2024 23rd conference on Problem Solving in Mathematics Education\" \/>\n<meta property=\"article:modified_time\" content=\"2024-09-19T13:32:56+00:00\" \/>\n<meta name=\"twitter:card\" content=\"summary_large_image\" \/>\n<meta name=\"twitter:label1\" content=\"Est. reading time\" \/>\n\t<meta name=\"twitter:data1\" content=\"1 minute\" \/>\n<script type=\"application\/ld+json\" class=\"yoast-schema-graph\">{\"@context\":\"https:\\\/\\\/schema.org\",\"@graph\":[{\"@type\":\"WebPage\",\"@id\":\"https:\\\/\\\/events.pmfst.unist.hr\\\/promath2024\\\/\",\"url\":\"https:\\\/\\\/events.pmfst.unist.hr\\\/promath2024\\\/\",\"name\":\"Promath2024 - ProMath 2024 23rd conference on Problem Solving in Mathematics Education\",\"isPartOf\":{\"@id\":\"https:\\\/\\\/events.pmfst.unist.hr\\\/promath2024\\\/#website\"},\"datePublished\":\"2023-11-15T11:08:50+00:00\",\"dateModified\":\"2024-09-19T13:32:56+00:00\",\"description\":\"23rd conference on Problem Solving in Mathematics Education \u2013 ProMath 2024 \u2013 organized by the Faculty of Science, Split, Croatia. The conference will be held from September 4th to September 6th, 2024 at the Faculty of science, Split (Ru\u0111era Bo\u0161kovi\u0107a 33, 21000 Split).\",\"breadcrumb\":{\"@id\":\"https:\\\/\\\/events.pmfst.unist.hr\\\/promath2024\\\/#breadcrumb\"},\"inLanguage\":\"en-US\",\"potentialAction\":[{\"@type\":\"ReadAction\",\"target\":[\"https:\\\/\\\/events.pmfst.unist.hr\\\/promath2024\\\/\"]}]},{\"@type\":\"BreadcrumbList\",\"@id\":\"https:\\\/\\\/events.pmfst.unist.hr\\\/promath2024\\\/#breadcrumb\",\"itemListElement\":[{\"@type\":\"ListItem\",\"position\":1,\"name\":\"Home\",\"item\":\"https:\\\/\\\/events.pmfst.unist.hr\\\/promath2024\\\/\"},{\"@type\":\"ListItem\",\"position\":2,\"name\":\"Promath2024\"}]},{\"@type\":\"WebSite\",\"@id\":\"https:\\\/\\\/events.pmfst.unist.hr\\\/promath2024\\\/#website\",\"url\":\"https:\\\/\\\/events.pmfst.unist.hr\\\/promath2024\\\/\",\"name\":\"ProMath 2024 23rd conference on Problem Solving in Mathematics Education\",\"description\":\"\",\"publisher\":{\"@id\":\"https:\\\/\\\/events.pmfst.unist.hr\\\/promath2024\\\/#organization\"},\"potentialAction\":[{\"@type\":\"SearchAction\",\"target\":{\"@type\":\"EntryPoint\",\"urlTemplate\":\"https:\\\/\\\/events.pmfst.unist.hr\\\/promath2024\\\/?s={search_term_string}\"},\"query-input\":{\"@type\":\"PropertyValueSpecification\",\"valueRequired\":true,\"valueName\":\"search_term_string\"}}],\"inLanguage\":\"en-US\"},{\"@type\":\"Organization\",\"@id\":\"https:\\\/\\\/events.pmfst.unist.hr\\\/promath2024\\\/#organization\",\"name\":\"ProMath 2024 23rd conference on Problem Solving in Mathematics Education\",\"url\":\"https:\\\/\\\/events.pmfst.unist.hr\\\/promath2024\\\/\",\"logo\":{\"@type\":\"ImageObject\",\"inLanguage\":\"en-US\",\"@id\":\"https:\\\/\\\/events.pmfst.unist.hr\\\/promath2024\\\/#\\\/schema\\\/logo\\\/image\\\/\",\"url\":\"https:\\\/\\\/events.pmfst.unist.hr\\\/phyphi\\\/wp-content\\\/uploads\\\/sites\\\/2\\\/2022\\\/06\\\/logo.png\",\"contentUrl\":\"https:\\\/\\\/events.pmfst.unist.hr\\\/phyphi\\\/wp-content\\\/uploads\\\/sites\\\/2\\\/2022\\\/06\\\/logo.png\",\"width\":75,\"height\":128,\"caption\":\"ProMath 2024 23rd conference on Problem Solving in Mathematics Education\"},\"image\":{\"@id\":\"https:\\\/\\\/events.pmfst.unist.hr\\\/promath2024\\\/#\\\/schema\\\/logo\\\/image\\\/\"}}]}<\/script>\n<!-- \/ Yoast SEO plugin. -->","yoast_head_json":{"title":"Promath2024 - ProMath 2024 23rd conference on Problem Solving in Mathematics Education","description":"23rd conference on Problem Solving in Mathematics Education \u2013 ProMath 2024 \u2013 organized by the Faculty of Science, Split, Croatia. The conference will be held from September 4th to September 6th, 2024 at the Faculty of science, Split (Ru\u0111era Bo\u0161kovi\u0107a 33, 21000 Split).","robots":{"index":"index","follow":"follow","max-snippet":"max-snippet:-1","max-image-preview":"max-image-preview:large","max-video-preview":"max-video-preview:-1"},"canonical":"https:\/\/events.pmfst.unist.hr\/promath2024\/","og_locale":"en_US","og_type":"article","og_title":"Promath2024 - ProMath 2024 23rd conference on Problem Solving in Mathematics Education","og_description":"23rd conference on Problem Solving in Mathematics Education \u2013 ProMath 2024 \u2013 organized by the Faculty of Science, Split, Croatia. The conference will be held from September 4th to September 6th, 2024 at the Faculty of science, Split (Ru\u0111era Bo\u0161kovi\u0107a 33, 21000 Split).","og_url":"https:\/\/events.pmfst.unist.hr\/promath2024\/","og_site_name":"ProMath 2024 23rd conference on Problem Solving in Mathematics Education","article_modified_time":"2024-09-19T13:32:56+00:00","twitter_card":"summary_large_image","twitter_misc":{"Est. reading time":"1 minute"},"schema":{"@context":"https:\/\/schema.org","@graph":[{"@type":"WebPage","@id":"https:\/\/events.pmfst.unist.hr\/promath2024\/","url":"https:\/\/events.pmfst.unist.hr\/promath2024\/","name":"Promath2024 - ProMath 2024 23rd conference on Problem Solving in Mathematics Education","isPartOf":{"@id":"https:\/\/events.pmfst.unist.hr\/promath2024\/#website"},"datePublished":"2023-11-15T11:08:50+00:00","dateModified":"2024-09-19T13:32:56+00:00","description":"23rd conference on Problem Solving in Mathematics Education \u2013 ProMath 2024 \u2013 organized by the Faculty of Science, Split, Croatia. The conference will be held from September 4th to September 6th, 2024 at the Faculty of science, Split (Ru\u0111era Bo\u0161kovi\u0107a 33, 21000 Split).","breadcrumb":{"@id":"https:\/\/events.pmfst.unist.hr\/promath2024\/#breadcrumb"},"inLanguage":"en-US","potentialAction":[{"@type":"ReadAction","target":["https:\/\/events.pmfst.unist.hr\/promath2024\/"]}]},{"@type":"BreadcrumbList","@id":"https:\/\/events.pmfst.unist.hr\/promath2024\/#breadcrumb","itemListElement":[{"@type":"ListItem","position":1,"name":"Home","item":"https:\/\/events.pmfst.unist.hr\/promath2024\/"},{"@type":"ListItem","position":2,"name":"Promath2024"}]},{"@type":"WebSite","@id":"https:\/\/events.pmfst.unist.hr\/promath2024\/#website","url":"https:\/\/events.pmfst.unist.hr\/promath2024\/","name":"ProMath 2024 23rd conference on Problem Solving in Mathematics Education","description":"","publisher":{"@id":"https:\/\/events.pmfst.unist.hr\/promath2024\/#organization"},"potentialAction":[{"@type":"SearchAction","target":{"@type":"EntryPoint","urlTemplate":"https:\/\/events.pmfst.unist.hr\/promath2024\/?s={search_term_string}"},"query-input":{"@type":"PropertyValueSpecification","valueRequired":true,"valueName":"search_term_string"}}],"inLanguage":"en-US"},{"@type":"Organization","@id":"https:\/\/events.pmfst.unist.hr\/promath2024\/#organization","name":"ProMath 2024 23rd conference on Problem Solving in Mathematics Education","url":"https:\/\/events.pmfst.unist.hr\/promath2024\/","logo":{"@type":"ImageObject","inLanguage":"en-US","@id":"https:\/\/events.pmfst.unist.hr\/promath2024\/#\/schema\/logo\/image\/","url":"https:\/\/events.pmfst.unist.hr\/phyphi\/wp-content\/uploads\/sites\/2\/2022\/06\/logo.png","contentUrl":"https:\/\/events.pmfst.unist.hr\/phyphi\/wp-content\/uploads\/sites\/2\/2022\/06\/logo.png","width":75,"height":128,"caption":"ProMath 2024 23rd conference on Problem Solving in Mathematics Education"},"image":{"@id":"https:\/\/events.pmfst.unist.hr\/promath2024\/#\/schema\/logo\/image\/"}}]}},"_links":{"self":[{"href":"https:\/\/events.pmfst.unist.hr\/promath2024\/wp-json\/wp\/v2\/pages\/7","targetHints":{"allow":["GET"]}}],"collection":[{"href":"https:\/\/events.pmfst.unist.hr\/promath2024\/wp-json\/wp\/v2\/pages"}],"about":[{"href":"https:\/\/events.pmfst.unist.hr\/promath2024\/wp-json\/wp\/v2\/types\/page"}],"author":[{"embeddable":true,"href":"https:\/\/events.pmfst.unist.hr\/promath2024\/wp-json\/wp\/v2\/users\/1"}],"replies":[{"embeddable":true,"href":"https:\/\/events.pmfst.unist.hr\/promath2024\/wp-json\/wp\/v2\/comments?post=7"}],"version-history":[{"count":0,"href":"https:\/\/events.pmfst.unist.hr\/promath2024\/wp-json\/wp\/v2\/pages\/7\/revisions"}],"wp:attachment":[{"href":"https:\/\/events.pmfst.unist.hr\/promath2024\/wp-json\/wp\/v2\/media?parent=7"}],"curies":[{"name":"wp","href":"https:\/\/api.w.org\/{rel}","templated":true}]}}