{"id":246,"date":"2024-01-19T11:24:34","date_gmt":"2024-01-19T11:24:34","guid":{"rendered":"https:\/\/events.pmfst.unist.hr\/promath2024\/?page_id=246"},"modified":"2024-01-26T10:32:43","modified_gmt":"2024-01-26T10:32:43","slug":"organization","status":"publish","type":"page","link":"https:\/\/events.pmfst.unist.hr\/promath2024\/organization\/","title":{"rendered":"Organization"},"content":{"rendered":"<p><strong>The \u00a0Organizing Committee:<\/strong><\/p>\n<p>Ana La\u0161tre, Jelena Ple\u0161tina, \u017deljka Zori\u0107 (Faculty of Science, University of Split, Croatia)<\/p>\n<p><strong>The Program Committee:<\/strong><\/p>\n<p>Ana Kuzle (Department of Primary Mathematics Education, University of Potsdam, Germany), Vida Manfreda &#8211; Kolar (Faculty of Education, University of Ljubljana, Slovenia), Ana La\u0161tre, Jelena Ple\u0161tina, \u017deljka Zori\u0107 (Faculty of Science, University of Split, Croatia), Nives Baranovi\u0107 (Faculty of Humanities and Social Sciences, University of Split, Croatia).<\/p>\n","protected":false},"excerpt":{"rendered":"<p>The \u00a0Organizing Committee: Ana La\u0161tre, Jelena Ple\u0161tina, \u017deljka Zori\u0107 (Faculty of Science, University of Split, Croatia) The Program Committee: Ana Kuzle (Department of Primary Mathematics Education, University of Potsdam, Germany), Vida Manfreda &#8211; Kolar (Faculty of Education, University of Ljubljana, Slovenia), Ana La\u0161tre, Jelena Ple\u0161tina, \u017deljka Zori\u0107 (Faculty of Science, University of Split, Croatia), Nives [&hellip;]<\/p>\n","protected":false},"author":1,"featured_media":0,"parent":0,"menu_order":0,"comment_status":"closed","ping_status":"closed","template":"","meta":{"footnotes":""},"class_list":["post-246","page","type-page","status-publish","hentry"],"yoast_head":"<!-- This site is optimized with the Yoast SEO plugin v27.4 - https:\/\/yoast.com\/product\/yoast-seo-wordpress\/ -->\n<title>Organization - ProMath 2024 23rd conference on Problem Solving in Mathematics Education<\/title>\n<meta name=\"robots\" content=\"index, follow, max-snippet:-1, max-image-preview:large, max-video-preview:-1\" \/>\n<link rel=\"canonical\" href=\"https:\/\/events.pmfst.unist.hr\/promath2024\/organization\/\" \/>\n<meta property=\"og:locale\" content=\"en_US\" \/>\n<meta property=\"og:type\" content=\"article\" \/>\n<meta property=\"og:title\" content=\"Organization - ProMath 2024 23rd conference on Problem Solving in Mathematics Education\" \/>\n<meta property=\"og:description\" content=\"The \u00a0Organizing Committee: Ana La\u0161tre, Jelena Ple\u0161tina, \u017deljka Zori\u0107 (Faculty of Science, University of Split, Croatia) The Program Committee: Ana Kuzle (Department of Primary Mathematics Education, University of Potsdam, Germany), Vida Manfreda &#8211; Kolar (Faculty of Education, University of Ljubljana, Slovenia), Ana La\u0161tre, Jelena Ple\u0161tina, \u017deljka Zori\u0107 (Faculty of Science, University of Split, Croatia), Nives [&hellip;]\" \/>\n<meta property=\"og:url\" content=\"https:\/\/events.pmfst.unist.hr\/promath2024\/organization\/\" \/>\n<meta property=\"og:site_name\" content=\"ProMath 2024 23rd conference on Problem Solving in Mathematics Education\" \/>\n<meta property=\"article:modified_time\" content=\"2024-01-26T10:32:43+00:00\" \/>\n<meta name=\"twitter:card\" content=\"summary_large_image\" \/>\n<meta name=\"twitter:label1\" content=\"Est. reading time\" \/>\n\t<meta name=\"twitter:data1\" content=\"1 minute\" \/>\n<script type=\"application\/ld+json\" class=\"yoast-schema-graph\">{\"@context\":\"https:\\\/\\\/schema.org\",\"@graph\":[{\"@type\":\"WebPage\",\"@id\":\"https:\\\/\\\/events.pmfst.unist.hr\\\/promath2024\\\/organization\\\/\",\"url\":\"https:\\\/\\\/events.pmfst.unist.hr\\\/promath2024\\\/organization\\\/\",\"name\":\"Organization - ProMath 2024 23rd conference on Problem Solving in Mathematics Education\",\"isPartOf\":{\"@id\":\"https:\\\/\\\/events.pmfst.unist.hr\\\/promath2024\\\/#website\"},\"datePublished\":\"2024-01-19T11:24:34+00:00\",\"dateModified\":\"2024-01-26T10:32:43+00:00\",\"breadcrumb\":{\"@id\":\"https:\\\/\\\/events.pmfst.unist.hr\\\/promath2024\\\/organization\\\/#breadcrumb\"},\"inLanguage\":\"en-US\",\"potentialAction\":[{\"@type\":\"ReadAction\",\"target\":[\"https:\\\/\\\/events.pmfst.unist.hr\\\/promath2024\\\/organization\\\/\"]}]},{\"@type\":\"BreadcrumbList\",\"@id\":\"https:\\\/\\\/events.pmfst.unist.hr\\\/promath2024\\\/organization\\\/#breadcrumb\",\"itemListElement\":[{\"@type\":\"ListItem\",\"position\":1,\"name\":\"Home\",\"item\":\"https:\\\/\\\/events.pmfst.unist.hr\\\/promath2024\\\/\"},{\"@type\":\"ListItem\",\"position\":2,\"name\":\"Organization\"}]},{\"@type\":\"WebSite\",\"@id\":\"https:\\\/\\\/events.pmfst.unist.hr\\\/promath2024\\\/#website\",\"url\":\"https:\\\/\\\/events.pmfst.unist.hr\\\/promath2024\\\/\",\"name\":\"ProMath 2024 23rd conference on Problem Solving in Mathematics Education\",\"description\":\"\",\"publisher\":{\"@id\":\"https:\\\/\\\/events.pmfst.unist.hr\\\/promath2024\\\/#organization\"},\"potentialAction\":[{\"@type\":\"SearchAction\",\"target\":{\"@type\":\"EntryPoint\",\"urlTemplate\":\"https:\\\/\\\/events.pmfst.unist.hr\\\/promath2024\\\/?s={search_term_string}\"},\"query-input\":{\"@type\":\"PropertyValueSpecification\",\"valueRequired\":true,\"valueName\":\"search_term_string\"}}],\"inLanguage\":\"en-US\"},{\"@type\":\"Organization\",\"@id\":\"https:\\\/\\\/events.pmfst.unist.hr\\\/promath2024\\\/#organization\",\"name\":\"ProMath 2024 23rd conference on Problem Solving in Mathematics Education\",\"url\":\"https:\\\/\\\/events.pmfst.unist.hr\\\/promath2024\\\/\",\"logo\":{\"@type\":\"ImageObject\",\"inLanguage\":\"en-US\",\"@id\":\"https:\\\/\\\/events.pmfst.unist.hr\\\/promath2024\\\/#\\\/schema\\\/logo\\\/image\\\/\",\"url\":\"https:\\\/\\\/events.pmfst.unist.hr\\\/phyphi\\\/wp-content\\\/uploads\\\/sites\\\/2\\\/2022\\\/06\\\/logo.png\",\"contentUrl\":\"https:\\\/\\\/events.pmfst.unist.hr\\\/phyphi\\\/wp-content\\\/uploads\\\/sites\\\/2\\\/2022\\\/06\\\/logo.png\",\"width\":75,\"height\":128,\"caption\":\"ProMath 2024 23rd conference on Problem Solving in Mathematics Education\"},\"image\":{\"@id\":\"https:\\\/\\\/events.pmfst.unist.hr\\\/promath2024\\\/#\\\/schema\\\/logo\\\/image\\\/\"}}]}<\/script>\n<!-- \/ Yoast SEO plugin. -->","yoast_head_json":{"title":"Organization - ProMath 2024 23rd conference on Problem Solving in Mathematics Education","robots":{"index":"index","follow":"follow","max-snippet":"max-snippet:-1","max-image-preview":"max-image-preview:large","max-video-preview":"max-video-preview:-1"},"canonical":"https:\/\/events.pmfst.unist.hr\/promath2024\/organization\/","og_locale":"en_US","og_type":"article","og_title":"Organization - ProMath 2024 23rd conference on Problem Solving in Mathematics Education","og_description":"The \u00a0Organizing Committee: Ana La\u0161tre, Jelena Ple\u0161tina, \u017deljka Zori\u0107 (Faculty of Science, University of Split, Croatia) The Program Committee: Ana Kuzle (Department of Primary Mathematics Education, University of Potsdam, Germany), Vida Manfreda &#8211; Kolar (Faculty of Education, University of Ljubljana, Slovenia), Ana La\u0161tre, Jelena Ple\u0161tina, \u017deljka Zori\u0107 (Faculty of Science, University of Split, Croatia), Nives [&hellip;]","og_url":"https:\/\/events.pmfst.unist.hr\/promath2024\/organization\/","og_site_name":"ProMath 2024 23rd conference on Problem Solving in Mathematics Education","article_modified_time":"2024-01-26T10:32:43+00:00","twitter_card":"summary_large_image","twitter_misc":{"Est. reading time":"1 minute"},"schema":{"@context":"https:\/\/schema.org","@graph":[{"@type":"WebPage","@id":"https:\/\/events.pmfst.unist.hr\/promath2024\/organization\/","url":"https:\/\/events.pmfst.unist.hr\/promath2024\/organization\/","name":"Organization - ProMath 2024 23rd conference on Problem Solving in Mathematics Education","isPartOf":{"@id":"https:\/\/events.pmfst.unist.hr\/promath2024\/#website"},"datePublished":"2024-01-19T11:24:34+00:00","dateModified":"2024-01-26T10:32:43+00:00","breadcrumb":{"@id":"https:\/\/events.pmfst.unist.hr\/promath2024\/organization\/#breadcrumb"},"inLanguage":"en-US","potentialAction":[{"@type":"ReadAction","target":["https:\/\/events.pmfst.unist.hr\/promath2024\/organization\/"]}]},{"@type":"BreadcrumbList","@id":"https:\/\/events.pmfst.unist.hr\/promath2024\/organization\/#breadcrumb","itemListElement":[{"@type":"ListItem","position":1,"name":"Home","item":"https:\/\/events.pmfst.unist.hr\/promath2024\/"},{"@type":"ListItem","position":2,"name":"Organization"}]},{"@type":"WebSite","@id":"https:\/\/events.pmfst.unist.hr\/promath2024\/#website","url":"https:\/\/events.pmfst.unist.hr\/promath2024\/","name":"ProMath 2024 23rd conference on Problem Solving in Mathematics Education","description":"","publisher":{"@id":"https:\/\/events.pmfst.unist.hr\/promath2024\/#organization"},"potentialAction":[{"@type":"SearchAction","target":{"@type":"EntryPoint","urlTemplate":"https:\/\/events.pmfst.unist.hr\/promath2024\/?s={search_term_string}"},"query-input":{"@type":"PropertyValueSpecification","valueRequired":true,"valueName":"search_term_string"}}],"inLanguage":"en-US"},{"@type":"Organization","@id":"https:\/\/events.pmfst.unist.hr\/promath2024\/#organization","name":"ProMath 2024 23rd conference on Problem Solving in Mathematics Education","url":"https:\/\/events.pmfst.unist.hr\/promath2024\/","logo":{"@type":"ImageObject","inLanguage":"en-US","@id":"https:\/\/events.pmfst.unist.hr\/promath2024\/#\/schema\/logo\/image\/","url":"https:\/\/events.pmfst.unist.hr\/phyphi\/wp-content\/uploads\/sites\/2\/2022\/06\/logo.png","contentUrl":"https:\/\/events.pmfst.unist.hr\/phyphi\/wp-content\/uploads\/sites\/2\/2022\/06\/logo.png","width":75,"height":128,"caption":"ProMath 2024 23rd conference on Problem Solving in Mathematics Education"},"image":{"@id":"https:\/\/events.pmfst.unist.hr\/promath2024\/#\/schema\/logo\/image\/"}}]}},"_links":{"self":[{"href":"https:\/\/events.pmfst.unist.hr\/promath2024\/wp-json\/wp\/v2\/pages\/246","targetHints":{"allow":["GET"]}}],"collection":[{"href":"https:\/\/events.pmfst.unist.hr\/promath2024\/wp-json\/wp\/v2\/pages"}],"about":[{"href":"https:\/\/events.pmfst.unist.hr\/promath2024\/wp-json\/wp\/v2\/types\/page"}],"author":[{"embeddable":true,"href":"https:\/\/events.pmfst.unist.hr\/promath2024\/wp-json\/wp\/v2\/users\/1"}],"replies":[{"embeddable":true,"href":"https:\/\/events.pmfst.unist.hr\/promath2024\/wp-json\/wp\/v2\/comments?post=246"}],"version-history":[{"count":0,"href":"https:\/\/events.pmfst.unist.hr\/promath2024\/wp-json\/wp\/v2\/pages\/246\/revisions"}],"wp:attachment":[{"href":"https:\/\/events.pmfst.unist.hr\/promath2024\/wp-json\/wp\/v2\/media?parent=246"}],"curies":[{"name":"wp","href":"https:\/\/api.w.org\/{rel}","templated":true}]}}