{"id":129,"date":"2023-12-14T07:59:48","date_gmt":"2023-12-14T07:59:48","guid":{"rendered":"https:\/\/events.pmfst.unist.hr\/promath2024\/?page_id=129"},"modified":"2023-12-14T07:59:48","modified_gmt":"2023-12-14T07:59:48","slug":"venue","status":"publish","type":"page","link":"https:\/\/events.pmfst.unist.hr\/promath2024\/venue\/","title":{"rendered":"Venue"},"content":{"rendered":"<div class=\"wpb-content-wrapper\">[vc_row][vc_column][vc_column_text css=&#8221;.vc_custom_1702469127495{margin-bottom: 0px !important;}&#8221;]\n<h4>Venue<\/h4>\n<p>23<sup>rd<\/sup> conference on Problem Solving<br \/>\nin Mathematics Education \u2013\u00a0 ProMath 2024 will be held at:<br \/>\nDepartment of Mathematics<br \/>\nFaculty of Science, University of Split<br \/>\nRu\u0111era Bo\u0161kovi\u0107a 33, Split 21000, Croatia[\/vc_column_text][\/vc_column][\/vc_row][vc_row][vc_column][vc_raw_html]JTNDaWZyYW1lJTIwc3JjJTNEJTIyaHR0cHMlM0ElMkYlMkZ3d3cuZ29vZ2xlLmNvbSUyRm1hcHMlMkZlbWJlZCUzRnBiJTNEJTIxMW0xOCUyMTFtMTIlMjExbTMlMjExZDI4OS4yMjMxNDg2MDkwNDU5JTIxMmQxNi40NjgwMzI5MTEzNjkxOSUyMTNkNDMuNTA5MzU4OTc4NTA3MTclMjEybTMlMjExZjAlMjEyZjM5LjQwOTg4Nzc2MTM3Nzk5NSUyMTNmMCUyMTNtMiUyMTFpMTAyNCUyMTJpNzY4JTIxNGYzNSUyMTNtMyUyMTFtMiUyMTFzMHgwJTI1M0EweDI2MGU0M2VhMGUyNDllZDElMjEyc1ByaXJvZG9zbG92bm8tbWF0ZW1hdGklMjVDNCUyNThEa2klMjUyMGZha3VsdGV0JTI1MjB1JTI1MjBTcGxpdHUlMjUyMCUyOFBNRlNUJTI5JTIxNWUxJTIxM20yJTIxMXNlbiUyMTJzaHIlMjE0djE1NzMxOTk0OTA2ODUlMjE1bTIlMjExc2VuJTIxMnNociUyMiUyMHdpZHRoJTNEJTIyMTIwMCUyMiUyMGhlaWdodCUzRCUyMjQwMCUyMiUyMGZyYW1lYm9yZGVyJTNEJTIyMCUyMiUyMHN0eWxlJTNEJTIyYm9yZGVyJTNBMCUzQiUyMiUyMGFsbG93ZnVsbHNjcmVlbiUzRCUyMiUyMiUzRSUzQyUyRmlmcmFtZSUzRQ==[\/vc_raw_html][\/vc_column][\/vc_row]\n<\/div>","protected":false},"excerpt":{"rendered":"<p>[vc_row][vc_column][vc_column_text css=&#8221;.vc_custom_1702469127495{margin-bottom: 0px !important;}&#8221;] Venue 23rd conference on Problem Solving in Mathematics Education \u2013\u00a0 ProMath 2024 will be held at: Department of Mathematics Faculty of Science, University of Split Ru\u0111era Bo\u0161kovi\u0107a 33, Split 21000, Croatia[\/vc_column_text][\/vc_column][\/vc_row][vc_row][vc_column][vc_raw_html]JTNDaWZyYW1lJTIwc3JjJTNEJTIyaHR0cHMlM0ElMkYlMkZ3d3cuZ29vZ2xlLmNvbSUyRm1hcHMlMkZlbWJlZCUzRnBiJTNEJTIxMW0xOCUyMTFtMTIlMjExbTMlMjExZDI4OS4yMjMxNDg2MDkwNDU5JTIxMmQxNi40NjgwMzI5MTEzNjkxOSUyMTNkNDMuNTA5MzU4OTc4NTA3MTclMjEybTMlMjExZjAlMjEyZjM5LjQwOTg4Nzc2MTM3Nzk5NSUyMTNmMCUyMTNtMiUyMTFpMTAyNCUyMTJpNzY4JTIxNGYzNSUyMTNtMyUyMTFtMiUyMTFzMHgwJTI1M0EweDI2MGU0M2VhMGUyNDllZDElMjEyc1ByaXJvZG9zbG92bm8tbWF0ZW1hdGklMjVDNCUyNThEa2klMjUyMGZha3VsdGV0JTI1MjB1JTI1MjBTcGxpdHUlMjUyMCUyOFBNRlNUJTI5JTIxNWUxJTIxM20yJTIxMXNlbiUyMTJzaHIlMjE0djE1NzMxOTk0OTA2ODUlMjE1bTIlMjExc2VuJTIxMnNociUyMiUyMHdpZHRoJTNEJTIyMTIwMCUyMiUyMGhlaWdodCUzRCUyMjQwMCUyMiUyMGZyYW1lYm9yZGVyJTNEJTIyMCUyMiUyMHN0eWxlJTNEJTIyYm9yZGVyJTNBMCUzQiUyMiUyMGFsbG93ZnVsbHNjcmVlbiUzRCUyMiUyMiUzRSUzQyUyRmlmcmFtZSUzRQ==[\/vc_raw_html][\/vc_column][\/vc_row]<\/p>\n","protected":false},"author":1,"featured_media":0,"parent":0,"menu_order":0,"comment_status":"closed","ping_status":"closed","template":"","meta":{"footnotes":""},"class_list":["post-129","page","type-page","status-publish","hentry"],"yoast_head":"<!-- This site is optimized with the Yoast SEO plugin v27.4 - https:\/\/yoast.com\/product\/yoast-seo-wordpress\/ -->\n<title>Venue - ProMath 2024 23rd conference on Problem Solving in Mathematics Education<\/title>\n<meta name=\"robots\" content=\"index, follow, max-snippet:-1, max-image-preview:large, max-video-preview:-1\" \/>\n<link rel=\"canonical\" href=\"https:\/\/events.pmfst.unist.hr\/promath2024\/venue\/\" \/>\n<meta property=\"og:locale\" content=\"en_US\" \/>\n<meta property=\"og:type\" content=\"article\" \/>\n<meta property=\"og:title\" content=\"Venue - ProMath 2024 23rd conference on Problem Solving in Mathematics Education\" \/>\n<meta property=\"og:description\" content=\"[vc_row][vc_column][vc_column_text css=&#8221;.vc_custom_1702469127495{margin-bottom: 0px !important;}&#8221;] Venue 23rd conference on Problem Solving in Mathematics Education \u2013\u00a0 ProMath 2024 will be held at: Department of Mathematics Faculty of Science, University of Split Ru\u0111era Bo\u0161kovi\u0107a 33, Split 21000, Croatia[\/vc_column_text][\/vc_column][\/vc_row][vc_row][vc_column][vc_raw_html]JTNDaWZyYW1lJTIwc3JjJTNEJTIyaHR0cHMlM0ElMkYlMkZ3d3cuZ29vZ2xlLmNvbSUyRm1hcHMlMkZlbWJlZCUzRnBiJTNEJTIxMW0xOCUyMTFtMTIlMjExbTMlMjExZDI4OS4yMjMxNDg2MDkwNDU5JTIxMmQxNi40NjgwMzI5MTEzNjkxOSUyMTNkNDMuNTA5MzU4OTc4NTA3MTclMjEybTMlMjExZjAlMjEyZjM5LjQwOTg4Nzc2MTM3Nzk5NSUyMTNmMCUyMTNtMiUyMTFpMTAyNCUyMTJpNzY4JTIxNGYzNSUyMTNtMyUyMTFtMiUyMTFzMHgwJTI1M0EweDI2MGU0M2VhMGUyNDllZDElMjEyc1ByaXJvZG9zbG92bm8tbWF0ZW1hdGklMjVDNCUyNThEa2klMjUyMGZha3VsdGV0JTI1MjB1JTI1MjBTcGxpdHUlMjUyMCUyOFBNRlNUJTI5JTIxNWUxJTIxM20yJTIxMXNlbiUyMTJzaHIlMjE0djE1NzMxOTk0OTA2ODUlMjE1bTIlMjExc2VuJTIxMnNociUyMiUyMHdpZHRoJTNEJTIyMTIwMCUyMiUyMGhlaWdodCUzRCUyMjQwMCUyMiUyMGZyYW1lYm9yZGVyJTNEJTIyMCUyMiUyMHN0eWxlJTNEJTIyYm9yZGVyJTNBMCUzQiUyMiUyMGFsbG93ZnVsbHNjcmVlbiUzRCUyMiUyMiUzRSUzQyUyRmlmcmFtZSUzRQ==[\/vc_raw_html][\/vc_column][\/vc_row]\" \/>\n<meta property=\"og:url\" content=\"https:\/\/events.pmfst.unist.hr\/promath2024\/venue\/\" \/>\n<meta property=\"og:site_name\" content=\"ProMath 2024 23rd conference on Problem Solving in Mathematics Education\" \/>\n<meta name=\"twitter:card\" content=\"summary_large_image\" \/>\n<script type=\"application\/ld+json\" class=\"yoast-schema-graph\">{\"@context\":\"https:\\\/\\\/schema.org\",\"@graph\":[{\"@type\":\"WebPage\",\"@id\":\"https:\\\/\\\/events.pmfst.unist.hr\\\/promath2024\\\/venue\\\/\",\"url\":\"https:\\\/\\\/events.pmfst.unist.hr\\\/promath2024\\\/venue\\\/\",\"name\":\"Venue - ProMath 2024 23rd conference on Problem Solving in Mathematics Education\",\"isPartOf\":{\"@id\":\"https:\\\/\\\/events.pmfst.unist.hr\\\/promath2024\\\/#website\"},\"datePublished\":\"2023-12-14T07:59:48+00:00\",\"breadcrumb\":{\"@id\":\"https:\\\/\\\/events.pmfst.unist.hr\\\/promath2024\\\/venue\\\/#breadcrumb\"},\"inLanguage\":\"en-US\",\"potentialAction\":[{\"@type\":\"ReadAction\",\"target\":[\"https:\\\/\\\/events.pmfst.unist.hr\\\/promath2024\\\/venue\\\/\"]}]},{\"@type\":\"BreadcrumbList\",\"@id\":\"https:\\\/\\\/events.pmfst.unist.hr\\\/promath2024\\\/venue\\\/#breadcrumb\",\"itemListElement\":[{\"@type\":\"ListItem\",\"position\":1,\"name\":\"Home\",\"item\":\"https:\\\/\\\/events.pmfst.unist.hr\\\/promath2024\\\/\"},{\"@type\":\"ListItem\",\"position\":2,\"name\":\"Venue\"}]},{\"@type\":\"WebSite\",\"@id\":\"https:\\\/\\\/events.pmfst.unist.hr\\\/promath2024\\\/#website\",\"url\":\"https:\\\/\\\/events.pmfst.unist.hr\\\/promath2024\\\/\",\"name\":\"ProMath 2024 23rd conference on Problem Solving in Mathematics Education\",\"description\":\"\",\"publisher\":{\"@id\":\"https:\\\/\\\/events.pmfst.unist.hr\\\/promath2024\\\/#organization\"},\"potentialAction\":[{\"@type\":\"SearchAction\",\"target\":{\"@type\":\"EntryPoint\",\"urlTemplate\":\"https:\\\/\\\/events.pmfst.unist.hr\\\/promath2024\\\/?s={search_term_string}\"},\"query-input\":{\"@type\":\"PropertyValueSpecification\",\"valueRequired\":true,\"valueName\":\"search_term_string\"}}],\"inLanguage\":\"en-US\"},{\"@type\":\"Organization\",\"@id\":\"https:\\\/\\\/events.pmfst.unist.hr\\\/promath2024\\\/#organization\",\"name\":\"ProMath 2024 23rd conference on Problem Solving in Mathematics Education\",\"url\":\"https:\\\/\\\/events.pmfst.unist.hr\\\/promath2024\\\/\",\"logo\":{\"@type\":\"ImageObject\",\"inLanguage\":\"en-US\",\"@id\":\"https:\\\/\\\/events.pmfst.unist.hr\\\/promath2024\\\/#\\\/schema\\\/logo\\\/image\\\/\",\"url\":\"https:\\\/\\\/events.pmfst.unist.hr\\\/phyphi\\\/wp-content\\\/uploads\\\/sites\\\/2\\\/2022\\\/06\\\/logo.png\",\"contentUrl\":\"https:\\\/\\\/events.pmfst.unist.hr\\\/phyphi\\\/wp-content\\\/uploads\\\/sites\\\/2\\\/2022\\\/06\\\/logo.png\",\"width\":75,\"height\":128,\"caption\":\"ProMath 2024 23rd conference on Problem Solving in Mathematics Education\"},\"image\":{\"@id\":\"https:\\\/\\\/events.pmfst.unist.hr\\\/promath2024\\\/#\\\/schema\\\/logo\\\/image\\\/\"}}]}<\/script>\n<!-- \/ Yoast SEO plugin. -->","yoast_head_json":{"title":"Venue - ProMath 2024 23rd conference on Problem Solving in Mathematics Education","robots":{"index":"index","follow":"follow","max-snippet":"max-snippet:-1","max-image-preview":"max-image-preview:large","max-video-preview":"max-video-preview:-1"},"canonical":"https:\/\/events.pmfst.unist.hr\/promath2024\/venue\/","og_locale":"en_US","og_type":"article","og_title":"Venue - ProMath 2024 23rd conference on Problem Solving in Mathematics Education","og_description":"[vc_row][vc_column][vc_column_text css=&#8221;.vc_custom_1702469127495{margin-bottom: 0px !important;}&#8221;] Venue 23rd conference on Problem Solving in Mathematics Education \u2013\u00a0 ProMath 2024 will be held at: Department of Mathematics Faculty of Science, University of Split Ru\u0111era Bo\u0161kovi\u0107a 33, Split 21000, Croatia[\/vc_column_text][\/vc_column][\/vc_row][vc_row][vc_column][vc_raw_html]JTNDaWZyYW1lJTIwc3JjJTNEJTIyaHR0cHMlM0ElMkYlMkZ3d3cuZ29vZ2xlLmNvbSUyRm1hcHMlMkZlbWJlZCUzRnBiJTNEJTIxMW0xOCUyMTFtMTIlMjExbTMlMjExZDI4OS4yMjMxNDg2MDkwNDU5JTIxMmQxNi40NjgwMzI5MTEzNjkxOSUyMTNkNDMuNTA5MzU4OTc4NTA3MTclMjEybTMlMjExZjAlMjEyZjM5LjQwOTg4Nzc2MTM3Nzk5NSUyMTNmMCUyMTNtMiUyMTFpMTAyNCUyMTJpNzY4JTIxNGYzNSUyMTNtMyUyMTFtMiUyMTFzMHgwJTI1M0EweDI2MGU0M2VhMGUyNDllZDElMjEyc1ByaXJvZG9zbG92bm8tbWF0ZW1hdGklMjVDNCUyNThEa2klMjUyMGZha3VsdGV0JTI1MjB1JTI1MjBTcGxpdHUlMjUyMCUyOFBNRlNUJTI5JTIxNWUxJTIxM20yJTIxMXNlbiUyMTJzaHIlMjE0djE1NzMxOTk0OTA2ODUlMjE1bTIlMjExc2VuJTIxMnNociUyMiUyMHdpZHRoJTNEJTIyMTIwMCUyMiUyMGhlaWdodCUzRCUyMjQwMCUyMiUyMGZyYW1lYm9yZGVyJTNEJTIyMCUyMiUyMHN0eWxlJTNEJTIyYm9yZGVyJTNBMCUzQiUyMiUyMGFsbG93ZnVsbHNjcmVlbiUzRCUyMiUyMiUzRSUzQyUyRmlmcmFtZSUzRQ==[\/vc_raw_html][\/vc_column][\/vc_row]","og_url":"https:\/\/events.pmfst.unist.hr\/promath2024\/venue\/","og_site_name":"ProMath 2024 23rd conference on Problem Solving in Mathematics Education","twitter_card":"summary_large_image","schema":{"@context":"https:\/\/schema.org","@graph":[{"@type":"WebPage","@id":"https:\/\/events.pmfst.unist.hr\/promath2024\/venue\/","url":"https:\/\/events.pmfst.unist.hr\/promath2024\/venue\/","name":"Venue - ProMath 2024 23rd conference on Problem Solving in Mathematics Education","isPartOf":{"@id":"https:\/\/events.pmfst.unist.hr\/promath2024\/#website"},"datePublished":"2023-12-14T07:59:48+00:00","breadcrumb":{"@id":"https:\/\/events.pmfst.unist.hr\/promath2024\/venue\/#breadcrumb"},"inLanguage":"en-US","potentialAction":[{"@type":"ReadAction","target":["https:\/\/events.pmfst.unist.hr\/promath2024\/venue\/"]}]},{"@type":"BreadcrumbList","@id":"https:\/\/events.pmfst.unist.hr\/promath2024\/venue\/#breadcrumb","itemListElement":[{"@type":"ListItem","position":1,"name":"Home","item":"https:\/\/events.pmfst.unist.hr\/promath2024\/"},{"@type":"ListItem","position":2,"name":"Venue"}]},{"@type":"WebSite","@id":"https:\/\/events.pmfst.unist.hr\/promath2024\/#website","url":"https:\/\/events.pmfst.unist.hr\/promath2024\/","name":"ProMath 2024 23rd conference on Problem Solving in Mathematics Education","description":"","publisher":{"@id":"https:\/\/events.pmfst.unist.hr\/promath2024\/#organization"},"potentialAction":[{"@type":"SearchAction","target":{"@type":"EntryPoint","urlTemplate":"https:\/\/events.pmfst.unist.hr\/promath2024\/?s={search_term_string}"},"query-input":{"@type":"PropertyValueSpecification","valueRequired":true,"valueName":"search_term_string"}}],"inLanguage":"en-US"},{"@type":"Organization","@id":"https:\/\/events.pmfst.unist.hr\/promath2024\/#organization","name":"ProMath 2024 23rd conference on Problem Solving in Mathematics Education","url":"https:\/\/events.pmfst.unist.hr\/promath2024\/","logo":{"@type":"ImageObject","inLanguage":"en-US","@id":"https:\/\/events.pmfst.unist.hr\/promath2024\/#\/schema\/logo\/image\/","url":"https:\/\/events.pmfst.unist.hr\/phyphi\/wp-content\/uploads\/sites\/2\/2022\/06\/logo.png","contentUrl":"https:\/\/events.pmfst.unist.hr\/phyphi\/wp-content\/uploads\/sites\/2\/2022\/06\/logo.png","width":75,"height":128,"caption":"ProMath 2024 23rd conference on Problem Solving in Mathematics Education"},"image":{"@id":"https:\/\/events.pmfst.unist.hr\/promath2024\/#\/schema\/logo\/image\/"}}]}},"_links":{"self":[{"href":"https:\/\/events.pmfst.unist.hr\/promath2024\/wp-json\/wp\/v2\/pages\/129","targetHints":{"allow":["GET"]}}],"collection":[{"href":"https:\/\/events.pmfst.unist.hr\/promath2024\/wp-json\/wp\/v2\/pages"}],"about":[{"href":"https:\/\/events.pmfst.unist.hr\/promath2024\/wp-json\/wp\/v2\/types\/page"}],"author":[{"embeddable":true,"href":"https:\/\/events.pmfst.unist.hr\/promath2024\/wp-json\/wp\/v2\/users\/1"}],"replies":[{"embeddable":true,"href":"https:\/\/events.pmfst.unist.hr\/promath2024\/wp-json\/wp\/v2\/comments?post=129"}],"version-history":[{"count":0,"href":"https:\/\/events.pmfst.unist.hr\/promath2024\/wp-json\/wp\/v2\/pages\/129\/revisions"}],"wp:attachment":[{"href":"https:\/\/events.pmfst.unist.hr\/promath2024\/wp-json\/wp\/v2\/media?parent=129"}],"curies":[{"name":"wp","href":"https:\/\/api.w.org\/{rel}","templated":true}]}}