{"id":104,"date":"2023-12-14T07:34:39","date_gmt":"2023-12-14T07:34:39","guid":{"rendered":"https:\/\/events.pmfst.unist.hr\/promath2024\/?page_id=104"},"modified":"2024-01-26T10:33:08","modified_gmt":"2024-01-26T10:33:08","slug":"payment","status":"publish","type":"page","link":"https:\/\/events.pmfst.unist.hr\/promath2024\/payment\/","title":{"rendered":"Payment"},"content":{"rendered":"<h4>Conference Fee<\/h4>\n<p>Please pay the conference fee of 70 Euro in the following bank account no later that July 15th, 2024.<br \/>\nIf you are student enrolled in a Master or Phd Program your conference fee is 40 Euro.<\/p>\n<p>Bank:\u00a0OTP BANKA D. D.<br \/>\nAddress:\u00a0DOMOVINSKOG RATA 61, 21000 SPLIT, CROATIA<br \/>\nIBAN:\u00a0HR6124070001100580549<br \/>\nSWIFT:\u00a0OTPVHR2X<br \/>\nAccount holder:\u00a0PRIRODOSLOVNO \u2013 MATEMATI\u010cKI FAKULTET U SPLITU<br \/>\nAddress:\u00a0Ru\u0111era Bo\u0161kovi\u0107a 33, 21000 SPLIT<br \/>\nModel: 00<br \/>\nReference number:\u00a06615102-13875<br \/>\nRemittance information: PROMATH 2024 + name and surname<\/p>\n<p>This fee includes the coffee breaks, snacks and some costs regarding copying and other material.<\/p>\n","protected":false},"excerpt":{"rendered":"<p>Conference Fee Please pay the conference fee of 70 Euro in the following bank account no later that July 15th, 2024. If you are student enrolled in a Master or Phd Program your conference fee is 40 Euro. Bank:\u00a0OTP BANKA D. D. Address:\u00a0DOMOVINSKOG RATA 61, 21000 SPLIT, CROATIA IBAN:\u00a0HR6124070001100580549 SWIFT:\u00a0OTPVHR2X Account holder:\u00a0PRIRODOSLOVNO \u2013 MATEMATI\u010cKI FAKULTET [&hellip;]<\/p>\n","protected":false},"author":1,"featured_media":0,"parent":0,"menu_order":0,"comment_status":"closed","ping_status":"closed","template":"","meta":{"footnotes":""},"class_list":["post-104","page","type-page","status-publish","hentry"],"yoast_head":"<!-- This site is optimized with the Yoast SEO plugin v27.4 - https:\/\/yoast.com\/product\/yoast-seo-wordpress\/ -->\n<title>Payment - ProMath 2024 23rd conference on Problem Solving in Mathematics Education<\/title>\n<meta name=\"robots\" content=\"index, follow, max-snippet:-1, max-image-preview:large, max-video-preview:-1\" \/>\n<link rel=\"canonical\" href=\"https:\/\/events.pmfst.unist.hr\/promath2024\/payment\/\" \/>\n<meta property=\"og:locale\" content=\"en_US\" \/>\n<meta property=\"og:type\" content=\"article\" \/>\n<meta property=\"og:title\" content=\"Payment - ProMath 2024 23rd conference on Problem Solving in Mathematics Education\" \/>\n<meta property=\"og:description\" content=\"Conference Fee Please pay the conference fee of 70 Euro in the following bank account no later that July 15th, 2024. If you are student enrolled in a Master or Phd Program your conference fee is 40 Euro. Bank:\u00a0OTP BANKA D. D. Address:\u00a0DOMOVINSKOG RATA 61, 21000 SPLIT, CROATIA IBAN:\u00a0HR6124070001100580549 SWIFT:\u00a0OTPVHR2X Account holder:\u00a0PRIRODOSLOVNO \u2013 MATEMATI\u010cKI FAKULTET [&hellip;]\" \/>\n<meta property=\"og:url\" content=\"https:\/\/events.pmfst.unist.hr\/promath2024\/payment\/\" \/>\n<meta property=\"og:site_name\" content=\"ProMath 2024 23rd conference on Problem Solving in Mathematics Education\" \/>\n<meta property=\"article:modified_time\" content=\"2024-01-26T10:33:08+00:00\" \/>\n<meta name=\"twitter:card\" content=\"summary_large_image\" \/>\n<meta name=\"twitter:label1\" content=\"Est. reading time\" \/>\n\t<meta name=\"twitter:data1\" content=\"1 minute\" \/>\n<script type=\"application\/ld+json\" class=\"yoast-schema-graph\">{\"@context\":\"https:\\\/\\\/schema.org\",\"@graph\":[{\"@type\":\"WebPage\",\"@id\":\"https:\\\/\\\/events.pmfst.unist.hr\\\/promath2024\\\/payment\\\/\",\"url\":\"https:\\\/\\\/events.pmfst.unist.hr\\\/promath2024\\\/payment\\\/\",\"name\":\"Payment - ProMath 2024 23rd conference on Problem Solving in Mathematics Education\",\"isPartOf\":{\"@id\":\"https:\\\/\\\/events.pmfst.unist.hr\\\/promath2024\\\/#website\"},\"datePublished\":\"2023-12-14T07:34:39+00:00\",\"dateModified\":\"2024-01-26T10:33:08+00:00\",\"breadcrumb\":{\"@id\":\"https:\\\/\\\/events.pmfst.unist.hr\\\/promath2024\\\/payment\\\/#breadcrumb\"},\"inLanguage\":\"en-US\",\"potentialAction\":[{\"@type\":\"ReadAction\",\"target\":[\"https:\\\/\\\/events.pmfst.unist.hr\\\/promath2024\\\/payment\\\/\"]}]},{\"@type\":\"BreadcrumbList\",\"@id\":\"https:\\\/\\\/events.pmfst.unist.hr\\\/promath2024\\\/payment\\\/#breadcrumb\",\"itemListElement\":[{\"@type\":\"ListItem\",\"position\":1,\"name\":\"Home\",\"item\":\"https:\\\/\\\/events.pmfst.unist.hr\\\/promath2024\\\/\"},{\"@type\":\"ListItem\",\"position\":2,\"name\":\"Payment\"}]},{\"@type\":\"WebSite\",\"@id\":\"https:\\\/\\\/events.pmfst.unist.hr\\\/promath2024\\\/#website\",\"url\":\"https:\\\/\\\/events.pmfst.unist.hr\\\/promath2024\\\/\",\"name\":\"ProMath 2024 23rd conference on Problem Solving in Mathematics Education\",\"description\":\"\",\"publisher\":{\"@id\":\"https:\\\/\\\/events.pmfst.unist.hr\\\/promath2024\\\/#organization\"},\"potentialAction\":[{\"@type\":\"SearchAction\",\"target\":{\"@type\":\"EntryPoint\",\"urlTemplate\":\"https:\\\/\\\/events.pmfst.unist.hr\\\/promath2024\\\/?s={search_term_string}\"},\"query-input\":{\"@type\":\"PropertyValueSpecification\",\"valueRequired\":true,\"valueName\":\"search_term_string\"}}],\"inLanguage\":\"en-US\"},{\"@type\":\"Organization\",\"@id\":\"https:\\\/\\\/events.pmfst.unist.hr\\\/promath2024\\\/#organization\",\"name\":\"ProMath 2024 23rd conference on Problem Solving in Mathematics Education\",\"url\":\"https:\\\/\\\/events.pmfst.unist.hr\\\/promath2024\\\/\",\"logo\":{\"@type\":\"ImageObject\",\"inLanguage\":\"en-US\",\"@id\":\"https:\\\/\\\/events.pmfst.unist.hr\\\/promath2024\\\/#\\\/schema\\\/logo\\\/image\\\/\",\"url\":\"https:\\\/\\\/events.pmfst.unist.hr\\\/phyphi\\\/wp-content\\\/uploads\\\/sites\\\/2\\\/2022\\\/06\\\/logo.png\",\"contentUrl\":\"https:\\\/\\\/events.pmfst.unist.hr\\\/phyphi\\\/wp-content\\\/uploads\\\/sites\\\/2\\\/2022\\\/06\\\/logo.png\",\"width\":75,\"height\":128,\"caption\":\"ProMath 2024 23rd conference on Problem Solving in Mathematics Education\"},\"image\":{\"@id\":\"https:\\\/\\\/events.pmfst.unist.hr\\\/promath2024\\\/#\\\/schema\\\/logo\\\/image\\\/\"}}]}<\/script>\n<!-- \/ Yoast SEO plugin. -->","yoast_head_json":{"title":"Payment - ProMath 2024 23rd conference on Problem Solving in Mathematics Education","robots":{"index":"index","follow":"follow","max-snippet":"max-snippet:-1","max-image-preview":"max-image-preview:large","max-video-preview":"max-video-preview:-1"},"canonical":"https:\/\/events.pmfst.unist.hr\/promath2024\/payment\/","og_locale":"en_US","og_type":"article","og_title":"Payment - ProMath 2024 23rd conference on Problem Solving in Mathematics Education","og_description":"Conference Fee Please pay the conference fee of 70 Euro in the following bank account no later that July 15th, 2024. If you are student enrolled in a Master or Phd Program your conference fee is 40 Euro. Bank:\u00a0OTP BANKA D. D. Address:\u00a0DOMOVINSKOG RATA 61, 21000 SPLIT, CROATIA IBAN:\u00a0HR6124070001100580549 SWIFT:\u00a0OTPVHR2X Account holder:\u00a0PRIRODOSLOVNO \u2013 MATEMATI\u010cKI FAKULTET [&hellip;]","og_url":"https:\/\/events.pmfst.unist.hr\/promath2024\/payment\/","og_site_name":"ProMath 2024 23rd conference on Problem Solving in Mathematics Education","article_modified_time":"2024-01-26T10:33:08+00:00","twitter_card":"summary_large_image","twitter_misc":{"Est. reading time":"1 minute"},"schema":{"@context":"https:\/\/schema.org","@graph":[{"@type":"WebPage","@id":"https:\/\/events.pmfst.unist.hr\/promath2024\/payment\/","url":"https:\/\/events.pmfst.unist.hr\/promath2024\/payment\/","name":"Payment - ProMath 2024 23rd conference on Problem Solving in Mathematics Education","isPartOf":{"@id":"https:\/\/events.pmfst.unist.hr\/promath2024\/#website"},"datePublished":"2023-12-14T07:34:39+00:00","dateModified":"2024-01-26T10:33:08+00:00","breadcrumb":{"@id":"https:\/\/events.pmfst.unist.hr\/promath2024\/payment\/#breadcrumb"},"inLanguage":"en-US","potentialAction":[{"@type":"ReadAction","target":["https:\/\/events.pmfst.unist.hr\/promath2024\/payment\/"]}]},{"@type":"BreadcrumbList","@id":"https:\/\/events.pmfst.unist.hr\/promath2024\/payment\/#breadcrumb","itemListElement":[{"@type":"ListItem","position":1,"name":"Home","item":"https:\/\/events.pmfst.unist.hr\/promath2024\/"},{"@type":"ListItem","position":2,"name":"Payment"}]},{"@type":"WebSite","@id":"https:\/\/events.pmfst.unist.hr\/promath2024\/#website","url":"https:\/\/events.pmfst.unist.hr\/promath2024\/","name":"ProMath 2024 23rd conference on Problem Solving in Mathematics Education","description":"","publisher":{"@id":"https:\/\/events.pmfst.unist.hr\/promath2024\/#organization"},"potentialAction":[{"@type":"SearchAction","target":{"@type":"EntryPoint","urlTemplate":"https:\/\/events.pmfst.unist.hr\/promath2024\/?s={search_term_string}"},"query-input":{"@type":"PropertyValueSpecification","valueRequired":true,"valueName":"search_term_string"}}],"inLanguage":"en-US"},{"@type":"Organization","@id":"https:\/\/events.pmfst.unist.hr\/promath2024\/#organization","name":"ProMath 2024 23rd conference on Problem Solving in Mathematics Education","url":"https:\/\/events.pmfst.unist.hr\/promath2024\/","logo":{"@type":"ImageObject","inLanguage":"en-US","@id":"https:\/\/events.pmfst.unist.hr\/promath2024\/#\/schema\/logo\/image\/","url":"https:\/\/events.pmfst.unist.hr\/phyphi\/wp-content\/uploads\/sites\/2\/2022\/06\/logo.png","contentUrl":"https:\/\/events.pmfst.unist.hr\/phyphi\/wp-content\/uploads\/sites\/2\/2022\/06\/logo.png","width":75,"height":128,"caption":"ProMath 2024 23rd conference on Problem Solving in Mathematics Education"},"image":{"@id":"https:\/\/events.pmfst.unist.hr\/promath2024\/#\/schema\/logo\/image\/"}}]}},"_links":{"self":[{"href":"https:\/\/events.pmfst.unist.hr\/promath2024\/wp-json\/wp\/v2\/pages\/104","targetHints":{"allow":["GET"]}}],"collection":[{"href":"https:\/\/events.pmfst.unist.hr\/promath2024\/wp-json\/wp\/v2\/pages"}],"about":[{"href":"https:\/\/events.pmfst.unist.hr\/promath2024\/wp-json\/wp\/v2\/types\/page"}],"author":[{"embeddable":true,"href":"https:\/\/events.pmfst.unist.hr\/promath2024\/wp-json\/wp\/v2\/users\/1"}],"replies":[{"embeddable":true,"href":"https:\/\/events.pmfst.unist.hr\/promath2024\/wp-json\/wp\/v2\/comments?post=104"}],"version-history":[{"count":0,"href":"https:\/\/events.pmfst.unist.hr\/promath2024\/wp-json\/wp\/v2\/pages\/104\/revisions"}],"wp:attachment":[{"href":"https:\/\/events.pmfst.unist.hr\/promath2024\/wp-json\/wp\/v2\/media?parent=104"}],"curies":[{"name":"wp","href":"https:\/\/api.w.org\/{rel}","templated":true}]}}