{"id":100,"date":"2023-12-14T07:33:13","date_gmt":"2023-12-14T07:33:13","guid":{"rendered":"https:\/\/events.pmfst.unist.hr\/promath2024\/?page_id=100"},"modified":"2023-12-14T07:33:13","modified_gmt":"2023-12-14T07:33:13","slug":"the-program-and-organizing-committee","status":"publish","type":"page","link":"https:\/\/events.pmfst.unist.hr\/promath2024\/the-program-and-organizing-committee\/","title":{"rendered":"The Program and Organizing Committee"},"content":{"rendered":"<h2>The Program and Organizing Committee:<\/h2>\n<p>Ana La\u0161tre, Jelena Ple\u0161tina, \u017deljka Zori\u0107 (Faculty of Science, University of Split), Nives Baranovi\u0107 (Faculty of Humanities and Social Sciences, University of Split), Croatia.<\/p>\n<p>Looking forward to seeing you in Split!<\/p>\n","protected":false},"excerpt":{"rendered":"<p>The Program and Organizing Committee: Ana La\u0161tre, Jelena Ple\u0161tina, \u017deljka Zori\u0107 (Faculty of Science, University of Split), Nives Baranovi\u0107 (Faculty of Humanities and Social Sciences, University of Split), Croatia. Looking forward to seeing you in Split!<\/p>\n","protected":false},"author":1,"featured_media":0,"parent":0,"menu_order":0,"comment_status":"closed","ping_status":"closed","template":"","meta":{"footnotes":""},"class_list":["post-100","page","type-page","status-publish","hentry"],"yoast_head":"<!-- This site is optimized with the Yoast SEO plugin v26.9 - https:\/\/yoast.com\/product\/yoast-seo-wordpress\/ -->\n<title>The Program and Organizing Committee - ProMath 2024 23rd conference on Problem Solving in Mathematics Education<\/title>\n<meta name=\"robots\" content=\"index, follow, max-snippet:-1, max-image-preview:large, max-video-preview:-1\" \/>\n<link rel=\"canonical\" href=\"https:\/\/events.pmfst.unist.hr\/promath2024\/the-program-and-organizing-committee\/\" \/>\n<meta property=\"og:locale\" content=\"en_US\" \/>\n<meta property=\"og:type\" content=\"article\" \/>\n<meta property=\"og:title\" content=\"The Program and Organizing Committee - ProMath 2024 23rd conference on Problem Solving in Mathematics Education\" \/>\n<meta property=\"og:description\" content=\"The Program and Organizing Committee: Ana La\u0161tre, Jelena Ple\u0161tina, \u017deljka Zori\u0107 (Faculty of Science, University of Split), Nives Baranovi\u0107 (Faculty of Humanities and Social Sciences, University of Split), Croatia. Looking forward to seeing you in Split!\" \/>\n<meta property=\"og:url\" content=\"https:\/\/events.pmfst.unist.hr\/promath2024\/the-program-and-organizing-committee\/\" \/>\n<meta property=\"og:site_name\" content=\"ProMath 2024 23rd conference on Problem Solving in Mathematics Education\" \/>\n<meta name=\"twitter:card\" content=\"summary_large_image\" \/>\n<meta name=\"twitter:label1\" content=\"Est. reading time\" \/>\n\t<meta name=\"twitter:data1\" content=\"1 minute\" \/>\n<script type=\"application\/ld+json\" class=\"yoast-schema-graph\">{\"@context\":\"https:\/\/schema.org\",\"@graph\":[{\"@type\":\"WebPage\",\"@id\":\"https:\/\/events.pmfst.unist.hr\/promath2024\/the-program-and-organizing-committee\/\",\"url\":\"https:\/\/events.pmfst.unist.hr\/promath2024\/the-program-and-organizing-committee\/\",\"name\":\"The Program and Organizing Committee - ProMath 2024 23rd conference on Problem Solving in Mathematics Education\",\"isPartOf\":{\"@id\":\"https:\/\/events.pmfst.unist.hr\/promath2024\/#website\"},\"datePublished\":\"2023-12-14T07:33:13+00:00\",\"breadcrumb\":{\"@id\":\"https:\/\/events.pmfst.unist.hr\/promath2024\/the-program-and-organizing-committee\/#breadcrumb\"},\"inLanguage\":\"en-US\",\"potentialAction\":[{\"@type\":\"ReadAction\",\"target\":[\"https:\/\/events.pmfst.unist.hr\/promath2024\/the-program-and-organizing-committee\/\"]}]},{\"@type\":\"BreadcrumbList\",\"@id\":\"https:\/\/events.pmfst.unist.hr\/promath2024\/the-program-and-organizing-committee\/#breadcrumb\",\"itemListElement\":[{\"@type\":\"ListItem\",\"position\":1,\"name\":\"Home\",\"item\":\"https:\/\/events.pmfst.unist.hr\/promath2024\/\"},{\"@type\":\"ListItem\",\"position\":2,\"name\":\"The Program and Organizing Committee\"}]},{\"@type\":\"WebSite\",\"@id\":\"https:\/\/events.pmfst.unist.hr\/promath2024\/#website\",\"url\":\"https:\/\/events.pmfst.unist.hr\/promath2024\/\",\"name\":\"ProMath 2024 23rd conference on Problem Solving in Mathematics Education\",\"description\":\"\",\"publisher\":{\"@id\":\"https:\/\/events.pmfst.unist.hr\/promath2024\/#organization\"},\"potentialAction\":[{\"@type\":\"SearchAction\",\"target\":{\"@type\":\"EntryPoint\",\"urlTemplate\":\"https:\/\/events.pmfst.unist.hr\/promath2024\/?s={search_term_string}\"},\"query-input\":{\"@type\":\"PropertyValueSpecification\",\"valueRequired\":true,\"valueName\":\"search_term_string\"}}],\"inLanguage\":\"en-US\"},{\"@type\":\"Organization\",\"@id\":\"https:\/\/events.pmfst.unist.hr\/promath2024\/#organization\",\"name\":\"ProMath 2024 23rd conference on Problem Solving in Mathematics Education\",\"url\":\"https:\/\/events.pmfst.unist.hr\/promath2024\/\",\"logo\":{\"@type\":\"ImageObject\",\"inLanguage\":\"en-US\",\"@id\":\"https:\/\/events.pmfst.unist.hr\/promath2024\/#\/schema\/logo\/image\/\",\"url\":\"https:\/\/events.pmfst.unist.hr\/phyphi\/wp-content\/uploads\/sites\/2\/2022\/06\/logo.png\",\"contentUrl\":\"https:\/\/events.pmfst.unist.hr\/phyphi\/wp-content\/uploads\/sites\/2\/2022\/06\/logo.png\",\"width\":75,\"height\":128,\"caption\":\"ProMath 2024 23rd conference on Problem Solving in Mathematics Education\"},\"image\":{\"@id\":\"https:\/\/events.pmfst.unist.hr\/promath2024\/#\/schema\/logo\/image\/\"}}]}<\/script>\n<!-- \/ Yoast SEO plugin. -->","yoast_head_json":{"title":"The Program and Organizing Committee - ProMath 2024 23rd conference on Problem Solving in Mathematics Education","robots":{"index":"index","follow":"follow","max-snippet":"max-snippet:-1","max-image-preview":"max-image-preview:large","max-video-preview":"max-video-preview:-1"},"canonical":"https:\/\/events.pmfst.unist.hr\/promath2024\/the-program-and-organizing-committee\/","og_locale":"en_US","og_type":"article","og_title":"The Program and Organizing Committee - ProMath 2024 23rd conference on Problem Solving in Mathematics Education","og_description":"The Program and Organizing Committee: Ana La\u0161tre, Jelena Ple\u0161tina, \u017deljka Zori\u0107 (Faculty of Science, University of Split), Nives Baranovi\u0107 (Faculty of Humanities and Social Sciences, University of Split), Croatia. Looking forward to seeing you in Split!","og_url":"https:\/\/events.pmfst.unist.hr\/promath2024\/the-program-and-organizing-committee\/","og_site_name":"ProMath 2024 23rd conference on Problem Solving in Mathematics Education","twitter_card":"summary_large_image","twitter_misc":{"Est. reading time":"1 minute"},"schema":{"@context":"https:\/\/schema.org","@graph":[{"@type":"WebPage","@id":"https:\/\/events.pmfst.unist.hr\/promath2024\/the-program-and-organizing-committee\/","url":"https:\/\/events.pmfst.unist.hr\/promath2024\/the-program-and-organizing-committee\/","name":"The Program and Organizing Committee - ProMath 2024 23rd conference on Problem Solving in Mathematics Education","isPartOf":{"@id":"https:\/\/events.pmfst.unist.hr\/promath2024\/#website"},"datePublished":"2023-12-14T07:33:13+00:00","breadcrumb":{"@id":"https:\/\/events.pmfst.unist.hr\/promath2024\/the-program-and-organizing-committee\/#breadcrumb"},"inLanguage":"en-US","potentialAction":[{"@type":"ReadAction","target":["https:\/\/events.pmfst.unist.hr\/promath2024\/the-program-and-organizing-committee\/"]}]},{"@type":"BreadcrumbList","@id":"https:\/\/events.pmfst.unist.hr\/promath2024\/the-program-and-organizing-committee\/#breadcrumb","itemListElement":[{"@type":"ListItem","position":1,"name":"Home","item":"https:\/\/events.pmfst.unist.hr\/promath2024\/"},{"@type":"ListItem","position":2,"name":"The Program and Organizing Committee"}]},{"@type":"WebSite","@id":"https:\/\/events.pmfst.unist.hr\/promath2024\/#website","url":"https:\/\/events.pmfst.unist.hr\/promath2024\/","name":"ProMath 2024 23rd conference on Problem Solving in Mathematics Education","description":"","publisher":{"@id":"https:\/\/events.pmfst.unist.hr\/promath2024\/#organization"},"potentialAction":[{"@type":"SearchAction","target":{"@type":"EntryPoint","urlTemplate":"https:\/\/events.pmfst.unist.hr\/promath2024\/?s={search_term_string}"},"query-input":{"@type":"PropertyValueSpecification","valueRequired":true,"valueName":"search_term_string"}}],"inLanguage":"en-US"},{"@type":"Organization","@id":"https:\/\/events.pmfst.unist.hr\/promath2024\/#organization","name":"ProMath 2024 23rd conference on Problem Solving in Mathematics Education","url":"https:\/\/events.pmfst.unist.hr\/promath2024\/","logo":{"@type":"ImageObject","inLanguage":"en-US","@id":"https:\/\/events.pmfst.unist.hr\/promath2024\/#\/schema\/logo\/image\/","url":"https:\/\/events.pmfst.unist.hr\/phyphi\/wp-content\/uploads\/sites\/2\/2022\/06\/logo.png","contentUrl":"https:\/\/events.pmfst.unist.hr\/phyphi\/wp-content\/uploads\/sites\/2\/2022\/06\/logo.png","width":75,"height":128,"caption":"ProMath 2024 23rd conference on Problem Solving in Mathematics Education"},"image":{"@id":"https:\/\/events.pmfst.unist.hr\/promath2024\/#\/schema\/logo\/image\/"}}]}},"_links":{"self":[{"href":"https:\/\/events.pmfst.unist.hr\/promath2024\/wp-json\/wp\/v2\/pages\/100","targetHints":{"allow":["GET"]}}],"collection":[{"href":"https:\/\/events.pmfst.unist.hr\/promath2024\/wp-json\/wp\/v2\/pages"}],"about":[{"href":"https:\/\/events.pmfst.unist.hr\/promath2024\/wp-json\/wp\/v2\/types\/page"}],"author":[{"embeddable":true,"href":"https:\/\/events.pmfst.unist.hr\/promath2024\/wp-json\/wp\/v2\/users\/1"}],"replies":[{"embeddable":true,"href":"https:\/\/events.pmfst.unist.hr\/promath2024\/wp-json\/wp\/v2\/comments?post=100"}],"version-history":[{"count":0,"href":"https:\/\/events.pmfst.unist.hr\/promath2024\/wp-json\/wp\/v2\/pages\/100\/revisions"}],"wp:attachment":[{"href":"https:\/\/events.pmfst.unist.hr\/promath2024\/wp-json\/wp\/v2\/media?parent=100"}],"curies":[{"name":"wp","href":"https:\/\/api.w.org\/{rel}","templated":true}]}}