{"id":54,"date":"2022-08-23T06:38:31","date_gmt":"2022-08-23T06:38:31","guid":{"rendered":"https:\/\/events.pmfst.unist.hr\/phyphi\/?page_id=54"},"modified":"2022-08-25T06:46:52","modified_gmt":"2022-08-25T06:46:52","slug":"program","status":"publish","type":"page","link":"https:\/\/events.pmfst.unist.hr\/phyphi\/program\/","title":{"rendered":"Program"},"content":{"rendered":"<div class=\"wpb-content-wrapper\">[vc_row][vc_column][vc_column_text css=&#8221;.vc_custom_1661236689685{margin-bottom: 0px !important;}&#8221;]September 1<sup>st<\/sup><\/p>\n<p>7pm: Tim Maudlin, NYU, New York<br \/>\nOn the Emergence of Relativistic Structure from Discrete Space-Time with a Global Foliation<\/p>\n<p>8pm: Hrvoje Nikoli\u0107,\u00a0Ru\u0111er Bo\u0161kovi\u0107 Institute, Zagreb<br \/>\nRelativistic QFT from a Bohmian perspective: A proof of concept<\/p>\n<p>9.30pm: Denis K. Sunko PMF, Zagreb<br \/>\nWhen must fermions be antisymmetrized?<\/p>\n<p>10.30 pm: David Ellerman University of Ljubljana<br \/>\nTo Interpret QM &#8220;Follow the Math&#8221;: Math of QM = Linearized Partition Math<\/p>\n<p>&nbsp;<\/p>\n<p>September 2<sup>nd<\/sup><\/p>\n<p>7pm: Dragan Poljak, University of Split, FESB<br \/>\nClassical Electromagnetics from Variational Principles<br \/>\n7.45 pm: Ivica Aviani PMF, Split<\/p>\n<p>8.30pm: Neven Bili\u0107, Ru\u0111er Bo\u0161kovi\u0107 Institute, Zagreb<br \/>\nSuperluminal Propagation and Causality<\/p>\n<p>9.45 Larisa Zorani\u0107, PMF, Split<\/p>\n<p>10.30 pm: Round Table Discussion: Ten years of P&amp;P[\/vc_column_text][\/vc_column][\/vc_row]\n<\/div>","protected":false},"excerpt":{"rendered":"<p>[vc_row][vc_column][vc_column_text css=&#8221;.vc_custom_1661236689685{margin-bottom: 0px !important;}&#8221;]September 1st 7pm: Tim Maudlin, NYU, New York On the Emergence of Relativistic Structure from Discrete Space-Time with a Global Foliation 8pm: Hrvoje Nikoli\u0107,\u00a0Ru\u0111er Bo\u0161kovi\u0107 Institute, Zagreb Relativistic QFT from a Bohmian perspective: A proof of concept 9.30pm: Denis K. Sunko PMF, Zagreb When must fermions be antisymmetrized? 10.30 pm: David Ellerman [&hellip;]<\/p>\n","protected":false},"author":1,"featured_media":0,"parent":0,"menu_order":0,"comment_status":"closed","ping_status":"closed","template":"","meta":{"footnotes":""},"class_list":["post-54","page","type-page","status-publish","hentry"],"yoast_head":"<!-- This site is optimized with the Yoast SEO plugin v26.9 - https:\/\/yoast.com\/product\/yoast-seo-wordpress\/ -->\n<title>Program - PHYSICS AND PHILOSOPHY (P&amp;P)<\/title>\n<meta name=\"robots\" content=\"index, follow, max-snippet:-1, max-image-preview:large, max-video-preview:-1\" \/>\n<link rel=\"canonical\" href=\"https:\/\/events.pmfst.unist.hr\/phyphi\/program\/\" \/>\n<meta property=\"og:locale\" content=\"en_US\" \/>\n<meta property=\"og:type\" content=\"article\" \/>\n<meta property=\"og:title\" content=\"Program - PHYSICS AND PHILOSOPHY (P&amp;P)\" \/>\n<meta property=\"og:description\" content=\"[vc_row][vc_column][vc_column_text css=&#8221;.vc_custom_1661236689685{margin-bottom: 0px !important;}&#8221;]September 1st 7pm: Tim Maudlin, NYU, New York On the Emergence of Relativistic Structure from Discrete Space-Time with a Global Foliation 8pm: Hrvoje Nikoli\u0107,\u00a0Ru\u0111er Bo\u0161kovi\u0107 Institute, Zagreb Relativistic QFT from a Bohmian perspective: A proof of concept 9.30pm: Denis K. Sunko PMF, Zagreb When must fermions be antisymmetrized? 10.30 pm: David Ellerman [&hellip;]\" \/>\n<meta property=\"og:url\" content=\"https:\/\/events.pmfst.unist.hr\/phyphi\/program\/\" \/>\n<meta property=\"og:site_name\" content=\"PHYSICS AND PHILOSOPHY (P&amp;P)\" \/>\n<meta property=\"article:modified_time\" content=\"2022-08-25T06:46:52+00:00\" \/>\n<meta name=\"twitter:card\" content=\"summary_large_image\" \/>\n<meta name=\"twitter:label1\" content=\"Est. reading time\" \/>\n\t<meta name=\"twitter:data1\" content=\"1 minute\" \/>\n<script type=\"application\/ld+json\" class=\"yoast-schema-graph\">{\"@context\":\"https:\/\/schema.org\",\"@graph\":[{\"@type\":\"WebPage\",\"@id\":\"https:\/\/events.pmfst.unist.hr\/phyphi\/program\/\",\"url\":\"https:\/\/events.pmfst.unist.hr\/phyphi\/program\/\",\"name\":\"Program - PHYSICS AND PHILOSOPHY (P&amp;P)\",\"isPartOf\":{\"@id\":\"https:\/\/events.pmfst.unist.hr\/phyphi\/#website\"},\"datePublished\":\"2022-08-23T06:38:31+00:00\",\"dateModified\":\"2022-08-25T06:46:52+00:00\",\"breadcrumb\":{\"@id\":\"https:\/\/events.pmfst.unist.hr\/phyphi\/program\/#breadcrumb\"},\"inLanguage\":\"en-US\",\"potentialAction\":[{\"@type\":\"ReadAction\",\"target\":[\"https:\/\/events.pmfst.unist.hr\/phyphi\/program\/\"]}]},{\"@type\":\"BreadcrumbList\",\"@id\":\"https:\/\/events.pmfst.unist.hr\/phyphi\/program\/#breadcrumb\",\"itemListElement\":[{\"@type\":\"ListItem\",\"position\":1,\"name\":\"Home\",\"item\":\"https:\/\/events.pmfst.unist.hr\/phyphi\/\"},{\"@type\":\"ListItem\",\"position\":2,\"name\":\"Program\"}]},{\"@type\":\"WebSite\",\"@id\":\"https:\/\/events.pmfst.unist.hr\/phyphi\/#website\",\"url\":\"https:\/\/events.pmfst.unist.hr\/phyphi\/\",\"name\":\"PHYSICS AND PHILOSOPHY (P&amp;P)\",\"description\":\"PHYSICS AND PHILOSOPHY (P&amp;P) 2022 Locality and Non-locality in Physics\",\"publisher\":{\"@id\":\"https:\/\/events.pmfst.unist.hr\/phyphi\/#organization\"},\"potentialAction\":[{\"@type\":\"SearchAction\",\"target\":{\"@type\":\"EntryPoint\",\"urlTemplate\":\"https:\/\/events.pmfst.unist.hr\/phyphi\/?s={search_term_string}\"},\"query-input\":{\"@type\":\"PropertyValueSpecification\",\"valueRequired\":true,\"valueName\":\"search_term_string\"}}],\"inLanguage\":\"en-US\"},{\"@type\":\"Organization\",\"@id\":\"https:\/\/events.pmfst.unist.hr\/phyphi\/#organization\",\"name\":\"PHYSICS AND PHILOSOPHY (P&amp;P)\",\"url\":\"https:\/\/events.pmfst.unist.hr\/phyphi\/\",\"logo\":{\"@type\":\"ImageObject\",\"inLanguage\":\"en-US\",\"@id\":\"https:\/\/events.pmfst.unist.hr\/phyphi\/#\/schema\/logo\/image\/\",\"url\":\"https:\/\/events.pmfst.unist.hr\/phyphi\/wp-content\/uploads\/sites\/2\/2022\/06\/logo.png\",\"contentUrl\":\"https:\/\/events.pmfst.unist.hr\/phyphi\/wp-content\/uploads\/sites\/2\/2022\/06\/logo.png\",\"width\":75,\"height\":128,\"caption\":\"PHYSICS AND PHILOSOPHY (P&amp;P)\"},\"image\":{\"@id\":\"https:\/\/events.pmfst.unist.hr\/phyphi\/#\/schema\/logo\/image\/\"}}]}<\/script>\n<!-- \/ Yoast SEO plugin. -->","yoast_head_json":{"title":"Program - PHYSICS AND PHILOSOPHY (P&amp;P)","robots":{"index":"index","follow":"follow","max-snippet":"max-snippet:-1","max-image-preview":"max-image-preview:large","max-video-preview":"max-video-preview:-1"},"canonical":"https:\/\/events.pmfst.unist.hr\/phyphi\/program\/","og_locale":"en_US","og_type":"article","og_title":"Program - PHYSICS AND PHILOSOPHY (P&amp;P)","og_description":"[vc_row][vc_column][vc_column_text css=&#8221;.vc_custom_1661236689685{margin-bottom: 0px !important;}&#8221;]September 1st 7pm: Tim Maudlin, NYU, New York On the Emergence of Relativistic Structure from Discrete Space-Time with a Global Foliation 8pm: Hrvoje Nikoli\u0107,\u00a0Ru\u0111er Bo\u0161kovi\u0107 Institute, Zagreb Relativistic QFT from a Bohmian perspective: A proof of concept 9.30pm: Denis K. Sunko PMF, Zagreb When must fermions be antisymmetrized? 10.30 pm: David Ellerman [&hellip;]","og_url":"https:\/\/events.pmfst.unist.hr\/phyphi\/program\/","og_site_name":"PHYSICS AND PHILOSOPHY (P&amp;P)","article_modified_time":"2022-08-25T06:46:52+00:00","twitter_card":"summary_large_image","twitter_misc":{"Est. reading time":"1 minute"},"schema":{"@context":"https:\/\/schema.org","@graph":[{"@type":"WebPage","@id":"https:\/\/events.pmfst.unist.hr\/phyphi\/program\/","url":"https:\/\/events.pmfst.unist.hr\/phyphi\/program\/","name":"Program - PHYSICS AND PHILOSOPHY (P&amp;P)","isPartOf":{"@id":"https:\/\/events.pmfst.unist.hr\/phyphi\/#website"},"datePublished":"2022-08-23T06:38:31+00:00","dateModified":"2022-08-25T06:46:52+00:00","breadcrumb":{"@id":"https:\/\/events.pmfst.unist.hr\/phyphi\/program\/#breadcrumb"},"inLanguage":"en-US","potentialAction":[{"@type":"ReadAction","target":["https:\/\/events.pmfst.unist.hr\/phyphi\/program\/"]}]},{"@type":"BreadcrumbList","@id":"https:\/\/events.pmfst.unist.hr\/phyphi\/program\/#breadcrumb","itemListElement":[{"@type":"ListItem","position":1,"name":"Home","item":"https:\/\/events.pmfst.unist.hr\/phyphi\/"},{"@type":"ListItem","position":2,"name":"Program"}]},{"@type":"WebSite","@id":"https:\/\/events.pmfst.unist.hr\/phyphi\/#website","url":"https:\/\/events.pmfst.unist.hr\/phyphi\/","name":"PHYSICS AND PHILOSOPHY (P&amp;P)","description":"PHYSICS AND PHILOSOPHY (P&amp;P) 2022 Locality and Non-locality in Physics","publisher":{"@id":"https:\/\/events.pmfst.unist.hr\/phyphi\/#organization"},"potentialAction":[{"@type":"SearchAction","target":{"@type":"EntryPoint","urlTemplate":"https:\/\/events.pmfst.unist.hr\/phyphi\/?s={search_term_string}"},"query-input":{"@type":"PropertyValueSpecification","valueRequired":true,"valueName":"search_term_string"}}],"inLanguage":"en-US"},{"@type":"Organization","@id":"https:\/\/events.pmfst.unist.hr\/phyphi\/#organization","name":"PHYSICS AND PHILOSOPHY (P&amp;P)","url":"https:\/\/events.pmfst.unist.hr\/phyphi\/","logo":{"@type":"ImageObject","inLanguage":"en-US","@id":"https:\/\/events.pmfst.unist.hr\/phyphi\/#\/schema\/logo\/image\/","url":"https:\/\/events.pmfst.unist.hr\/phyphi\/wp-content\/uploads\/sites\/2\/2022\/06\/logo.png","contentUrl":"https:\/\/events.pmfst.unist.hr\/phyphi\/wp-content\/uploads\/sites\/2\/2022\/06\/logo.png","width":75,"height":128,"caption":"PHYSICS AND PHILOSOPHY (P&amp;P)"},"image":{"@id":"https:\/\/events.pmfst.unist.hr\/phyphi\/#\/schema\/logo\/image\/"}}]}},"_links":{"self":[{"href":"https:\/\/events.pmfst.unist.hr\/phyphi\/wp-json\/wp\/v2\/pages\/54","targetHints":{"allow":["GET"]}}],"collection":[{"href":"https:\/\/events.pmfst.unist.hr\/phyphi\/wp-json\/wp\/v2\/pages"}],"about":[{"href":"https:\/\/events.pmfst.unist.hr\/phyphi\/wp-json\/wp\/v2\/types\/page"}],"author":[{"embeddable":true,"href":"https:\/\/events.pmfst.unist.hr\/phyphi\/wp-json\/wp\/v2\/users\/1"}],"replies":[{"embeddable":true,"href":"https:\/\/events.pmfst.unist.hr\/phyphi\/wp-json\/wp\/v2\/comments?post=54"}],"version-history":[{"count":0,"href":"https:\/\/events.pmfst.unist.hr\/phyphi\/wp-json\/wp\/v2\/pages\/54\/revisions"}],"wp:attachment":[{"href":"https:\/\/events.pmfst.unist.hr\/phyphi\/wp-json\/wp\/v2\/media?parent=54"}],"curies":[{"name":"wp","href":"https:\/\/api.w.org\/{rel}","templated":true}]}}