{"id":49,"date":"2022-07-13T07:59:14","date_gmt":"2022-07-13T07:59:14","guid":{"rendered":"https:\/\/events.pmfst.unist.hr\/phyphi\/?page_id=49"},"modified":"2022-07-13T07:59:50","modified_gmt":"2022-07-13T07:59:50","slug":"the-sixth-physics-philosophy-meeting-in-conjunction-with-the-summer-school-4-7-july-2017","status":"publish","type":"page","link":"https:\/\/events.pmfst.unist.hr\/phyphi\/the-sixth-physics-philosophy-meeting-in-conjunction-with-the-summer-school-4-7-july-2017\/","title":{"rendered":"The Sixth PHYSICS &#038; PHILOSOPHY Meeting in Conjunction with the Summer School 4-7 July 2017"},"content":{"rendered":"<div class=\"bs-wrap bs-wrap-panel panel panel-success\">\n<div class=\"panel-heading\">\n<h4 class=\"panel-title\">Summer School<\/h4>\n<p>Physics and Philosophy, 4-7 July 2017<\/p>\n<\/div>\n<div class=\"panel-body\">\n<div class=\"table sectionedit3 table-responsive\">\n<table class=\"inline table table-striped table-condensed\">\n<tbody>\n<tr class=\"row0\">\n<th class=\"col0\"><img decoding=\"async\" class=\"media img-responsive\" src=\"https:\/\/mapmf.pmfst.unist.hr\/~sokolic\/lib\/exe\/fetch.php?w=129&amp;tok=e4c90e&amp;media=2016:logo.png\" alt=\"\" width=\"129\" \/><\/th>\n<td class=\"col1\">Department of Physics. Faculty of Science. University of Split<\/td>\n<\/tr>\n<\/tbody>\n<\/table>\n<\/div>\n<p>&nbsp;<\/p>\n<div class=\"bs-wrap bs-wrap-well well \"><strong>HOW TO APPLY<\/strong>:\u00a0<a class=\"wikilink1\" title=\"2017:application\" href=\"https:\/\/mapmf.pmfst.unist.hr\/~sokolic\/doku.php?id=2017:application\">Application process<\/a><\/div>\n<p>&nbsp;<\/p>\n<\/div>\n<\/div>\n<div class=\"bs-wrap bs-wrap-panel panel panel-success\">\n<div class=\"panel-heading\">\n<h4 class=\"panel-title\">Conference<\/h4>\n<p>Space, Time and Causality in Physics and Philosophy&#8212; (including section on Education in Physics and Philosophy), 6-7 July 2017<\/p>\n<\/div>\n<div class=\"panel-body\">\n<div class=\"table sectionedit4 table-responsive\">\n<table class=\"inline table table-striped table-condensed\">\n<tbody>\n<tr class=\"row0\">\n<th class=\"col0\" colspan=\"4\">Co-Organizers<\/th>\n<\/tr>\n<tr class=\"row1\">\n<th class=\"col0\"><img decoding=\"async\" class=\"media img-responsive\" src=\"https:\/\/mapmf.pmfst.unist.hr\/~sokolic\/lib\/exe\/fetch.php?w=53&amp;tok=91aae0&amp;media=2016:logo.png\" alt=\"\" width=\"53\" \/><\/th>\n<td class=\"col1\">Faculty of Science. University of Split<\/td>\n<th class=\"col2\"><img decoding=\"async\" class=\"media img-responsive\" src=\"https:\/\/mapmf.pmfst.unist.hr\/~sokolic\/lib\/exe\/fetch.php?w=53&amp;tok=2bd07f&amp;media=2016:logoff.png\" alt=\"\" width=\"53\" \/><\/th>\n<td class=\"col3\">Faculty of Humanities and Social Sciences (Research Centre for Logic, Epistemology, and Philosophy of Science). University of Split<\/td>\n<\/tr>\n<tr class=\"row2\">\n<th class=\"col0\"><img decoding=\"async\" class=\"media img-responsive\" src=\"https:\/\/mapmf.pmfst.unist.hr\/~sokolic\/lib\/exe\/fetch.php?w=53&amp;tok=5940f0&amp;media=2016:fesb.png\" alt=\"\" width=\"53\" \/><\/th>\n<td class=\"col1\">Faculty of Electrical Engineering, Mechanical Engineering and Naval Architecture. University of Split<\/td>\n<th class=\"col2\"><img decoding=\"async\" class=\"media img-responsive\" src=\"https:\/\/mapmf.pmfst.unist.hr\/~sokolic\/lib\/exe\/fetch.php?w=53&amp;tok=343c92&amp;media=2016:ifzg.png\" alt=\"\" width=\"53\" \/><\/th>\n<td class=\"col3\">Institute of Philosophy, Zagreb, a public research institute of the Republic of Croatia<\/td>\n<\/tr>\n<\/tbody>\n<\/table>\n<\/div>\n<ul class=\"\">\n<li class=\"level1\">\n<div class=\"li\"><strong>Program Committee<\/strong>: Franjo Sokoli\u0107 (chair), Dragan Poljak, Berislav \u017darni\u0107<\/div>\n<\/li>\n<li class=\"level1\">\n<div class=\"li\"><strong>Organizing Committee<\/strong>: Gabriela Ba\u0161i\u0107, Irena Bitunjac, Luka Bor\u0161i\u0107, Ljudevit Han\u017eek, Bernarda Lovrin\u010devi\u0107, Martina Po\u017ear, Tomislav Primorac.<\/div>\n<\/li>\n<\/ul>\n<\/div>\n<\/div>\n","protected":false},"excerpt":{"rendered":"<p>Summer School Physics and Philosophy, 4-7 July 2017 Department of Physics. Faculty of Science. University of Split &nbsp; HOW TO APPLY:\u00a0Application process &nbsp; Conference Space, Time and Causality in Physics and Philosophy&#8212; (including section on Education in Physics and Philosophy), 6-7 July 2017 Co-Organizers Faculty of Science. University of Split Faculty of Humanities and Social [&hellip;]<\/p>\n","protected":false},"author":1,"featured_media":0,"parent":0,"menu_order":0,"comment_status":"closed","ping_status":"closed","template":"","meta":{"footnotes":""},"class_list":["post-49","page","type-page","status-publish","hentry"],"yoast_head":"<!-- This site is optimized with the Yoast SEO plugin v26.9 - https:\/\/yoast.com\/product\/yoast-seo-wordpress\/ -->\n<title>The Sixth PHYSICS &amp; PHILOSOPHY Meeting in Conjunction with the Summer School 4-7 July 2017 - PHYSICS AND PHILOSOPHY (P&amp;P)<\/title>\n<meta name=\"robots\" content=\"index, follow, max-snippet:-1, max-image-preview:large, max-video-preview:-1\" \/>\n<link rel=\"canonical\" href=\"https:\/\/events.pmfst.unist.hr\/phyphi\/the-sixth-physics-philosophy-meeting-in-conjunction-with-the-summer-school-4-7-july-2017\/\" \/>\n<meta property=\"og:locale\" content=\"en_US\" \/>\n<meta property=\"og:type\" content=\"article\" \/>\n<meta property=\"og:title\" content=\"The Sixth PHYSICS &amp; PHILOSOPHY Meeting in Conjunction with the Summer School 4-7 July 2017 - PHYSICS AND PHILOSOPHY (P&amp;P)\" \/>\n<meta property=\"og:description\" content=\"Summer School Physics and Philosophy, 4-7 July 2017 Department of Physics. Faculty of Science. University of Split &nbsp; HOW TO APPLY:\u00a0Application process &nbsp; Conference Space, Time and Causality in Physics and Philosophy&#8212; (including section on Education in Physics and Philosophy), 6-7 July 2017 Co-Organizers Faculty of Science. University of Split Faculty of Humanities and Social [&hellip;]\" \/>\n<meta property=\"og:url\" content=\"https:\/\/events.pmfst.unist.hr\/phyphi\/the-sixth-physics-philosophy-meeting-in-conjunction-with-the-summer-school-4-7-july-2017\/\" \/>\n<meta property=\"og:site_name\" content=\"PHYSICS AND PHILOSOPHY (P&amp;P)\" \/>\n<meta property=\"article:modified_time\" content=\"2022-07-13T07:59:50+00:00\" \/>\n<meta property=\"og:image\" content=\"https:\/\/mapmf.pmfst.unist.hr\/~sokolic\/lib\/exe\/fetch.php?w=129&amp;tok=e4c90e&amp;media=2016:logo.png\" \/>\n<meta name=\"twitter:card\" content=\"summary_large_image\" \/>\n<meta name=\"twitter:label1\" content=\"Est. reading time\" \/>\n\t<meta name=\"twitter:data1\" content=\"1 minute\" \/>\n<script type=\"application\/ld+json\" class=\"yoast-schema-graph\">{\"@context\":\"https:\/\/schema.org\",\"@graph\":[{\"@type\":\"WebPage\",\"@id\":\"https:\/\/events.pmfst.unist.hr\/phyphi\/the-sixth-physics-philosophy-meeting-in-conjunction-with-the-summer-school-4-7-july-2017\/\",\"url\":\"https:\/\/events.pmfst.unist.hr\/phyphi\/the-sixth-physics-philosophy-meeting-in-conjunction-with-the-summer-school-4-7-july-2017\/\",\"name\":\"The Sixth PHYSICS & PHILOSOPHY Meeting in Conjunction with the Summer School 4-7 July 2017 - PHYSICS AND PHILOSOPHY (P&amp;P)\",\"isPartOf\":{\"@id\":\"https:\/\/events.pmfst.unist.hr\/phyphi\/#website\"},\"primaryImageOfPage\":{\"@id\":\"https:\/\/events.pmfst.unist.hr\/phyphi\/the-sixth-physics-philosophy-meeting-in-conjunction-with-the-summer-school-4-7-july-2017\/#primaryimage\"},\"image\":{\"@id\":\"https:\/\/events.pmfst.unist.hr\/phyphi\/the-sixth-physics-philosophy-meeting-in-conjunction-with-the-summer-school-4-7-july-2017\/#primaryimage\"},\"thumbnailUrl\":\"https:\/\/mapmf.pmfst.unist.hr\/~sokolic\/lib\/exe\/fetch.php?w=129&amp;tok=e4c90e&amp;media=2016:logo.png\",\"datePublished\":\"2022-07-13T07:59:14+00:00\",\"dateModified\":\"2022-07-13T07:59:50+00:00\",\"breadcrumb\":{\"@id\":\"https:\/\/events.pmfst.unist.hr\/phyphi\/the-sixth-physics-philosophy-meeting-in-conjunction-with-the-summer-school-4-7-july-2017\/#breadcrumb\"},\"inLanguage\":\"en-US\",\"potentialAction\":[{\"@type\":\"ReadAction\",\"target\":[\"https:\/\/events.pmfst.unist.hr\/phyphi\/the-sixth-physics-philosophy-meeting-in-conjunction-with-the-summer-school-4-7-july-2017\/\"]}]},{\"@type\":\"ImageObject\",\"inLanguage\":\"en-US\",\"@id\":\"https:\/\/events.pmfst.unist.hr\/phyphi\/the-sixth-physics-philosophy-meeting-in-conjunction-with-the-summer-school-4-7-july-2017\/#primaryimage\",\"url\":\"https:\/\/mapmf.pmfst.unist.hr\/~sokolic\/lib\/exe\/fetch.php?w=129&amp;tok=e4c90e&amp;media=2016:logo.png\",\"contentUrl\":\"https:\/\/mapmf.pmfst.unist.hr\/~sokolic\/lib\/exe\/fetch.php?w=129&amp;tok=e4c90e&amp;media=2016:logo.png\"},{\"@type\":\"BreadcrumbList\",\"@id\":\"https:\/\/events.pmfst.unist.hr\/phyphi\/the-sixth-physics-philosophy-meeting-in-conjunction-with-the-summer-school-4-7-july-2017\/#breadcrumb\",\"itemListElement\":[{\"@type\":\"ListItem\",\"position\":1,\"name\":\"Home\",\"item\":\"https:\/\/events.pmfst.unist.hr\/phyphi\/\"},{\"@type\":\"ListItem\",\"position\":2,\"name\":\"The Sixth PHYSICS &#038; PHILOSOPHY Meeting in Conjunction with the Summer School 4-7 July 2017\"}]},{\"@type\":\"WebSite\",\"@id\":\"https:\/\/events.pmfst.unist.hr\/phyphi\/#website\",\"url\":\"https:\/\/events.pmfst.unist.hr\/phyphi\/\",\"name\":\"PHYSICS AND PHILOSOPHY (P&amp;P)\",\"description\":\"PHYSICS AND PHILOSOPHY (P&amp;P) 2022 Locality and Non-locality in Physics\",\"publisher\":{\"@id\":\"https:\/\/events.pmfst.unist.hr\/phyphi\/#organization\"},\"potentialAction\":[{\"@type\":\"SearchAction\",\"target\":{\"@type\":\"EntryPoint\",\"urlTemplate\":\"https:\/\/events.pmfst.unist.hr\/phyphi\/?s={search_term_string}\"},\"query-input\":{\"@type\":\"PropertyValueSpecification\",\"valueRequired\":true,\"valueName\":\"search_term_string\"}}],\"inLanguage\":\"en-US\"},{\"@type\":\"Organization\",\"@id\":\"https:\/\/events.pmfst.unist.hr\/phyphi\/#organization\",\"name\":\"PHYSICS AND PHILOSOPHY (P&amp;P)\",\"url\":\"https:\/\/events.pmfst.unist.hr\/phyphi\/\",\"logo\":{\"@type\":\"ImageObject\",\"inLanguage\":\"en-US\",\"@id\":\"https:\/\/events.pmfst.unist.hr\/phyphi\/#\/schema\/logo\/image\/\",\"url\":\"https:\/\/events.pmfst.unist.hr\/phyphi\/wp-content\/uploads\/sites\/2\/2022\/06\/logo.png\",\"contentUrl\":\"https:\/\/events.pmfst.unist.hr\/phyphi\/wp-content\/uploads\/sites\/2\/2022\/06\/logo.png\",\"width\":75,\"height\":128,\"caption\":\"PHYSICS AND PHILOSOPHY (P&amp;P)\"},\"image\":{\"@id\":\"https:\/\/events.pmfst.unist.hr\/phyphi\/#\/schema\/logo\/image\/\"}}]}<\/script>\n<!-- \/ Yoast SEO plugin. -->","yoast_head_json":{"title":"The Sixth PHYSICS & PHILOSOPHY Meeting in Conjunction with the Summer School 4-7 July 2017 - PHYSICS AND PHILOSOPHY (P&amp;P)","robots":{"index":"index","follow":"follow","max-snippet":"max-snippet:-1","max-image-preview":"max-image-preview:large","max-video-preview":"max-video-preview:-1"},"canonical":"https:\/\/events.pmfst.unist.hr\/phyphi\/the-sixth-physics-philosophy-meeting-in-conjunction-with-the-summer-school-4-7-july-2017\/","og_locale":"en_US","og_type":"article","og_title":"The Sixth PHYSICS & PHILOSOPHY Meeting in Conjunction with the Summer School 4-7 July 2017 - PHYSICS AND PHILOSOPHY (P&amp;P)","og_description":"Summer School Physics and Philosophy, 4-7 July 2017 Department of Physics. Faculty of Science. University of Split &nbsp; HOW TO APPLY:\u00a0Application process &nbsp; Conference Space, Time and Causality in Physics and Philosophy&#8212; (including section on Education in Physics and Philosophy), 6-7 July 2017 Co-Organizers Faculty of Science. University of Split Faculty of Humanities and Social [&hellip;]","og_url":"https:\/\/events.pmfst.unist.hr\/phyphi\/the-sixth-physics-philosophy-meeting-in-conjunction-with-the-summer-school-4-7-july-2017\/","og_site_name":"PHYSICS AND PHILOSOPHY (P&amp;P)","article_modified_time":"2022-07-13T07:59:50+00:00","og_image":[{"url":"https:\/\/mapmf.pmfst.unist.hr\/~sokolic\/lib\/exe\/fetch.php?w=129&amp;tok=e4c90e&amp;media=2016:logo.png","type":"","width":"","height":""}],"twitter_card":"summary_large_image","twitter_misc":{"Est. reading time":"1 minute"},"schema":{"@context":"https:\/\/schema.org","@graph":[{"@type":"WebPage","@id":"https:\/\/events.pmfst.unist.hr\/phyphi\/the-sixth-physics-philosophy-meeting-in-conjunction-with-the-summer-school-4-7-july-2017\/","url":"https:\/\/events.pmfst.unist.hr\/phyphi\/the-sixth-physics-philosophy-meeting-in-conjunction-with-the-summer-school-4-7-july-2017\/","name":"The Sixth PHYSICS & PHILOSOPHY Meeting in Conjunction with the Summer School 4-7 July 2017 - PHYSICS AND PHILOSOPHY (P&amp;P)","isPartOf":{"@id":"https:\/\/events.pmfst.unist.hr\/phyphi\/#website"},"primaryImageOfPage":{"@id":"https:\/\/events.pmfst.unist.hr\/phyphi\/the-sixth-physics-philosophy-meeting-in-conjunction-with-the-summer-school-4-7-july-2017\/#primaryimage"},"image":{"@id":"https:\/\/events.pmfst.unist.hr\/phyphi\/the-sixth-physics-philosophy-meeting-in-conjunction-with-the-summer-school-4-7-july-2017\/#primaryimage"},"thumbnailUrl":"https:\/\/mapmf.pmfst.unist.hr\/~sokolic\/lib\/exe\/fetch.php?w=129&amp;tok=e4c90e&amp;media=2016:logo.png","datePublished":"2022-07-13T07:59:14+00:00","dateModified":"2022-07-13T07:59:50+00:00","breadcrumb":{"@id":"https:\/\/events.pmfst.unist.hr\/phyphi\/the-sixth-physics-philosophy-meeting-in-conjunction-with-the-summer-school-4-7-july-2017\/#breadcrumb"},"inLanguage":"en-US","potentialAction":[{"@type":"ReadAction","target":["https:\/\/events.pmfst.unist.hr\/phyphi\/the-sixth-physics-philosophy-meeting-in-conjunction-with-the-summer-school-4-7-july-2017\/"]}]},{"@type":"ImageObject","inLanguage":"en-US","@id":"https:\/\/events.pmfst.unist.hr\/phyphi\/the-sixth-physics-philosophy-meeting-in-conjunction-with-the-summer-school-4-7-july-2017\/#primaryimage","url":"https:\/\/mapmf.pmfst.unist.hr\/~sokolic\/lib\/exe\/fetch.php?w=129&amp;tok=e4c90e&amp;media=2016:logo.png","contentUrl":"https:\/\/mapmf.pmfst.unist.hr\/~sokolic\/lib\/exe\/fetch.php?w=129&amp;tok=e4c90e&amp;media=2016:logo.png"},{"@type":"BreadcrumbList","@id":"https:\/\/events.pmfst.unist.hr\/phyphi\/the-sixth-physics-philosophy-meeting-in-conjunction-with-the-summer-school-4-7-july-2017\/#breadcrumb","itemListElement":[{"@type":"ListItem","position":1,"name":"Home","item":"https:\/\/events.pmfst.unist.hr\/phyphi\/"},{"@type":"ListItem","position":2,"name":"The Sixth PHYSICS &#038; PHILOSOPHY Meeting in Conjunction with the Summer School 4-7 July 2017"}]},{"@type":"WebSite","@id":"https:\/\/events.pmfst.unist.hr\/phyphi\/#website","url":"https:\/\/events.pmfst.unist.hr\/phyphi\/","name":"PHYSICS AND PHILOSOPHY (P&amp;P)","description":"PHYSICS AND PHILOSOPHY (P&amp;P) 2022 Locality and Non-locality in Physics","publisher":{"@id":"https:\/\/events.pmfst.unist.hr\/phyphi\/#organization"},"potentialAction":[{"@type":"SearchAction","target":{"@type":"EntryPoint","urlTemplate":"https:\/\/events.pmfst.unist.hr\/phyphi\/?s={search_term_string}"},"query-input":{"@type":"PropertyValueSpecification","valueRequired":true,"valueName":"search_term_string"}}],"inLanguage":"en-US"},{"@type":"Organization","@id":"https:\/\/events.pmfst.unist.hr\/phyphi\/#organization","name":"PHYSICS AND PHILOSOPHY (P&amp;P)","url":"https:\/\/events.pmfst.unist.hr\/phyphi\/","logo":{"@type":"ImageObject","inLanguage":"en-US","@id":"https:\/\/events.pmfst.unist.hr\/phyphi\/#\/schema\/logo\/image\/","url":"https:\/\/events.pmfst.unist.hr\/phyphi\/wp-content\/uploads\/sites\/2\/2022\/06\/logo.png","contentUrl":"https:\/\/events.pmfst.unist.hr\/phyphi\/wp-content\/uploads\/sites\/2\/2022\/06\/logo.png","width":75,"height":128,"caption":"PHYSICS AND PHILOSOPHY (P&amp;P)"},"image":{"@id":"https:\/\/events.pmfst.unist.hr\/phyphi\/#\/schema\/logo\/image\/"}}]}},"_links":{"self":[{"href":"https:\/\/events.pmfst.unist.hr\/phyphi\/wp-json\/wp\/v2\/pages\/49","targetHints":{"allow":["GET"]}}],"collection":[{"href":"https:\/\/events.pmfst.unist.hr\/phyphi\/wp-json\/wp\/v2\/pages"}],"about":[{"href":"https:\/\/events.pmfst.unist.hr\/phyphi\/wp-json\/wp\/v2\/types\/page"}],"author":[{"embeddable":true,"href":"https:\/\/events.pmfst.unist.hr\/phyphi\/wp-json\/wp\/v2\/users\/1"}],"replies":[{"embeddable":true,"href":"https:\/\/events.pmfst.unist.hr\/phyphi\/wp-json\/wp\/v2\/comments?post=49"}],"version-history":[{"count":0,"href":"https:\/\/events.pmfst.unist.hr\/phyphi\/wp-json\/wp\/v2\/pages\/49\/revisions"}],"wp:attachment":[{"href":"https:\/\/events.pmfst.unist.hr\/phyphi\/wp-json\/wp\/v2\/media?parent=49"}],"curies":[{"name":"wp","href":"https:\/\/api.w.org\/{rel}","templated":true}]}}