{"id":44,"date":"2022-07-05T06:47:37","date_gmt":"2022-07-05T06:47:37","guid":{"rendered":"https:\/\/events.pmfst.unist.hr\/phyphi\/?page_id=44"},"modified":"2022-08-23T07:00:51","modified_gmt":"2022-08-23T07:00:51","slug":"abstracts","status":"publish","type":"page","link":"https:\/\/events.pmfst.unist.hr\/phyphi\/abstracts\/","title":{"rendered":"Abstracts"},"content":{"rendered":"<div class=\"wpb-content-wrapper\">[vc_row][vc_column][vc_column_text css=&#8221;.vc_custom_1661238051689{margin-bottom: 0px !important;}&#8221;]<strong>When must fermions be antisymmetrized?<\/strong><br \/>\n<strong>K. Sunko<\/strong><br \/>\n<strong>Department of Physics, Faculty of Science, University of Zagreb,\u00a0<a href=\"mailto:dks@phy.hr\">dks@phy.hr<\/a><\/strong><br \/>\n<strong>Abstract<\/strong><\/p>\n<p>Quantum coherence is a consequence of the indistinguishability of identical particles, implemented in the case of fermions by requiring that the total wave function be antisymmetric. The scope of this requirement is a function of the concrete physical environment, in which decoherence and thermalization effects are distinct. Some illuminating examples are discussed, comparing in particular large molecules with elemental metals. In the former case, even comparatively few electrons can behave like distinguishable particles, while in the latter a mole of electrons remain coherent over macroscopic distances. Feynman&#8217;s model of indistinguishability\u2014physical exchange of particles in real space\u2014is compared with the standard permutational one. It is argued that Feynman&#8217;s is clearly superior. Some technical issues involved in implementing it are discussed.<\/p>\n<p><strong>To Interpret QM &#8220;Follow the Math&#8221;: Math of QM = Linearized Partition Math<\/strong><br \/>\n<strong>David Ellerman<\/strong><\/p>\n<p>The purpose of this talk is to show that the mathematics of quantum mechanics (QM) is the mathematics of partitions linearized\u00a0to vector spaces, particularly Hilbert spaces. Since partitions are the mathematical\u00a0concept to describe distinctions and indistinctions&#8211;or definiteness and indefiniteness&#8211;at the set level, this shows that the math of QM is the vector space math to describe a reality of objective indefiniteness that is quite different from the classical physics and common sense view of reality as being &#8220;definite all the way down.&#8221;. This follow-the-math approach thus supports the Objective Indefiniteness or Literal Interpretation of QM&#8211;as advocated by Abner Shimony among others. In contrast to other realistic interpretations such as the Bohmian, spontaneous localization, and many worlds interpretations, this approach takes the formalism of QM as being complete without other variables, other equations, or other-worldly ideas.<\/p>\n<p><strong>On the Emergence of Relativistic Structure from Discrete Space-Time with a Global Foliation<\/strong><br \/>\n<strong>Tim Maudlin, NYU, New York<\/strong><\/p>\n<p>Abstract: The empirical success of Special and General Relativity, and of theories that incorporate Relativistic symmetries, argues that the Relativistic account of space-time structure must approximate the truth. But on the other hand, the confirmed violations of Bell\u2019s Inequality for experiments done at space-like separation equally appears to argue for some global foliation of space-time that does not appear in the Relativistic theory.<\/p>\n<p><strong>Relativistic QFT from a Bohmian perspective: A proof of concept<\/strong><br \/>\n<strong>Hrvoje Nikoli\u0107, <\/strong><strong>Ru\u0111er Bo\u0161kovi\u0107 Institute<\/strong><strong>, Zagreb<\/strong><\/p>\n<p>Abstract: Since Bohmian mechanics is explicitly nonlocal, it is widely believed\u00a0that it is very hard, if not impossible, to make Bohmian mechanics<br \/>\ncompatible with relativistic quantum field theory (QFT).<br \/>\nI explain, in simple terms, that it is not hard at all to construct a\u00a0Bohmian theory that lacks Lorentz covariance, but makes the same\u00a0measurable predictions as relativistic QFT.All one has to do is to construct a Bohmian theory that makes the same measurable predictions as QFT in one Lorentz frame, because then standard relativistic QFT itself guarantees that those\u00a0predictions are Lorentz invariant.<br \/>\nI first explain this in general terms, then I describe a simple\u00a0Bohmian model that makes the same measurable predictions as the Standard Model of elementary particles,\u00a0after which I give some hints towards a more fundamental theory beyond Standard Model.<\/p>\n<p><strong>Superluminal Propagation and Causality<\/strong><br \/>\n<strong>Neven Bili\u0107, Ru\u0111er Bo\u0161kovi\u0107 Institute, Zagreb<\/strong><\/p>\n<p>Abstract: Does superluminal propagation necessarily violate causality? It will be demonstrated that a superluminal signal will not violate causality provided a condition on allowed Lorentz transformations is imposed. A necessary condition for the prevention of causality loops will be derived. A related fluid analog and classical field theory will be discussed in the context of causality.<\/p>\n<p><strong>Classical Electromagnetics from Variational Principles<\/strong><br \/>\n<strong>Dragan Poljak, University of Split, FESB<\/strong><\/p>\n<p>Laws of nature can be derived from following fundamental principles; the action principle, locality, Lorentz invariance and gauge invariance. the least action principle, for classical mechanics states that a particle, among all of the trajectories between fixed time instants t1 and t2, follows the path which minimizes the action (time integral of the difference between the kinetic and potential energy, respectively) thus requiring the time averages of the kinetic energy and potential energy to distribute as equally as possible.<\/p>\n<p>This lecture deals with an extension of variational principle in classical mechanics to classical electromagnetics by studying the motion of single charged particle. From the corresponding Lagrangians, featuring Noether&#8217;s theorem and gauge invariance equation of continuity for the charge, Lorentz force and Maxwell&#8217;s equations are derived.<\/p>\n<p>Finally, the application of variational approach in developing a base for the numerical solution methods in electromagnetics are given.<\/p>\n[\/vc_column_text][\/vc_column][\/vc_row]\n<\/div>","protected":false},"excerpt":{"rendered":"<p>[vc_row][vc_column][vc_column_text css=&#8221;.vc_custom_1661238051689{margin-bottom: 0px !important;}&#8221;]When must fermions be antisymmetrized? K. Sunko Department of Physics, Faculty of Science, University of Zagreb,\u00a0dks@phy.hr Abstract Quantum coherence is a consequence of the indistinguishability of identical particles, implemented in the case of fermions by requiring that the total wave function be antisymmetric. The scope of this requirement is a function of [&hellip;]<\/p>\n","protected":false},"author":1,"featured_media":0,"parent":0,"menu_order":0,"comment_status":"closed","ping_status":"closed","template":"","meta":{"footnotes":""},"class_list":["post-44","page","type-page","status-publish","hentry"],"yoast_head":"<!-- This site is optimized with the Yoast SEO plugin v26.9 - https:\/\/yoast.com\/product\/yoast-seo-wordpress\/ -->\n<title>Abstracts - PHYSICS AND PHILOSOPHY (P&amp;P)<\/title>\n<meta name=\"robots\" content=\"index, follow, max-snippet:-1, max-image-preview:large, max-video-preview:-1\" \/>\n<link rel=\"canonical\" href=\"https:\/\/events.pmfst.unist.hr\/phyphi\/abstracts\/\" \/>\n<meta property=\"og:locale\" content=\"en_US\" \/>\n<meta property=\"og:type\" content=\"article\" \/>\n<meta property=\"og:title\" content=\"Abstracts - PHYSICS AND PHILOSOPHY (P&amp;P)\" \/>\n<meta property=\"og:description\" content=\"[vc_row][vc_column][vc_column_text css=&#8221;.vc_custom_1661238051689{margin-bottom: 0px !important;}&#8221;]When must fermions be antisymmetrized? K. Sunko Department of Physics, Faculty of Science, University of Zagreb,\u00a0dks@phy.hr Abstract Quantum coherence is a consequence of the indistinguishability of identical particles, implemented in the case of fermions by requiring that the total wave function be antisymmetric. The scope of this requirement is a function of [&hellip;]\" \/>\n<meta property=\"og:url\" content=\"https:\/\/events.pmfst.unist.hr\/phyphi\/abstracts\/\" \/>\n<meta property=\"og:site_name\" content=\"PHYSICS AND PHILOSOPHY (P&amp;P)\" \/>\n<meta property=\"article:modified_time\" content=\"2022-08-23T07:00:51+00:00\" \/>\n<meta name=\"twitter:card\" content=\"summary_large_image\" \/>\n<meta name=\"twitter:label1\" content=\"Est. reading time\" \/>\n\t<meta name=\"twitter:data1\" content=\"3 minutes\" \/>\n<script type=\"application\/ld+json\" class=\"yoast-schema-graph\">{\"@context\":\"https:\/\/schema.org\",\"@graph\":[{\"@type\":\"WebPage\",\"@id\":\"https:\/\/events.pmfst.unist.hr\/phyphi\/abstracts\/\",\"url\":\"https:\/\/events.pmfst.unist.hr\/phyphi\/abstracts\/\",\"name\":\"Abstracts - PHYSICS AND PHILOSOPHY (P&amp;P)\",\"isPartOf\":{\"@id\":\"https:\/\/events.pmfst.unist.hr\/phyphi\/#website\"},\"datePublished\":\"2022-07-05T06:47:37+00:00\",\"dateModified\":\"2022-08-23T07:00:51+00:00\",\"breadcrumb\":{\"@id\":\"https:\/\/events.pmfst.unist.hr\/phyphi\/abstracts\/#breadcrumb\"},\"inLanguage\":\"en-US\",\"potentialAction\":[{\"@type\":\"ReadAction\",\"target\":[\"https:\/\/events.pmfst.unist.hr\/phyphi\/abstracts\/\"]}]},{\"@type\":\"BreadcrumbList\",\"@id\":\"https:\/\/events.pmfst.unist.hr\/phyphi\/abstracts\/#breadcrumb\",\"itemListElement\":[{\"@type\":\"ListItem\",\"position\":1,\"name\":\"Home\",\"item\":\"https:\/\/events.pmfst.unist.hr\/phyphi\/\"},{\"@type\":\"ListItem\",\"position\":2,\"name\":\"Abstracts\"}]},{\"@type\":\"WebSite\",\"@id\":\"https:\/\/events.pmfst.unist.hr\/phyphi\/#website\",\"url\":\"https:\/\/events.pmfst.unist.hr\/phyphi\/\",\"name\":\"PHYSICS AND PHILOSOPHY (P&amp;P)\",\"description\":\"PHYSICS AND PHILOSOPHY (P&amp;P) 2022 Locality and Non-locality in Physics\",\"publisher\":{\"@id\":\"https:\/\/events.pmfst.unist.hr\/phyphi\/#organization\"},\"potentialAction\":[{\"@type\":\"SearchAction\",\"target\":{\"@type\":\"EntryPoint\",\"urlTemplate\":\"https:\/\/events.pmfst.unist.hr\/phyphi\/?s={search_term_string}\"},\"query-input\":{\"@type\":\"PropertyValueSpecification\",\"valueRequired\":true,\"valueName\":\"search_term_string\"}}],\"inLanguage\":\"en-US\"},{\"@type\":\"Organization\",\"@id\":\"https:\/\/events.pmfst.unist.hr\/phyphi\/#organization\",\"name\":\"PHYSICS AND PHILOSOPHY (P&amp;P)\",\"url\":\"https:\/\/events.pmfst.unist.hr\/phyphi\/\",\"logo\":{\"@type\":\"ImageObject\",\"inLanguage\":\"en-US\",\"@id\":\"https:\/\/events.pmfst.unist.hr\/phyphi\/#\/schema\/logo\/image\/\",\"url\":\"https:\/\/events.pmfst.unist.hr\/phyphi\/wp-content\/uploads\/sites\/2\/2022\/06\/logo.png\",\"contentUrl\":\"https:\/\/events.pmfst.unist.hr\/phyphi\/wp-content\/uploads\/sites\/2\/2022\/06\/logo.png\",\"width\":75,\"height\":128,\"caption\":\"PHYSICS AND PHILOSOPHY (P&amp;P)\"},\"image\":{\"@id\":\"https:\/\/events.pmfst.unist.hr\/phyphi\/#\/schema\/logo\/image\/\"}}]}<\/script>\n<!-- \/ Yoast SEO plugin. -->","yoast_head_json":{"title":"Abstracts - PHYSICS AND PHILOSOPHY (P&amp;P)","robots":{"index":"index","follow":"follow","max-snippet":"max-snippet:-1","max-image-preview":"max-image-preview:large","max-video-preview":"max-video-preview:-1"},"canonical":"https:\/\/events.pmfst.unist.hr\/phyphi\/abstracts\/","og_locale":"en_US","og_type":"article","og_title":"Abstracts - PHYSICS AND PHILOSOPHY (P&amp;P)","og_description":"[vc_row][vc_column][vc_column_text css=&#8221;.vc_custom_1661238051689{margin-bottom: 0px !important;}&#8221;]When must fermions be antisymmetrized? K. Sunko Department of Physics, Faculty of Science, University of Zagreb,\u00a0dks@phy.hr Abstract Quantum coherence is a consequence of the indistinguishability of identical particles, implemented in the case of fermions by requiring that the total wave function be antisymmetric. The scope of this requirement is a function of [&hellip;]","og_url":"https:\/\/events.pmfst.unist.hr\/phyphi\/abstracts\/","og_site_name":"PHYSICS AND PHILOSOPHY (P&amp;P)","article_modified_time":"2022-08-23T07:00:51+00:00","twitter_card":"summary_large_image","twitter_misc":{"Est. reading time":"3 minutes"},"schema":{"@context":"https:\/\/schema.org","@graph":[{"@type":"WebPage","@id":"https:\/\/events.pmfst.unist.hr\/phyphi\/abstracts\/","url":"https:\/\/events.pmfst.unist.hr\/phyphi\/abstracts\/","name":"Abstracts - PHYSICS AND PHILOSOPHY (P&amp;P)","isPartOf":{"@id":"https:\/\/events.pmfst.unist.hr\/phyphi\/#website"},"datePublished":"2022-07-05T06:47:37+00:00","dateModified":"2022-08-23T07:00:51+00:00","breadcrumb":{"@id":"https:\/\/events.pmfst.unist.hr\/phyphi\/abstracts\/#breadcrumb"},"inLanguage":"en-US","potentialAction":[{"@type":"ReadAction","target":["https:\/\/events.pmfst.unist.hr\/phyphi\/abstracts\/"]}]},{"@type":"BreadcrumbList","@id":"https:\/\/events.pmfst.unist.hr\/phyphi\/abstracts\/#breadcrumb","itemListElement":[{"@type":"ListItem","position":1,"name":"Home","item":"https:\/\/events.pmfst.unist.hr\/phyphi\/"},{"@type":"ListItem","position":2,"name":"Abstracts"}]},{"@type":"WebSite","@id":"https:\/\/events.pmfst.unist.hr\/phyphi\/#website","url":"https:\/\/events.pmfst.unist.hr\/phyphi\/","name":"PHYSICS AND PHILOSOPHY (P&amp;P)","description":"PHYSICS AND PHILOSOPHY (P&amp;P) 2022 Locality and Non-locality in Physics","publisher":{"@id":"https:\/\/events.pmfst.unist.hr\/phyphi\/#organization"},"potentialAction":[{"@type":"SearchAction","target":{"@type":"EntryPoint","urlTemplate":"https:\/\/events.pmfst.unist.hr\/phyphi\/?s={search_term_string}"},"query-input":{"@type":"PropertyValueSpecification","valueRequired":true,"valueName":"search_term_string"}}],"inLanguage":"en-US"},{"@type":"Organization","@id":"https:\/\/events.pmfst.unist.hr\/phyphi\/#organization","name":"PHYSICS AND PHILOSOPHY (P&amp;P)","url":"https:\/\/events.pmfst.unist.hr\/phyphi\/","logo":{"@type":"ImageObject","inLanguage":"en-US","@id":"https:\/\/events.pmfst.unist.hr\/phyphi\/#\/schema\/logo\/image\/","url":"https:\/\/events.pmfst.unist.hr\/phyphi\/wp-content\/uploads\/sites\/2\/2022\/06\/logo.png","contentUrl":"https:\/\/events.pmfst.unist.hr\/phyphi\/wp-content\/uploads\/sites\/2\/2022\/06\/logo.png","width":75,"height":128,"caption":"PHYSICS AND PHILOSOPHY (P&amp;P)"},"image":{"@id":"https:\/\/events.pmfst.unist.hr\/phyphi\/#\/schema\/logo\/image\/"}}]}},"_links":{"self":[{"href":"https:\/\/events.pmfst.unist.hr\/phyphi\/wp-json\/wp\/v2\/pages\/44","targetHints":{"allow":["GET"]}}],"collection":[{"href":"https:\/\/events.pmfst.unist.hr\/phyphi\/wp-json\/wp\/v2\/pages"}],"about":[{"href":"https:\/\/events.pmfst.unist.hr\/phyphi\/wp-json\/wp\/v2\/types\/page"}],"author":[{"embeddable":true,"href":"https:\/\/events.pmfst.unist.hr\/phyphi\/wp-json\/wp\/v2\/users\/1"}],"replies":[{"embeddable":true,"href":"https:\/\/events.pmfst.unist.hr\/phyphi\/wp-json\/wp\/v2\/comments?post=44"}],"version-history":[{"count":0,"href":"https:\/\/events.pmfst.unist.hr\/phyphi\/wp-json\/wp\/v2\/pages\/44\/revisions"}],"wp:attachment":[{"href":"https:\/\/events.pmfst.unist.hr\/phyphi\/wp-json\/wp\/v2\/media?parent=44"}],"curies":[{"name":"wp","href":"https:\/\/api.w.org\/{rel}","templated":true}]}}