{"id":6,"date":"2024-01-11T13:01:53","date_gmt":"2024-01-11T13:01:53","guid":{"rendered":"https:\/\/events.pmfst.unist.hr\/iem26\/?page_id=6"},"modified":"2025-12-22T09:07:38","modified_gmt":"2025-12-22T09:07:38","slug":"drzavni-skup-istrazivanje-u-edukaciji-matematike","status":"publish","type":"page","link":"https:\/\/events.pmfst.unist.hr\/iem26\/","title":{"rendered":"Dr\u017eavni skup ISTRA\u017dIVANJE U EDUKACIJI MATEMATIKE"},"content":{"rendered":"<div class=\"wpb-content-wrapper\">[vc_row css=&#8221;.vc_custom_1763114470413{background-color: #FFFFFF00 !important;}&#8221;][vc_column][vc_column_text css=&#8221;.vc_custom_1765882360515{margin-bottom: 0px !important;}&#8221;]Zadovoljstvo nam je pozvati Vas na 2. Dr\u017eavni skup ISTRA\u017dIVANJE U EDUKACIJI MATEMATIKE koji \u0107e se odr\u017eati 09. i 10. sije\u010dnja 2026. godine na Prirodoslovno \u2013 matemati\u010dkom fakultetu u Splitu, Ru\u0111era Bo\u0161kovi\u0107a 33, Split. Skup organizira Prirodoslovno \u2013 matemati\u010dki fakultet Split, Agencija za odgoj i obrazovanje i Splitsko matemati\u010dko dru\u0161tvo.<\/p>\n<p>Tema skupa je Istra\u017eiva\u010dki usmjerena nastava matematike.<\/p>\n<p>&nbsp;<\/p>\n<h4>Pozvani predava\u010di su:<\/h4>\n<ol>\n<li>Prof. dr. sc. Aleksandra \u010ci\u017eme\u0161ija, Prirodoslovno-matemati\u010dki fakultet, Sveu\u010dili\u0161te u Zagrebu<br \/>\n<a href=\"https:\/\/events.pmfst.unist.hr\/iem26\/wp-content\/uploads\/sites\/9\/2025\/12\/sazetak-cizmesija.pdf\" target=\"_blank\" rel=\"noopener\">Sklad konceptualnog i proceduralnog razumijevanja: put prema kvalitetnijoj nastavi matematike<\/a><\/li>\n<li>Prof. dr. sc. Tatjana Hodnik, Pedago\u0161ki fakultet, Sveu\u010dili\u0161te u Ljubljani<br \/>\n<a href=\"https:\/\/events.pmfst.unist.hr\/iem26\/wp-content\/uploads\/sites\/9\/2025\/12\/sazetak_t-hodnik.pdf\" target=\"_blank\" rel=\"noopener\">&#8220;The transformation of the teacher&#8217;s teaching role into a research-teaching role: new opportunities for developing students&#8217; mathematical knowledge and strengthening teacher professional autonomy&#8221;<\/a><\/li>\n<li>Doc. dr. sc. Ana Kataleni\u0107, Fakultet za odgojne i obrazovne znanosti, Sveu\u010dili\u0161te u Osijeku<br \/>\n<a href=\"https:\/\/events.pmfst.unist.hr\/iem26\/wp-content\/uploads\/sites\/9\/2025\/12\/sazetak_katalenic.pdf\" target=\"_blank\" rel=\"noopener\">\u201eZadaci vrednovanja matemati\u010dkih izjava u geometriji\u201c<\/a><\/li>\n<li>Prof.dr.sc. Nikola Kocei\u0107-Bilan, Prirodoslovno-matemati\u010dki fakultet, Sveu\u010dili\u0161te u Splitu<br \/>\n<a href=\"https:\/\/events.pmfst.unist.hr\/iem26\/wp-content\/uploads\/sites\/9\/2025\/12\/sazetak_nkb.pdf\" target=\"_blank\" rel=\"noopener\">&#8220;Tangenta u povijesnoj i obrazovnoj vertikali&#8221;.<\/a><\/li>\n<li>Prof.dr.sc. \u017deljka Milin \u0160ipu\u0161 i doc. dr. sc. Matija Ba\u0161i\u0107, Prirodoslovno-matemati\u010dki fakultet, Sveu\u010dili\u0161te u Zagrebu<br \/>\n<a href=\"https:\/\/events.pmfst.unist.hr\/iem26\/wp-content\/uploads\/sites\/9\/2025\/12\/sazetak_basic_milin.pdf\" target=\"_blank\" rel=\"noopener\">Teorijska osnova i iskustva iz prakse IUNM \u2013 pregled aktivnosti od 2015. do 2025. godine<\/a><\/li>\n<\/ol>\n<p>&nbsp;<\/p>\n<h4>Na skupu \u0107e odr\u017eati predavanje i sljede\u0107i sveu\u010dili\u0161ni metodi\u010dari i metodi\u010dari prakti\u010dari:<\/h4>\n<ol>\n<li>Antonela Czwik, vi\u0161a savjetnica za matematiku iz Agencije za odgoj i obrazovanje<br \/>\n<a href=\"https:\/\/events.pmfst.unist.hr\/iem26\/wp-content\/uploads\/sites\/9\/2025\/12\/iem26-antonela_czwik-obrazac-3_sazetak.pdf\" target=\"_blank\" rel=\"noopener\">\u201eKompetencije nastavnika za istra\u017eiva\u010dki usmjerenu nastavu\u201c<\/a><\/li>\n<li>Dr. sc. Jelena Ple\u0161tina, Prirodoslovno-matemati\u010dki fakultet, Sveu\u010dili\u0161te u Splitu<br \/>\n<a href=\"https:\/\/events.pmfst.unist.hr\/iem26\/wp-content\/uploads\/sites\/9\/2025\/12\/sazetak-jplestina-05122025.pdf\" target=\"_blank\" rel=\"noopener\">Paradigme matemati\u010dkog obrazovanja<\/a><\/li>\n<li>\u017deljka Zori\u0107, Prirodoslovno-matemati\u010dki fakultet, Sveu\u010dili\u0161te u Splitu<br \/>\n<a href=\"https:\/\/events.pmfst.unist.hr\/iem26\/wp-content\/uploads\/sites\/9\/2025\/12\/zeljka-zoric-iem2026.pdf\" target=\"_blank\" rel=\"noopener\">&#8220;Rje\u0161avanje problema u \u0161kolama: ohrabruju\u0107i trendovi i propu\u0161tene prilike&#8221;<\/a><\/li>\n<\/ol>\n<p>&nbsp;<\/p>\n<h4>Iz redova u\u010ditelja i nastavnika matematike u zvanju izvrsnih savjetnika predavanje \u0107e odr\u017eati:<\/h4>\n<ol>\n<li>Lorana Antunac, Gimnazija Antuna Vran\u010di\u0107a, \u0160ibenik<br \/>\n<a href=\"https:\/\/events.pmfst.unist.hr\/iem26\/wp-content\/uploads\/sites\/9\/2025\/12\/iem26-lorana_antunac-obrazac-3_sazetak.pdf\" target=\"_blank\" rel=\"noopener\"> \u201eU potrazi za SUSpektnim odgovorima\u201c<\/a><\/li>\n<li>Ljubica Jerkovi\u0107, Gimnazija Metkovi\u0107<br \/>\n<a href=\"https:\/\/events.pmfst.unist.hr\/iem26\/wp-content\/uploads\/sites\/9\/2025\/12\/iem26-ljubica_jerkovic-obrazac-3_sazetak.pdf\" target=\"_blank\" rel=\"noopener\">\u201eOd pou\u010dka do \u201eaha\u201c&#8230; i natrag\u201c <\/a><\/li>\n<li>Bla\u017eenka Kunac, O\u0160 Pujanki, Split<br \/>\n<a href=\"https:\/\/events.pmfst.unist.hr\/iem26\/wp-content\/uploads\/sites\/9\/2025\/12\/iem26-blazenka_kunac-obrazac-3_sazetak.pdf\" target=\"_blank\" rel=\"noopener\"> \u201eIstra\u017eujemo trokut i \u010detverokut\u201c <\/a><\/li>\n<li>Sanja Nizi\u0107, O\u0160 Tu\u010depi<br \/>\n<a href=\"https:\/\/events.pmfst.unist.hr\/iem26\/wp-content\/uploads\/sites\/9\/2025\/12\/iem26-sanja_nizic-obrazac-3_sazetak.pdf\" target=\"_blank\" rel=\"noopener\">\u201eJesu li osma\u0161i financijski pametni?\u201c<\/a><\/li>\n<\/ol>\n<p>&nbsp;<\/p>\n<p>Skup \u0107e se odr\u017eati na hrvatskom i engleskom jeziku.[\/vc_column_text][\/vc_column][\/vc_row]\n<\/div>","protected":false},"excerpt":{"rendered":"<p>[vc_row css=&#8221;.vc_custom_1763114470413{background-color: #FFFFFF00 !important;}&#8221;][vc_column][vc_column_text css=&#8221;.vc_custom_1765882360515{margin-bottom: 0px !important;}&#8221;]Zadovoljstvo nam je pozvati Vas na 2. Dr\u017eavni skup ISTRA\u017dIVANJE U EDUKACIJI MATEMATIKE koji \u0107e se odr\u017eati 09. i 10. sije\u010dnja 2026. godine na Prirodoslovno \u2013 matemati\u010dkom fakultetu u Splitu, Ru\u0111era Bo\u0161kovi\u0107a 33, Split. Skup organizira Prirodoslovno \u2013 matemati\u010dki fakultet Split, Agencija za odgoj i obrazovanje i Splitsko matemati\u010dko [&hellip;]<\/p>\n","protected":false},"author":1,"featured_media":0,"parent":0,"menu_order":0,"comment_status":"closed","ping_status":"closed","template":"","meta":{"footnotes":""},"class_list":["post-6","page","type-page","status-publish","hentry"],"yoast_head":"<!-- This site is optimized with the Yoast SEO plugin v27.4 - https:\/\/yoast.com\/product\/yoast-seo-wordpress\/ -->\n<title>Dr\u017eavni skup ISTRA\u017dIVANJE U EDUKACIJI MATEMATIKE - Dr\u017eavni skup &quot;Istra\u017eivanje u edukaciji matematike&quot;<\/title>\n<meta name=\"robots\" content=\"index, follow, max-snippet:-1, max-image-preview:large, max-video-preview:-1\" \/>\n<link rel=\"canonical\" href=\"https:\/\/events.pmfst.unist.hr\/iem26\/\" \/>\n<meta property=\"og:locale\" content=\"hr_HR\" \/>\n<meta property=\"og:type\" content=\"article\" \/>\n<meta property=\"og:title\" content=\"Dr\u017eavni skup ISTRA\u017dIVANJE U EDUKACIJI MATEMATIKE - Dr\u017eavni skup &quot;Istra\u017eivanje u edukaciji matematike&quot;\" \/>\n<meta property=\"og:description\" content=\"[vc_row css=&#8221;.vc_custom_1763114470413{background-color: #FFFFFF00 !important;}&#8221;][vc_column][vc_column_text css=&#8221;.vc_custom_1765882360515{margin-bottom: 0px !important;}&#8221;]Zadovoljstvo nam je pozvati Vas na 2. Dr\u017eavni skup ISTRA\u017dIVANJE U EDUKACIJI MATEMATIKE koji \u0107e se odr\u017eati 09. i 10. sije\u010dnja 2026. godine na Prirodoslovno \u2013 matemati\u010dkom fakultetu u Splitu, Ru\u0111era Bo\u0161kovi\u0107a 33, Split. Skup organizira Prirodoslovno \u2013 matemati\u010dki fakultet Split, Agencija za odgoj i obrazovanje i Splitsko matemati\u010dko [&hellip;]\" \/>\n<meta property=\"og:url\" content=\"https:\/\/events.pmfst.unist.hr\/iem26\/\" \/>\n<meta property=\"og:site_name\" content=\"Dr\u017eavni skup &quot;Istra\u017eivanje u edukaciji matematike&quot;\" \/>\n<meta property=\"article:modified_time\" content=\"2025-12-22T09:07:38+00:00\" \/>\n<meta name=\"twitter:card\" content=\"summary_large_image\" \/>\n<meta name=\"twitter:label1\" content=\"Procijenjeno vrijeme \u010ditanja\" \/>\n\t<meta name=\"twitter:data1\" content=\"2 minute\" \/>\n<script type=\"application\/ld+json\" class=\"yoast-schema-graph\">{\"@context\":\"https:\\\/\\\/schema.org\",\"@graph\":[{\"@type\":\"WebPage\",\"@id\":\"https:\\\/\\\/events.pmfst.unist.hr\\\/iem26\\\/\",\"url\":\"https:\\\/\\\/events.pmfst.unist.hr\\\/iem26\\\/\",\"name\":\"Dr\u017eavni skup ISTRA\u017dIVANJE U EDUKACIJI MATEMATIKE - Dr\u017eavni skup \\\"Istra\u017eivanje u edukaciji matematike\\\"\",\"isPartOf\":{\"@id\":\"https:\\\/\\\/events.pmfst.unist.hr\\\/iem26\\\/#website\"},\"datePublished\":\"2024-01-11T13:01:53+00:00\",\"dateModified\":\"2025-12-22T09:07:38+00:00\",\"breadcrumb\":{\"@id\":\"https:\\\/\\\/events.pmfst.unist.hr\\\/iem26\\\/#breadcrumb\"},\"inLanguage\":\"hr\",\"potentialAction\":[{\"@type\":\"ReadAction\",\"target\":[\"https:\\\/\\\/events.pmfst.unist.hr\\\/iem26\\\/\"]}]},{\"@type\":\"BreadcrumbList\",\"@id\":\"https:\\\/\\\/events.pmfst.unist.hr\\\/iem26\\\/#breadcrumb\",\"itemListElement\":[{\"@type\":\"ListItem\",\"position\":1,\"name\":\"Home\",\"item\":\"https:\\\/\\\/events.pmfst.unist.hr\\\/iem26\\\/\"},{\"@type\":\"ListItem\",\"position\":2,\"name\":\"Dr\u017eavni skup ISTRA\u017dIVANJE U EDUKACIJI MATEMATIKE\"}]},{\"@type\":\"WebSite\",\"@id\":\"https:\\\/\\\/events.pmfst.unist.hr\\\/iem26\\\/#website\",\"url\":\"https:\\\/\\\/events.pmfst.unist.hr\\\/iem26\\\/\",\"name\":\"Dr\u017eavni skup \\\"Istra\u017eivanje u edukaciji matematike\\\"\",\"description\":\"\",\"publisher\":{\"@id\":\"https:\\\/\\\/events.pmfst.unist.hr\\\/iem26\\\/#organization\"},\"potentialAction\":[{\"@type\":\"SearchAction\",\"target\":{\"@type\":\"EntryPoint\",\"urlTemplate\":\"https:\\\/\\\/events.pmfst.unist.hr\\\/iem26\\\/?s={search_term_string}\"},\"query-input\":{\"@type\":\"PropertyValueSpecification\",\"valueRequired\":true,\"valueName\":\"search_term_string\"}}],\"inLanguage\":\"hr\"},{\"@type\":\"Organization\",\"@id\":\"https:\\\/\\\/events.pmfst.unist.hr\\\/iem26\\\/#organization\",\"name\":\"Dr\u017eavni skup \\\"Istra\u017eivanje u edukaciji matematike\\\"\",\"url\":\"https:\\\/\\\/events.pmfst.unist.hr\\\/iem26\\\/\",\"logo\":{\"@type\":\"ImageObject\",\"inLanguage\":\"hr\",\"@id\":\"https:\\\/\\\/events.pmfst.unist.hr\\\/iem26\\\/#\\\/schema\\\/logo\\\/image\\\/\",\"url\":\"https:\\\/\\\/events.pmfst.unist.hr\\\/phyphi\\\/wp-content\\\/uploads\\\/sites\\\/2\\\/2022\\\/06\\\/logo.png\",\"contentUrl\":\"https:\\\/\\\/events.pmfst.unist.hr\\\/phyphi\\\/wp-content\\\/uploads\\\/sites\\\/2\\\/2022\\\/06\\\/logo.png\",\"width\":75,\"height\":128,\"caption\":\"Dr\u017eavni skup \\\"Istra\u017eivanje u edukaciji matematike\\\"\"},\"image\":{\"@id\":\"https:\\\/\\\/events.pmfst.unist.hr\\\/iem26\\\/#\\\/schema\\\/logo\\\/image\\\/\"}}]}<\/script>\n<!-- \/ Yoast SEO plugin. -->","yoast_head_json":{"title":"Dr\u017eavni skup ISTRA\u017dIVANJE U EDUKACIJI MATEMATIKE - Dr\u017eavni skup \"Istra\u017eivanje u edukaciji matematike\"","robots":{"index":"index","follow":"follow","max-snippet":"max-snippet:-1","max-image-preview":"max-image-preview:large","max-video-preview":"max-video-preview:-1"},"canonical":"https:\/\/events.pmfst.unist.hr\/iem26\/","og_locale":"hr_HR","og_type":"article","og_title":"Dr\u017eavni skup ISTRA\u017dIVANJE U EDUKACIJI MATEMATIKE - Dr\u017eavni skup \"Istra\u017eivanje u edukaciji matematike\"","og_description":"[vc_row css=&#8221;.vc_custom_1763114470413{background-color: #FFFFFF00 !important;}&#8221;][vc_column][vc_column_text css=&#8221;.vc_custom_1765882360515{margin-bottom: 0px !important;}&#8221;]Zadovoljstvo nam je pozvati Vas na 2. Dr\u017eavni skup ISTRA\u017dIVANJE U EDUKACIJI MATEMATIKE koji \u0107e se odr\u017eati 09. i 10. sije\u010dnja 2026. godine na Prirodoslovno \u2013 matemati\u010dkom fakultetu u Splitu, Ru\u0111era Bo\u0161kovi\u0107a 33, Split. Skup organizira Prirodoslovno \u2013 matemati\u010dki fakultet Split, Agencija za odgoj i obrazovanje i Splitsko matemati\u010dko [&hellip;]","og_url":"https:\/\/events.pmfst.unist.hr\/iem26\/","og_site_name":"Dr\u017eavni skup \"Istra\u017eivanje u edukaciji matematike\"","article_modified_time":"2025-12-22T09:07:38+00:00","twitter_card":"summary_large_image","twitter_misc":{"Procijenjeno vrijeme \u010ditanja":"2 minute"},"schema":{"@context":"https:\/\/schema.org","@graph":[{"@type":"WebPage","@id":"https:\/\/events.pmfst.unist.hr\/iem26\/","url":"https:\/\/events.pmfst.unist.hr\/iem26\/","name":"Dr\u017eavni skup ISTRA\u017dIVANJE U EDUKACIJI MATEMATIKE - Dr\u017eavni skup \"Istra\u017eivanje u edukaciji matematike\"","isPartOf":{"@id":"https:\/\/events.pmfst.unist.hr\/iem26\/#website"},"datePublished":"2024-01-11T13:01:53+00:00","dateModified":"2025-12-22T09:07:38+00:00","breadcrumb":{"@id":"https:\/\/events.pmfst.unist.hr\/iem26\/#breadcrumb"},"inLanguage":"hr","potentialAction":[{"@type":"ReadAction","target":["https:\/\/events.pmfst.unist.hr\/iem26\/"]}]},{"@type":"BreadcrumbList","@id":"https:\/\/events.pmfst.unist.hr\/iem26\/#breadcrumb","itemListElement":[{"@type":"ListItem","position":1,"name":"Home","item":"https:\/\/events.pmfst.unist.hr\/iem26\/"},{"@type":"ListItem","position":2,"name":"Dr\u017eavni skup ISTRA\u017dIVANJE U EDUKACIJI MATEMATIKE"}]},{"@type":"WebSite","@id":"https:\/\/events.pmfst.unist.hr\/iem26\/#website","url":"https:\/\/events.pmfst.unist.hr\/iem26\/","name":"Dr\u017eavni skup \"Istra\u017eivanje u edukaciji matematike\"","description":"","publisher":{"@id":"https:\/\/events.pmfst.unist.hr\/iem26\/#organization"},"potentialAction":[{"@type":"SearchAction","target":{"@type":"EntryPoint","urlTemplate":"https:\/\/events.pmfst.unist.hr\/iem26\/?s={search_term_string}"},"query-input":{"@type":"PropertyValueSpecification","valueRequired":true,"valueName":"search_term_string"}}],"inLanguage":"hr"},{"@type":"Organization","@id":"https:\/\/events.pmfst.unist.hr\/iem26\/#organization","name":"Dr\u017eavni skup \"Istra\u017eivanje u edukaciji matematike\"","url":"https:\/\/events.pmfst.unist.hr\/iem26\/","logo":{"@type":"ImageObject","inLanguage":"hr","@id":"https:\/\/events.pmfst.unist.hr\/iem26\/#\/schema\/logo\/image\/","url":"https:\/\/events.pmfst.unist.hr\/phyphi\/wp-content\/uploads\/sites\/2\/2022\/06\/logo.png","contentUrl":"https:\/\/events.pmfst.unist.hr\/phyphi\/wp-content\/uploads\/sites\/2\/2022\/06\/logo.png","width":75,"height":128,"caption":"Dr\u017eavni skup \"Istra\u017eivanje u edukaciji matematike\""},"image":{"@id":"https:\/\/events.pmfst.unist.hr\/iem26\/#\/schema\/logo\/image\/"}}]}},"_links":{"self":[{"href":"https:\/\/events.pmfst.unist.hr\/iem26\/wp-json\/wp\/v2\/pages\/6","targetHints":{"allow":["GET"]}}],"collection":[{"href":"https:\/\/events.pmfst.unist.hr\/iem26\/wp-json\/wp\/v2\/pages"}],"about":[{"href":"https:\/\/events.pmfst.unist.hr\/iem26\/wp-json\/wp\/v2\/types\/page"}],"author":[{"embeddable":true,"href":"https:\/\/events.pmfst.unist.hr\/iem26\/wp-json\/wp\/v2\/users\/1"}],"replies":[{"embeddable":true,"href":"https:\/\/events.pmfst.unist.hr\/iem26\/wp-json\/wp\/v2\/comments?post=6"}],"version-history":[{"count":23,"href":"https:\/\/events.pmfst.unist.hr\/iem26\/wp-json\/wp\/v2\/pages\/6\/revisions"}],"predecessor-version":[{"id":169,"href":"https:\/\/events.pmfst.unist.hr\/iem26\/wp-json\/wp\/v2\/pages\/6\/revisions\/169"}],"wp:attachment":[{"href":"https:\/\/events.pmfst.unist.hr\/iem26\/wp-json\/wp\/v2\/media?parent=6"}],"curies":[{"name":"wp","href":"https:\/\/api.w.org\/{rel}","templated":true}]}}