{"id":36,"date":"2024-02-02T11:27:42","date_gmt":"2024-02-02T11:27:42","guid":{"rendered":"https:\/\/events.pmfst.unist.hr\/iem26\/?page_id=36"},"modified":"2025-10-29T12:24:58","modified_gmt":"2025-10-29T12:24:58","slug":"konatkt","status":"publish","type":"page","link":"https:\/\/events.pmfst.unist.hr\/iem26\/konatkt\/","title":{"rendered":"Kontakt"},"content":{"rendered":"<div class=\"wpb-content-wrapper\">[vc_row][vc_column][vc_column_text css=&#8221;.vc_custom_1761740109953{margin-bottom: 0px !important;}&#8221;]<strong>Kontakt:<\/strong><br \/>\nE-mail:\u00a0<a href=\"mailto:iem2024@pmfst.hr\">iem2026@pmfst.hr<\/a><br \/>\nPrirodoslovno \u2013 matemati\u010dki fakultet Split<br \/>\nRu\u0111era Bo\u0161kovi\u0107a 33<br \/>\n21000 Split<br \/>\nHrvatska[\/vc_column_text][\/vc_column][\/vc_row][vc_row fullwidth=&#8221;true&#8221;][vc_column][vc_goo_maps location=&#8221;Prirodoslovno-matemati\u010dki fakultet u Splitu (PMFST), Ul. Ru\u0111era Bo\u0161kovi\u0107a 33, 21000, Split&#8221; height=&#8221;470&#8243; zoom=&#8221;18&#8243; type=&#8221;h&#8221; css=&#8221;&#8221;][\/vc_column][\/vc_row]\n<\/div>","protected":false},"excerpt":{"rendered":"<p>[vc_row][vc_column][vc_column_text css=&#8221;.vc_custom_1761740109953{margin-bottom: 0px !important;}&#8221;]Kontakt: E-mail:\u00a0iem2026@pmfst.hr Prirodoslovno \u2013 matemati\u010dki fakultet Split Ru\u0111era Bo\u0161kovi\u0107a 33 21000 Split Hrvatska[\/vc_column_text][\/vc_column][\/vc_row][vc_row fullwidth=&#8221;true&#8221;][vc_column][vc_goo_maps location=&#8221;Prirodoslovno-matemati\u010dki fakultet u Splitu (PMFST), Ul. Ru\u0111era Bo\u0161kovi\u0107a 33, 21000, Split&#8221; height=&#8221;470&#8243; zoom=&#8221;18&#8243; type=&#8221;h&#8221; css=&#8221;&#8221;][\/vc_column][\/vc_row]<\/p>\n","protected":false},"author":1,"featured_media":0,"parent":0,"menu_order":0,"comment_status":"closed","ping_status":"closed","template":"","meta":{"footnotes":""},"class_list":["post-36","page","type-page","status-publish","hentry"],"yoast_head":"<!-- This site is optimized with the Yoast SEO plugin v27.4 - https:\/\/yoast.com\/product\/yoast-seo-wordpress\/ -->\n<title>Kontakt - Dr\u017eavni skup &quot;Istra\u017eivanje u edukaciji matematike&quot;<\/title>\n<meta name=\"robots\" content=\"index, follow, max-snippet:-1, max-image-preview:large, max-video-preview:-1\" \/>\n<link rel=\"canonical\" href=\"https:\/\/events.pmfst.unist.hr\/iem26\/konatkt\/\" \/>\n<meta property=\"og:locale\" content=\"hr_HR\" \/>\n<meta property=\"og:type\" content=\"article\" \/>\n<meta property=\"og:title\" content=\"Kontakt - Dr\u017eavni skup &quot;Istra\u017eivanje u edukaciji matematike&quot;\" \/>\n<meta property=\"og:description\" content=\"[vc_row][vc_column][vc_column_text css=&#8221;.vc_custom_1761740109953{margin-bottom: 0px !important;}&#8221;]Kontakt: E-mail:\u00a0iem2026@pmfst.hr Prirodoslovno \u2013 matemati\u010dki fakultet Split Ru\u0111era Bo\u0161kovi\u0107a 33 21000 Split Hrvatska[\/vc_column_text][\/vc_column][\/vc_row][vc_row fullwidth=&#8221;true&#8221;][vc_column][vc_goo_maps location=&#8221;Prirodoslovno-matemati\u010dki fakultet u Splitu (PMFST), Ul. Ru\u0111era Bo\u0161kovi\u0107a 33, 21000, Split&#8221; height=&#8221;470&#8243; zoom=&#8221;18&#8243; type=&#8221;h&#8221; css=&#8221;&#8221;][\/vc_column][\/vc_row]\" \/>\n<meta property=\"og:url\" content=\"https:\/\/events.pmfst.unist.hr\/iem26\/konatkt\/\" \/>\n<meta property=\"og:site_name\" content=\"Dr\u017eavni skup &quot;Istra\u017eivanje u edukaciji matematike&quot;\" \/>\n<meta property=\"article:modified_time\" content=\"2025-10-29T12:24:58+00:00\" \/>\n<meta name=\"twitter:card\" content=\"summary_large_image\" \/>\n<meta name=\"twitter:label1\" content=\"Procijenjeno vrijeme \u010ditanja\" \/>\n\t<meta name=\"twitter:data1\" content=\"1 minuta\" \/>\n<script type=\"application\/ld+json\" class=\"yoast-schema-graph\">{\"@context\":\"https:\\\/\\\/schema.org\",\"@graph\":[{\"@type\":\"WebPage\",\"@id\":\"https:\\\/\\\/events.pmfst.unist.hr\\\/iem26\\\/konatkt\\\/\",\"url\":\"https:\\\/\\\/events.pmfst.unist.hr\\\/iem26\\\/konatkt\\\/\",\"name\":\"Kontakt - Dr\u017eavni skup \\\"Istra\u017eivanje u edukaciji matematike\\\"\",\"isPartOf\":{\"@id\":\"https:\\\/\\\/events.pmfst.unist.hr\\\/iem26\\\/#website\"},\"datePublished\":\"2024-02-02T11:27:42+00:00\",\"dateModified\":\"2025-10-29T12:24:58+00:00\",\"breadcrumb\":{\"@id\":\"https:\\\/\\\/events.pmfst.unist.hr\\\/iem26\\\/konatkt\\\/#breadcrumb\"},\"inLanguage\":\"hr\",\"potentialAction\":[{\"@type\":\"ReadAction\",\"target\":[\"https:\\\/\\\/events.pmfst.unist.hr\\\/iem26\\\/konatkt\\\/\"]}]},{\"@type\":\"BreadcrumbList\",\"@id\":\"https:\\\/\\\/events.pmfst.unist.hr\\\/iem26\\\/konatkt\\\/#breadcrumb\",\"itemListElement\":[{\"@type\":\"ListItem\",\"position\":1,\"name\":\"Home\",\"item\":\"https:\\\/\\\/events.pmfst.unist.hr\\\/iem26\\\/\"},{\"@type\":\"ListItem\",\"position\":2,\"name\":\"Kontakt\"}]},{\"@type\":\"WebSite\",\"@id\":\"https:\\\/\\\/events.pmfst.unist.hr\\\/iem26\\\/#website\",\"url\":\"https:\\\/\\\/events.pmfst.unist.hr\\\/iem26\\\/\",\"name\":\"Dr\u017eavni skup \\\"Istra\u017eivanje u edukaciji matematike\\\"\",\"description\":\"\",\"publisher\":{\"@id\":\"https:\\\/\\\/events.pmfst.unist.hr\\\/iem26\\\/#organization\"},\"potentialAction\":[{\"@type\":\"SearchAction\",\"target\":{\"@type\":\"EntryPoint\",\"urlTemplate\":\"https:\\\/\\\/events.pmfst.unist.hr\\\/iem26\\\/?s={search_term_string}\"},\"query-input\":{\"@type\":\"PropertyValueSpecification\",\"valueRequired\":true,\"valueName\":\"search_term_string\"}}],\"inLanguage\":\"hr\"},{\"@type\":\"Organization\",\"@id\":\"https:\\\/\\\/events.pmfst.unist.hr\\\/iem26\\\/#organization\",\"name\":\"Dr\u017eavni skup \\\"Istra\u017eivanje u edukaciji matematike\\\"\",\"url\":\"https:\\\/\\\/events.pmfst.unist.hr\\\/iem26\\\/\",\"logo\":{\"@type\":\"ImageObject\",\"inLanguage\":\"hr\",\"@id\":\"https:\\\/\\\/events.pmfst.unist.hr\\\/iem26\\\/#\\\/schema\\\/logo\\\/image\\\/\",\"url\":\"https:\\\/\\\/events.pmfst.unist.hr\\\/phyphi\\\/wp-content\\\/uploads\\\/sites\\\/2\\\/2022\\\/06\\\/logo.png\",\"contentUrl\":\"https:\\\/\\\/events.pmfst.unist.hr\\\/phyphi\\\/wp-content\\\/uploads\\\/sites\\\/2\\\/2022\\\/06\\\/logo.png\",\"width\":75,\"height\":128,\"caption\":\"Dr\u017eavni skup \\\"Istra\u017eivanje u edukaciji matematike\\\"\"},\"image\":{\"@id\":\"https:\\\/\\\/events.pmfst.unist.hr\\\/iem26\\\/#\\\/schema\\\/logo\\\/image\\\/\"}}]}<\/script>\n<!-- \/ Yoast SEO plugin. -->","yoast_head_json":{"title":"Kontakt - Dr\u017eavni skup \"Istra\u017eivanje u edukaciji matematike\"","robots":{"index":"index","follow":"follow","max-snippet":"max-snippet:-1","max-image-preview":"max-image-preview:large","max-video-preview":"max-video-preview:-1"},"canonical":"https:\/\/events.pmfst.unist.hr\/iem26\/konatkt\/","og_locale":"hr_HR","og_type":"article","og_title":"Kontakt - Dr\u017eavni skup \"Istra\u017eivanje u edukaciji matematike\"","og_description":"[vc_row][vc_column][vc_column_text css=&#8221;.vc_custom_1761740109953{margin-bottom: 0px !important;}&#8221;]Kontakt: E-mail:\u00a0iem2026@pmfst.hr Prirodoslovno \u2013 matemati\u010dki fakultet Split Ru\u0111era Bo\u0161kovi\u0107a 33 21000 Split Hrvatska[\/vc_column_text][\/vc_column][\/vc_row][vc_row fullwidth=&#8221;true&#8221;][vc_column][vc_goo_maps location=&#8221;Prirodoslovno-matemati\u010dki fakultet u Splitu (PMFST), Ul. Ru\u0111era Bo\u0161kovi\u0107a 33, 21000, Split&#8221; height=&#8221;470&#8243; zoom=&#8221;18&#8243; type=&#8221;h&#8221; css=&#8221;&#8221;][\/vc_column][\/vc_row]","og_url":"https:\/\/events.pmfst.unist.hr\/iem26\/konatkt\/","og_site_name":"Dr\u017eavni skup \"Istra\u017eivanje u edukaciji matematike\"","article_modified_time":"2025-10-29T12:24:58+00:00","twitter_card":"summary_large_image","twitter_misc":{"Procijenjeno vrijeme \u010ditanja":"1 minuta"},"schema":{"@context":"https:\/\/schema.org","@graph":[{"@type":"WebPage","@id":"https:\/\/events.pmfst.unist.hr\/iem26\/konatkt\/","url":"https:\/\/events.pmfst.unist.hr\/iem26\/konatkt\/","name":"Kontakt - Dr\u017eavni skup \"Istra\u017eivanje u edukaciji matematike\"","isPartOf":{"@id":"https:\/\/events.pmfst.unist.hr\/iem26\/#website"},"datePublished":"2024-02-02T11:27:42+00:00","dateModified":"2025-10-29T12:24:58+00:00","breadcrumb":{"@id":"https:\/\/events.pmfst.unist.hr\/iem26\/konatkt\/#breadcrumb"},"inLanguage":"hr","potentialAction":[{"@type":"ReadAction","target":["https:\/\/events.pmfst.unist.hr\/iem26\/konatkt\/"]}]},{"@type":"BreadcrumbList","@id":"https:\/\/events.pmfst.unist.hr\/iem26\/konatkt\/#breadcrumb","itemListElement":[{"@type":"ListItem","position":1,"name":"Home","item":"https:\/\/events.pmfst.unist.hr\/iem26\/"},{"@type":"ListItem","position":2,"name":"Kontakt"}]},{"@type":"WebSite","@id":"https:\/\/events.pmfst.unist.hr\/iem26\/#website","url":"https:\/\/events.pmfst.unist.hr\/iem26\/","name":"Dr\u017eavni skup \"Istra\u017eivanje u edukaciji matematike\"","description":"","publisher":{"@id":"https:\/\/events.pmfst.unist.hr\/iem26\/#organization"},"potentialAction":[{"@type":"SearchAction","target":{"@type":"EntryPoint","urlTemplate":"https:\/\/events.pmfst.unist.hr\/iem26\/?s={search_term_string}"},"query-input":{"@type":"PropertyValueSpecification","valueRequired":true,"valueName":"search_term_string"}}],"inLanguage":"hr"},{"@type":"Organization","@id":"https:\/\/events.pmfst.unist.hr\/iem26\/#organization","name":"Dr\u017eavni skup \"Istra\u017eivanje u edukaciji matematike\"","url":"https:\/\/events.pmfst.unist.hr\/iem26\/","logo":{"@type":"ImageObject","inLanguage":"hr","@id":"https:\/\/events.pmfst.unist.hr\/iem26\/#\/schema\/logo\/image\/","url":"https:\/\/events.pmfst.unist.hr\/phyphi\/wp-content\/uploads\/sites\/2\/2022\/06\/logo.png","contentUrl":"https:\/\/events.pmfst.unist.hr\/phyphi\/wp-content\/uploads\/sites\/2\/2022\/06\/logo.png","width":75,"height":128,"caption":"Dr\u017eavni skup \"Istra\u017eivanje u edukaciji matematike\""},"image":{"@id":"https:\/\/events.pmfst.unist.hr\/iem26\/#\/schema\/logo\/image\/"}}]}},"_links":{"self":[{"href":"https:\/\/events.pmfst.unist.hr\/iem26\/wp-json\/wp\/v2\/pages\/36","targetHints":{"allow":["GET"]}}],"collection":[{"href":"https:\/\/events.pmfst.unist.hr\/iem26\/wp-json\/wp\/v2\/pages"}],"about":[{"href":"https:\/\/events.pmfst.unist.hr\/iem26\/wp-json\/wp\/v2\/types\/page"}],"author":[{"embeddable":true,"href":"https:\/\/events.pmfst.unist.hr\/iem26\/wp-json\/wp\/v2\/users\/1"}],"replies":[{"embeddable":true,"href":"https:\/\/events.pmfst.unist.hr\/iem26\/wp-json\/wp\/v2\/comments?post=36"}],"version-history":[{"count":10,"href":"https:\/\/events.pmfst.unist.hr\/iem26\/wp-json\/wp\/v2\/pages\/36\/revisions"}],"predecessor-version":[{"id":100,"href":"https:\/\/events.pmfst.unist.hr\/iem26\/wp-json\/wp\/v2\/pages\/36\/revisions\/100"}],"wp:attachment":[{"href":"https:\/\/events.pmfst.unist.hr\/iem26\/wp-json\/wp\/v2\/media?parent=36"}],"curies":[{"name":"wp","href":"https:\/\/api.w.org\/{rel}","templated":true}]}}