{"id":34,"date":"2024-02-02T11:27:03","date_gmt":"2024-02-02T11:27:03","guid":{"rendered":"https:\/\/events.pmfst.unist.hr\/iem26\/?page_id=34"},"modified":"2025-12-17T13:45:21","modified_gmt":"2025-12-17T13:45:21","slug":"organizacijski-odbor","status":"publish","type":"page","link":"https:\/\/events.pmfst.unist.hr\/iem26\/organizacijski-odbor\/","title":{"rendered":"Organizacijski odbor"},"content":{"rendered":"<div class=\"wpb-content-wrapper\">[vc_row][vc_column][vc_column_text css=&#8221;.vc_custom_1761740600260{margin-bottom: 0px !important;}&#8221;]\n<h4>Organizacijski odbor:<\/h4>\n<ul>\n<li>izv.prof. dr. sc. Snje\u017eana Brai\u0107, PMF Split<\/li>\n<li>Antonela Czwik, vi\u0161a savjetnica, AZOO<\/li>\n<li>Bla\u017eenka Kunac, prof., O\u0160 Pujanki, Split<\/li>\n<li>dr. sc. Ana La\u0161tre, pred., PMF Split<\/li>\n<li>Manuela Brn\u010di\u0107 Dadi\u0107, prof., Obrtno tehni\u010dka \u0161kola Split.<\/li>\n<li>dr.sc. Jelena Ple\u0161tina, PMF Split<\/li>\n<\/ul>\n<h4>Programski odbor:<\/h4>\n<ul>\n<li>Antonela Czwik, vi\u0161a savjetnica, AZOO<\/li>\n<li>izv.prof. dr. sc. Snje\u017eana Brai\u0107, PMF Split, SMD<\/li>\n<li>dr.sc. Jelena Ple\u0161tina, PMF Split<\/li>\n<li>\u017deljka Zori\u0107, v. pred., PMF Split<\/li>\n<li>Bla\u017eenka Kunac, prof., O\u0160 Pujanki Split<\/li>\n<li>Josipa Juri\u0107, FF Split<\/li>\n<li>Mia Milun, III. gimnazija Split<\/li>\n<li>Ljubica Jerkovi\u0107, Gimnazija Metkovi\u0107<\/li>\n<li>Jurica Bari\u0161in, I. gimnazija Split<\/li>\n<li>Marija Juri\u0161i\u0107 \u0160arlija, Zdravstvena \u0161kola Split<\/li>\n<\/ul>\n[\/vc_column_text][\/vc_column][\/vc_row]\n<\/div>","protected":false},"excerpt":{"rendered":"<p>[vc_row][vc_column][vc_column_text css=&#8221;.vc_custom_1761740600260{margin-bottom: 0px !important;}&#8221;] Organizacijski odbor: izv.prof. dr. sc. Snje\u017eana Brai\u0107, PMF Split Antonela Czwik, vi\u0161a savjetnica, AZOO Bla\u017eenka Kunac, prof., O\u0160 Pujanki, Split dr. sc. Ana La\u0161tre, pred., PMF Split Manuela Brn\u010di\u0107 Dadi\u0107, prof., Obrtno tehni\u010dka \u0161kola Split. dr.sc. Jelena Ple\u0161tina, PMF Split Programski odbor: Antonela Czwik, vi\u0161a savjetnica, AZOO izv.prof. dr. sc. Snje\u017eana [&hellip;]<\/p>\n","protected":false},"author":1,"featured_media":0,"parent":0,"menu_order":0,"comment_status":"closed","ping_status":"closed","template":"","meta":{"footnotes":""},"class_list":["post-34","page","type-page","status-publish","hentry"],"yoast_head":"<!-- This site is optimized with the Yoast SEO plugin v27.6 - https:\/\/yoast.com\/product\/yoast-seo-wordpress\/ -->\n<title>Organizacijski odbor - Dr\u017eavni skup &quot;Istra\u017eivanje u edukaciji matematike&quot;<\/title>\n<meta name=\"robots\" content=\"index, follow, max-snippet:-1, max-image-preview:large, max-video-preview:-1\" \/>\n<link rel=\"canonical\" href=\"https:\/\/events.pmfst.unist.hr\/iem26\/organizacijski-odbor\/\" \/>\n<meta property=\"og:locale\" content=\"hr_HR\" \/>\n<meta property=\"og:type\" content=\"article\" \/>\n<meta property=\"og:title\" content=\"Organizacijski odbor - Dr\u017eavni skup &quot;Istra\u017eivanje u edukaciji matematike&quot;\" \/>\n<meta property=\"og:description\" content=\"[vc_row][vc_column][vc_column_text css=&#8221;.vc_custom_1761740600260{margin-bottom: 0px !important;}&#8221;] Organizacijski odbor: izv.prof. dr. sc. Snje\u017eana Brai\u0107, PMF Split Antonela Czwik, vi\u0161a savjetnica, AZOO Bla\u017eenka Kunac, prof., O\u0160 Pujanki, Split dr. sc. Ana La\u0161tre, pred., PMF Split Manuela Brn\u010di\u0107 Dadi\u0107, prof., Obrtno tehni\u010dka \u0161kola Split. dr.sc. Jelena Ple\u0161tina, PMF Split Programski odbor: Antonela Czwik, vi\u0161a savjetnica, AZOO izv.prof. dr. sc. Snje\u017eana [&hellip;]\" \/>\n<meta property=\"og:url\" content=\"https:\/\/events.pmfst.unist.hr\/iem26\/organizacijski-odbor\/\" \/>\n<meta property=\"og:site_name\" content=\"Dr\u017eavni skup &quot;Istra\u017eivanje u edukaciji matematike&quot;\" \/>\n<meta property=\"article:modified_time\" content=\"2025-12-17T13:45:21+00:00\" \/>\n<meta name=\"twitter:card\" content=\"summary_large_image\" \/>\n<meta name=\"twitter:label1\" content=\"Procijenjeno vrijeme \u010ditanja\" \/>\n\t<meta name=\"twitter:data1\" content=\"1 minuta\" \/>\n<script type=\"application\/ld+json\" class=\"yoast-schema-graph\">{\"@context\":\"https:\\\/\\\/schema.org\",\"@graph\":[{\"@type\":\"WebPage\",\"@id\":\"https:\\\/\\\/events.pmfst.unist.hr\\\/iem26\\\/organizacijski-odbor\\\/\",\"url\":\"https:\\\/\\\/events.pmfst.unist.hr\\\/iem26\\\/organizacijski-odbor\\\/\",\"name\":\"Organizacijski odbor - Dr\u017eavni skup \\\"Istra\u017eivanje u edukaciji matematike\\\"\",\"isPartOf\":{\"@id\":\"https:\\\/\\\/events.pmfst.unist.hr\\\/iem26\\\/#website\"},\"datePublished\":\"2024-02-02T11:27:03+00:00\",\"dateModified\":\"2025-12-17T13:45:21+00:00\",\"breadcrumb\":{\"@id\":\"https:\\\/\\\/events.pmfst.unist.hr\\\/iem26\\\/organizacijski-odbor\\\/#breadcrumb\"},\"inLanguage\":\"hr\",\"potentialAction\":[{\"@type\":\"ReadAction\",\"target\":[\"https:\\\/\\\/events.pmfst.unist.hr\\\/iem26\\\/organizacijski-odbor\\\/\"]}]},{\"@type\":\"BreadcrumbList\",\"@id\":\"https:\\\/\\\/events.pmfst.unist.hr\\\/iem26\\\/organizacijski-odbor\\\/#breadcrumb\",\"itemListElement\":[{\"@type\":\"ListItem\",\"position\":1,\"name\":\"Home\",\"item\":\"https:\\\/\\\/events.pmfst.unist.hr\\\/iem26\\\/\"},{\"@type\":\"ListItem\",\"position\":2,\"name\":\"Organizacijski odbor\"}]},{\"@type\":\"WebSite\",\"@id\":\"https:\\\/\\\/events.pmfst.unist.hr\\\/iem26\\\/#website\",\"url\":\"https:\\\/\\\/events.pmfst.unist.hr\\\/iem26\\\/\",\"name\":\"Dr\u017eavni skup \\\"Istra\u017eivanje u edukaciji matematike\\\"\",\"description\":\"\",\"publisher\":{\"@id\":\"https:\\\/\\\/events.pmfst.unist.hr\\\/iem26\\\/#organization\"},\"potentialAction\":[{\"@type\":\"SearchAction\",\"target\":{\"@type\":\"EntryPoint\",\"urlTemplate\":\"https:\\\/\\\/events.pmfst.unist.hr\\\/iem26\\\/?s={search_term_string}\"},\"query-input\":{\"@type\":\"PropertyValueSpecification\",\"valueRequired\":true,\"valueName\":\"search_term_string\"}}],\"inLanguage\":\"hr\"},{\"@type\":\"Organization\",\"@id\":\"https:\\\/\\\/events.pmfst.unist.hr\\\/iem26\\\/#organization\",\"name\":\"Dr\u017eavni skup \\\"Istra\u017eivanje u edukaciji matematike\\\"\",\"url\":\"https:\\\/\\\/events.pmfst.unist.hr\\\/iem26\\\/\",\"logo\":{\"@type\":\"ImageObject\",\"inLanguage\":\"hr\",\"@id\":\"https:\\\/\\\/events.pmfst.unist.hr\\\/iem26\\\/#\\\/schema\\\/logo\\\/image\\\/\",\"url\":\"https:\\\/\\\/events.pmfst.unist.hr\\\/phyphi\\\/wp-content\\\/uploads\\\/sites\\\/2\\\/2022\\\/06\\\/logo.png\",\"contentUrl\":\"https:\\\/\\\/events.pmfst.unist.hr\\\/phyphi\\\/wp-content\\\/uploads\\\/sites\\\/2\\\/2022\\\/06\\\/logo.png\",\"width\":75,\"height\":128,\"caption\":\"Dr\u017eavni skup \\\"Istra\u017eivanje u edukaciji matematike\\\"\"},\"image\":{\"@id\":\"https:\\\/\\\/events.pmfst.unist.hr\\\/iem26\\\/#\\\/schema\\\/logo\\\/image\\\/\"}}]}<\/script>\n<!-- \/ Yoast SEO plugin. -->","yoast_head_json":{"title":"Organizacijski odbor - Dr\u017eavni skup \"Istra\u017eivanje u edukaciji matematike\"","robots":{"index":"index","follow":"follow","max-snippet":"max-snippet:-1","max-image-preview":"max-image-preview:large","max-video-preview":"max-video-preview:-1"},"canonical":"https:\/\/events.pmfst.unist.hr\/iem26\/organizacijski-odbor\/","og_locale":"hr_HR","og_type":"article","og_title":"Organizacijski odbor - Dr\u017eavni skup \"Istra\u017eivanje u edukaciji matematike\"","og_description":"[vc_row][vc_column][vc_column_text css=&#8221;.vc_custom_1761740600260{margin-bottom: 0px !important;}&#8221;] Organizacijski odbor: izv.prof. dr. sc. Snje\u017eana Brai\u0107, PMF Split Antonela Czwik, vi\u0161a savjetnica, AZOO Bla\u017eenka Kunac, prof., O\u0160 Pujanki, Split dr. sc. Ana La\u0161tre, pred., PMF Split Manuela Brn\u010di\u0107 Dadi\u0107, prof., Obrtno tehni\u010dka \u0161kola Split. dr.sc. Jelena Ple\u0161tina, PMF Split Programski odbor: Antonela Czwik, vi\u0161a savjetnica, AZOO izv.prof. dr. sc. Snje\u017eana [&hellip;]","og_url":"https:\/\/events.pmfst.unist.hr\/iem26\/organizacijski-odbor\/","og_site_name":"Dr\u017eavni skup \"Istra\u017eivanje u edukaciji matematike\"","article_modified_time":"2025-12-17T13:45:21+00:00","twitter_card":"summary_large_image","twitter_misc":{"Procijenjeno vrijeme \u010ditanja":"1 minuta"},"schema":{"@context":"https:\/\/schema.org","@graph":[{"@type":"WebPage","@id":"https:\/\/events.pmfst.unist.hr\/iem26\/organizacijski-odbor\/","url":"https:\/\/events.pmfst.unist.hr\/iem26\/organizacijski-odbor\/","name":"Organizacijski odbor - Dr\u017eavni skup \"Istra\u017eivanje u edukaciji matematike\"","isPartOf":{"@id":"https:\/\/events.pmfst.unist.hr\/iem26\/#website"},"datePublished":"2024-02-02T11:27:03+00:00","dateModified":"2025-12-17T13:45:21+00:00","breadcrumb":{"@id":"https:\/\/events.pmfst.unist.hr\/iem26\/organizacijski-odbor\/#breadcrumb"},"inLanguage":"hr","potentialAction":[{"@type":"ReadAction","target":["https:\/\/events.pmfst.unist.hr\/iem26\/organizacijski-odbor\/"]}]},{"@type":"BreadcrumbList","@id":"https:\/\/events.pmfst.unist.hr\/iem26\/organizacijski-odbor\/#breadcrumb","itemListElement":[{"@type":"ListItem","position":1,"name":"Home","item":"https:\/\/events.pmfst.unist.hr\/iem26\/"},{"@type":"ListItem","position":2,"name":"Organizacijski odbor"}]},{"@type":"WebSite","@id":"https:\/\/events.pmfst.unist.hr\/iem26\/#website","url":"https:\/\/events.pmfst.unist.hr\/iem26\/","name":"Dr\u017eavni skup \"Istra\u017eivanje u edukaciji matematike\"","description":"","publisher":{"@id":"https:\/\/events.pmfst.unist.hr\/iem26\/#organization"},"potentialAction":[{"@type":"SearchAction","target":{"@type":"EntryPoint","urlTemplate":"https:\/\/events.pmfst.unist.hr\/iem26\/?s={search_term_string}"},"query-input":{"@type":"PropertyValueSpecification","valueRequired":true,"valueName":"search_term_string"}}],"inLanguage":"hr"},{"@type":"Organization","@id":"https:\/\/events.pmfst.unist.hr\/iem26\/#organization","name":"Dr\u017eavni skup \"Istra\u017eivanje u edukaciji matematike\"","url":"https:\/\/events.pmfst.unist.hr\/iem26\/","logo":{"@type":"ImageObject","inLanguage":"hr","@id":"https:\/\/events.pmfst.unist.hr\/iem26\/#\/schema\/logo\/image\/","url":"https:\/\/events.pmfst.unist.hr\/phyphi\/wp-content\/uploads\/sites\/2\/2022\/06\/logo.png","contentUrl":"https:\/\/events.pmfst.unist.hr\/phyphi\/wp-content\/uploads\/sites\/2\/2022\/06\/logo.png","width":75,"height":128,"caption":"Dr\u017eavni skup \"Istra\u017eivanje u edukaciji matematike\""},"image":{"@id":"https:\/\/events.pmfst.unist.hr\/iem26\/#\/schema\/logo\/image\/"}}]}},"_links":{"self":[{"href":"https:\/\/events.pmfst.unist.hr\/iem26\/wp-json\/wp\/v2\/pages\/34","targetHints":{"allow":["GET"]}}],"collection":[{"href":"https:\/\/events.pmfst.unist.hr\/iem26\/wp-json\/wp\/v2\/pages"}],"about":[{"href":"https:\/\/events.pmfst.unist.hr\/iem26\/wp-json\/wp\/v2\/types\/page"}],"author":[{"embeddable":true,"href":"https:\/\/events.pmfst.unist.hr\/iem26\/wp-json\/wp\/v2\/users\/1"}],"replies":[{"embeddable":true,"href":"https:\/\/events.pmfst.unist.hr\/iem26\/wp-json\/wp\/v2\/comments?post=34"}],"version-history":[{"count":6,"href":"https:\/\/events.pmfst.unist.hr\/iem26\/wp-json\/wp\/v2\/pages\/34\/revisions"}],"predecessor-version":[{"id":162,"href":"https:\/\/events.pmfst.unist.hr\/iem26\/wp-json\/wp\/v2\/pages\/34\/revisions\/162"}],"wp:attachment":[{"href":"https:\/\/events.pmfst.unist.hr\/iem26\/wp-json\/wp\/v2\/media?parent=34"}],"curies":[{"name":"wp","href":"https:\/\/api.w.org\/{rel}","templated":true}]}}