{"id":26,"date":"2024-02-02T11:24:36","date_gmt":"2024-02-02T11:24:36","guid":{"rendered":"https:\/\/events.pmfst.unist.hr\/iem26\/?page_id=26"},"modified":"2025-12-19T12:10:24","modified_gmt":"2025-12-19T12:10:24","slug":"prijava","status":"publish","type":"page","link":"https:\/\/events.pmfst.unist.hr\/iem26\/prijava\/","title":{"rendered":"Prijava"},"content":{"rendered":"<div class=\"wpb-content-wrapper\">[vc_row][vc_column][vc_column_text margin_bottom=&#8221;0&#8243; css=&#8221;.vc_custom_1766140384672{margin-bottom: 0px !important;}&#8221;]Molimo da svoje sudjelovanje na skupu prijavite najkasnije do 4.01.2025. godine preko sljede\u0107eg linka <a href=\"https:\/\/forms.office.com\/e\/yNbeZyajX8\">https:\/\/forms.office.com\/e\/yNbeZyajX8<\/a>\u00a0 Skup \u0107e naknadno biti objavljen na ettaedu.<\/p>\n<p>Sve zainteresirane pozivamo da se prijave za prezentaciju svog rada u obliku predavanja ili radionice.<br \/>\nPrijave su mogu\u0107e preko sljede\u0107eg linka <a href=\"https:\/\/forms.office.com\/e\/dBn42uQKK0\" target=\"_blank\" rel=\"noopener\">https:\/\/forms.office.com\/e\/dBn42uQKK0<\/a><\/p>\n<p>Trajanje izlaganja je 20 minuta a radionica 60 minuta.<br \/>\nSa\u017eetak i naslov rada treba dostaviti najkasnije\u00a0 do 14.12.2025. godine.<\/p>\n<p>Sa\u017eetak mora sadr\u017eavati sljede\u0107e sastavnice:<\/p>\n<ul>\n<li>cilj predavanja\/radionice<\/li>\n<li>ishodi koji \u0107e se usvojiti<\/li>\n<li>opis predavanja\/radionice<\/li>\n<li>zaklju\u010dci koji \u0107e se koristiti za razvoj kompetencija, vje\u0161tina itd.<\/li>\n<\/ul>\n<p><strong>Va\u017eni datumi<br \/>\n<\/strong><br \/>\nZadnji dan za prijavu sudjelovanja: \u00a004.01.2026.<br \/>\nZadnji dan za slanje sa\u017eetka: \u00a014.12.2025.<br \/>\nInformacije o prihva\u0107anju rada: 21.12.2025.<br \/>\nZadnji dan za uplatu kotizacije: 08.01.2026.<br \/>\n<strong>\u00a0<\/strong>[\/vc_column_text][\/vc_column][\/vc_row]\n<\/div>","protected":false},"excerpt":{"rendered":"<p>[vc_row][vc_column][vc_column_text margin_bottom=&#8221;0&#8243; css=&#8221;.vc_custom_1766140384672{margin-bottom: 0px !important;}&#8221;]Molimo da svoje sudjelovanje na skupu prijavite najkasnije do 4.01.2025. godine preko sljede\u0107eg linka https:\/\/forms.office.com\/e\/yNbeZyajX8\u00a0 Skup \u0107e naknadno biti objavljen na ettaedu. Sve zainteresirane pozivamo da se prijave za prezentaciju svog rada u obliku predavanja ili radionice. Prijave su mogu\u0107e preko sljede\u0107eg linka https:\/\/forms.office.com\/e\/dBn42uQKK0 Trajanje izlaganja je 20 minuta a radionica [&hellip;]<\/p>\n","protected":false},"author":1,"featured_media":0,"parent":0,"menu_order":0,"comment_status":"closed","ping_status":"closed","template":"","meta":{"footnotes":""},"class_list":["post-26","page","type-page","status-publish","hentry"],"yoast_head":"<!-- This site is optimized with the Yoast SEO plugin v27.4 - https:\/\/yoast.com\/product\/yoast-seo-wordpress\/ -->\n<title>Prijava - Dr\u017eavni skup &quot;Istra\u017eivanje u edukaciji matematike&quot;<\/title>\n<meta name=\"robots\" content=\"index, follow, max-snippet:-1, max-image-preview:large, max-video-preview:-1\" \/>\n<link rel=\"canonical\" href=\"https:\/\/events.pmfst.unist.hr\/iem26\/prijava\/\" \/>\n<meta property=\"og:locale\" content=\"hr_HR\" \/>\n<meta property=\"og:type\" content=\"article\" \/>\n<meta property=\"og:title\" content=\"Prijava - Dr\u017eavni skup &quot;Istra\u017eivanje u edukaciji matematike&quot;\" \/>\n<meta property=\"og:description\" content=\"[vc_row][vc_column][vc_column_text margin_bottom=&#8221;0&#8243; css=&#8221;.vc_custom_1766140384672{margin-bottom: 0px !important;}&#8221;]Molimo da svoje sudjelovanje na skupu prijavite najkasnije do 4.01.2025. godine preko sljede\u0107eg linka https:\/\/forms.office.com\/e\/yNbeZyajX8\u00a0 Skup \u0107e naknadno biti objavljen na ettaedu. Sve zainteresirane pozivamo da se prijave za prezentaciju svog rada u obliku predavanja ili radionice. Prijave su mogu\u0107e preko sljede\u0107eg linka https:\/\/forms.office.com\/e\/dBn42uQKK0 Trajanje izlaganja je 20 minuta a radionica [&hellip;]\" \/>\n<meta property=\"og:url\" content=\"https:\/\/events.pmfst.unist.hr\/iem26\/prijava\/\" \/>\n<meta property=\"og:site_name\" content=\"Dr\u017eavni skup &quot;Istra\u017eivanje u edukaciji matematike&quot;\" \/>\n<meta property=\"article:modified_time\" content=\"2025-12-19T12:10:24+00:00\" \/>\n<meta name=\"twitter:card\" content=\"summary_large_image\" \/>\n<meta name=\"twitter:label1\" content=\"Procijenjeno vrijeme \u010ditanja\" \/>\n\t<meta name=\"twitter:data1\" content=\"1 minuta\" \/>\n<script type=\"application\/ld+json\" class=\"yoast-schema-graph\">{\"@context\":\"https:\\\/\\\/schema.org\",\"@graph\":[{\"@type\":\"WebPage\",\"@id\":\"https:\\\/\\\/events.pmfst.unist.hr\\\/iem26\\\/prijava\\\/\",\"url\":\"https:\\\/\\\/events.pmfst.unist.hr\\\/iem26\\\/prijava\\\/\",\"name\":\"Prijava - Dr\u017eavni skup \\\"Istra\u017eivanje u edukaciji matematike\\\"\",\"isPartOf\":{\"@id\":\"https:\\\/\\\/events.pmfst.unist.hr\\\/iem26\\\/#website\"},\"datePublished\":\"2024-02-02T11:24:36+00:00\",\"dateModified\":\"2025-12-19T12:10:24+00:00\",\"breadcrumb\":{\"@id\":\"https:\\\/\\\/events.pmfst.unist.hr\\\/iem26\\\/prijava\\\/#breadcrumb\"},\"inLanguage\":\"hr\",\"potentialAction\":[{\"@type\":\"ReadAction\",\"target\":[\"https:\\\/\\\/events.pmfst.unist.hr\\\/iem26\\\/prijava\\\/\"]}]},{\"@type\":\"BreadcrumbList\",\"@id\":\"https:\\\/\\\/events.pmfst.unist.hr\\\/iem26\\\/prijava\\\/#breadcrumb\",\"itemListElement\":[{\"@type\":\"ListItem\",\"position\":1,\"name\":\"Home\",\"item\":\"https:\\\/\\\/events.pmfst.unist.hr\\\/iem26\\\/\"},{\"@type\":\"ListItem\",\"position\":2,\"name\":\"Prijava\"}]},{\"@type\":\"WebSite\",\"@id\":\"https:\\\/\\\/events.pmfst.unist.hr\\\/iem26\\\/#website\",\"url\":\"https:\\\/\\\/events.pmfst.unist.hr\\\/iem26\\\/\",\"name\":\"Dr\u017eavni skup \\\"Istra\u017eivanje u edukaciji matematike\\\"\",\"description\":\"\",\"publisher\":{\"@id\":\"https:\\\/\\\/events.pmfst.unist.hr\\\/iem26\\\/#organization\"},\"potentialAction\":[{\"@type\":\"SearchAction\",\"target\":{\"@type\":\"EntryPoint\",\"urlTemplate\":\"https:\\\/\\\/events.pmfst.unist.hr\\\/iem26\\\/?s={search_term_string}\"},\"query-input\":{\"@type\":\"PropertyValueSpecification\",\"valueRequired\":true,\"valueName\":\"search_term_string\"}}],\"inLanguage\":\"hr\"},{\"@type\":\"Organization\",\"@id\":\"https:\\\/\\\/events.pmfst.unist.hr\\\/iem26\\\/#organization\",\"name\":\"Dr\u017eavni skup \\\"Istra\u017eivanje u edukaciji matematike\\\"\",\"url\":\"https:\\\/\\\/events.pmfst.unist.hr\\\/iem26\\\/\",\"logo\":{\"@type\":\"ImageObject\",\"inLanguage\":\"hr\",\"@id\":\"https:\\\/\\\/events.pmfst.unist.hr\\\/iem26\\\/#\\\/schema\\\/logo\\\/image\\\/\",\"url\":\"https:\\\/\\\/events.pmfst.unist.hr\\\/phyphi\\\/wp-content\\\/uploads\\\/sites\\\/2\\\/2022\\\/06\\\/logo.png\",\"contentUrl\":\"https:\\\/\\\/events.pmfst.unist.hr\\\/phyphi\\\/wp-content\\\/uploads\\\/sites\\\/2\\\/2022\\\/06\\\/logo.png\",\"width\":75,\"height\":128,\"caption\":\"Dr\u017eavni skup \\\"Istra\u017eivanje u edukaciji matematike\\\"\"},\"image\":{\"@id\":\"https:\\\/\\\/events.pmfst.unist.hr\\\/iem26\\\/#\\\/schema\\\/logo\\\/image\\\/\"}}]}<\/script>\n<!-- \/ Yoast SEO plugin. -->","yoast_head_json":{"title":"Prijava - Dr\u017eavni skup \"Istra\u017eivanje u edukaciji matematike\"","robots":{"index":"index","follow":"follow","max-snippet":"max-snippet:-1","max-image-preview":"max-image-preview:large","max-video-preview":"max-video-preview:-1"},"canonical":"https:\/\/events.pmfst.unist.hr\/iem26\/prijava\/","og_locale":"hr_HR","og_type":"article","og_title":"Prijava - Dr\u017eavni skup \"Istra\u017eivanje u edukaciji matematike\"","og_description":"[vc_row][vc_column][vc_column_text margin_bottom=&#8221;0&#8243; css=&#8221;.vc_custom_1766140384672{margin-bottom: 0px !important;}&#8221;]Molimo da svoje sudjelovanje na skupu prijavite najkasnije do 4.01.2025. godine preko sljede\u0107eg linka https:\/\/forms.office.com\/e\/yNbeZyajX8\u00a0 Skup \u0107e naknadno biti objavljen na ettaedu. Sve zainteresirane pozivamo da se prijave za prezentaciju svog rada u obliku predavanja ili radionice. Prijave su mogu\u0107e preko sljede\u0107eg linka https:\/\/forms.office.com\/e\/dBn42uQKK0 Trajanje izlaganja je 20 minuta a radionica [&hellip;]","og_url":"https:\/\/events.pmfst.unist.hr\/iem26\/prijava\/","og_site_name":"Dr\u017eavni skup \"Istra\u017eivanje u edukaciji matematike\"","article_modified_time":"2025-12-19T12:10:24+00:00","twitter_card":"summary_large_image","twitter_misc":{"Procijenjeno vrijeme \u010ditanja":"1 minuta"},"schema":{"@context":"https:\/\/schema.org","@graph":[{"@type":"WebPage","@id":"https:\/\/events.pmfst.unist.hr\/iem26\/prijava\/","url":"https:\/\/events.pmfst.unist.hr\/iem26\/prijava\/","name":"Prijava - Dr\u017eavni skup \"Istra\u017eivanje u edukaciji matematike\"","isPartOf":{"@id":"https:\/\/events.pmfst.unist.hr\/iem26\/#website"},"datePublished":"2024-02-02T11:24:36+00:00","dateModified":"2025-12-19T12:10:24+00:00","breadcrumb":{"@id":"https:\/\/events.pmfst.unist.hr\/iem26\/prijava\/#breadcrumb"},"inLanguage":"hr","potentialAction":[{"@type":"ReadAction","target":["https:\/\/events.pmfst.unist.hr\/iem26\/prijava\/"]}]},{"@type":"BreadcrumbList","@id":"https:\/\/events.pmfst.unist.hr\/iem26\/prijava\/#breadcrumb","itemListElement":[{"@type":"ListItem","position":1,"name":"Home","item":"https:\/\/events.pmfst.unist.hr\/iem26\/"},{"@type":"ListItem","position":2,"name":"Prijava"}]},{"@type":"WebSite","@id":"https:\/\/events.pmfst.unist.hr\/iem26\/#website","url":"https:\/\/events.pmfst.unist.hr\/iem26\/","name":"Dr\u017eavni skup \"Istra\u017eivanje u edukaciji matematike\"","description":"","publisher":{"@id":"https:\/\/events.pmfst.unist.hr\/iem26\/#organization"},"potentialAction":[{"@type":"SearchAction","target":{"@type":"EntryPoint","urlTemplate":"https:\/\/events.pmfst.unist.hr\/iem26\/?s={search_term_string}"},"query-input":{"@type":"PropertyValueSpecification","valueRequired":true,"valueName":"search_term_string"}}],"inLanguage":"hr"},{"@type":"Organization","@id":"https:\/\/events.pmfst.unist.hr\/iem26\/#organization","name":"Dr\u017eavni skup \"Istra\u017eivanje u edukaciji matematike\"","url":"https:\/\/events.pmfst.unist.hr\/iem26\/","logo":{"@type":"ImageObject","inLanguage":"hr","@id":"https:\/\/events.pmfst.unist.hr\/iem26\/#\/schema\/logo\/image\/","url":"https:\/\/events.pmfst.unist.hr\/phyphi\/wp-content\/uploads\/sites\/2\/2022\/06\/logo.png","contentUrl":"https:\/\/events.pmfst.unist.hr\/phyphi\/wp-content\/uploads\/sites\/2\/2022\/06\/logo.png","width":75,"height":128,"caption":"Dr\u017eavni skup \"Istra\u017eivanje u edukaciji matematike\""},"image":{"@id":"https:\/\/events.pmfst.unist.hr\/iem26\/#\/schema\/logo\/image\/"}}]}},"_links":{"self":[{"href":"https:\/\/events.pmfst.unist.hr\/iem26\/wp-json\/wp\/v2\/pages\/26","targetHints":{"allow":["GET"]}}],"collection":[{"href":"https:\/\/events.pmfst.unist.hr\/iem26\/wp-json\/wp\/v2\/pages"}],"about":[{"href":"https:\/\/events.pmfst.unist.hr\/iem26\/wp-json\/wp\/v2\/types\/page"}],"author":[{"embeddable":true,"href":"https:\/\/events.pmfst.unist.hr\/iem26\/wp-json\/wp\/v2\/users\/1"}],"replies":[{"embeddable":true,"href":"https:\/\/events.pmfst.unist.hr\/iem26\/wp-json\/wp\/v2\/comments?post=26"}],"version-history":[{"count":9,"href":"https:\/\/events.pmfst.unist.hr\/iem26\/wp-json\/wp\/v2\/pages\/26\/revisions"}],"predecessor-version":[{"id":168,"href":"https:\/\/events.pmfst.unist.hr\/iem26\/wp-json\/wp\/v2\/pages\/26\/revisions\/168"}],"wp:attachment":[{"href":"https:\/\/events.pmfst.unist.hr\/iem26\/wp-json\/wp\/v2\/media?parent=26"}],"curies":[{"name":"wp","href":"https:\/\/api.w.org\/{rel}","templated":true}]}}