{"id":6,"date":"2024-01-11T13:01:53","date_gmt":"2024-01-11T13:01:53","guid":{"rendered":"https:\/\/events.pmfst.unist.hr\/iem24\/?page_id=6"},"modified":"2024-06-05T10:15:12","modified_gmt":"2024-06-05T10:15:12","slug":"drzavni-skup-istrazivanje-u-edukaciji-matematike","status":"publish","type":"page","link":"https:\/\/events.pmfst.unist.hr\/iem24\/","title":{"rendered":"Dr\u017eavni skup ISTRA\u017dIVANJE U EDUKACIJI MATEMATIKE"},"content":{"rendered":"<div class=\"wpb-content-wrapper\">[vc_row][vc_column][vc_column_text css=&#8221;.vc_custom_1708345397353{margin-bottom: 0px !important;}&#8221;]Zadovoljstvo nam je pozvati Vas na Dr\u017eavni skup <strong>ISTRA\u017dIVANJE U EDUKACIJI MATEMATIKE<\/strong> koji \u0107e se odr\u017eati <strong>22. \u2013 24.02.2024. godine<\/strong> na Prirodoslovno \u2013 matemati\u010dkom fakultetu u Splitu, Ru\u0111era Bo\u0161kovi\u0107a 33, Split. Skup organizira Prirodoslovno \u2013 matemati\u010dki fakultet Split i Agencija za odgoj i obrazovanje, uz potporu Splitskog matemati\u010dkog dru\u0161tva.&#8221;<\/p>\n<p>Pozvani predava\u010di su:<br \/>\n1. Izv.prof.dr.sc. Vida Manfreda \u2013 Kolar, Pedago\u0161ki fakultet Ljubljana, Sveu\u010dili\u0161te Ljubljana<br \/>\n<a href=\"https:\/\/events.pmfst.unist.hr\/iem24\/wp-content\/uploads\/sites\/4\/2024\/01\/manfreda-kolar.pdf\" target=\"_blank\" rel=\"noopener\">Mathematical dialogue as a tool for enhancing the understanding of mathematical concepts<\/a><br \/>\n2. Prof.dr.sc. Nikola Kocei\u0107-Bilan, Prirodoslovno-matemati\u010dki fakultet, Sveu\u010dili\u0161te u Splitu<br \/>\n<a href=\"https:\/\/events.pmfst.unist.hr\/iem24\/wp-content\/uploads\/sites\/4\/2024\/01\/koceic-nikola.pdf\" target=\"_blank\" rel=\"noopener\">Proceduralno i konceptualno znanje potrebno pri rje\u0161avanju jednad\u017ebi i nejednad\u017ebi<\/a><br \/>\n3. Prof.dr.sc. Sanja Rukavina, Fakultet za matematiku, Sveu\u010dili\u0161te u Rijeci<br \/>\n<a href=\"https:\/\/events.pmfst.unist.hr\/iem24\/wp-content\/uploads\/sites\/4\/2024\/01\/rukavina-sanja.pdf\" target=\"_blank\" rel=\"noopener\">Istra\u017eivanje u nastavi matematike \u2013 za\u0161to i kako ga provoditi<\/a><br \/>\n4. Prof.dr.sc. \u017deljka Milin \u0160ipu\u0161, Prirodoslovno-matemati\u010dki fakultet, Sveu\u010dili\u0161te u Zagrebu<br \/>\n<a href=\"https:\/\/events.pmfst.unist.hr\/iem24\/wp-content\/uploads\/sites\/4\/2024\/01\/milin-sipus-zeljka.pdf\" target=\"_blank\" rel=\"noopener\">Interpretacija grafova kao dio matemati\u010dke komunikacije: Uvidi iz interdisciplinarnih istra\u017eivanja na spojnici matematike i fizike<\/a><br \/>\n5. Izv.prof.dr.sc. Ljerka Juki\u0107 \u2013 Mati\u0107, Fakultet primijenjene matematike i informatike, Sveu\u010dili\u0161te u Osijeku<br \/>\n<a href=\"https:\/\/events.pmfst.unist.hr\/iem24\/wp-content\/uploads\/sites\/4\/2024\/01\/jukic-matic-ljerka.pdf\" target=\"_blank\" rel=\"noopener\">Kreativnost u nastavi matematike<\/a><br \/>\n6. Doc.dr.sc. Irena Mi\u0161urac, Filozofski fakultet u Splitu, Sveu\u010dili\u0161te u Splitu<br \/>\n<a href=\"https:\/\/events.pmfst.unist.hr\/iem24\/wp-content\/uploads\/sites\/4\/2024\/01\/misurac-irena.pdf\" target=\"_blank\" rel=\"noopener\">Razlike u pristupima nekim matemati\u010dkim konceptima u razrednoj i predmetnoj nastavi<\/a><br \/>\n7. Doc.dr.sc. Matija Ba\u0161i\u0107, Prirodoslovno-matemati\u010dki fakultet, Sveu\u010dili\u0161te u Zagrebu<br \/>\n<a href=\"https:\/\/events.pmfst.unist.hr\/iem24\/wp-content\/uploads\/sites\/4\/2024\/01\/basic-matija.pdf\" target=\"_blank\" rel=\"noopener\">Ciljevi i dimenzije matemati\u010dkog obrazovanja<\/a><\/p>\n<p>&nbsp;<\/p>\n<p>Na skupu \u0107e odr\u017eati predavanje<br \/>\nAntonela Czwik, vi\u0161a savjetnica za matematiku iz Agencije za odgoj i obrazovanje: <a href=\"https:\/\/drive.google.com\/file\/d\/1ry3WpC9cxInPrchkBm4_QnfrQq8-4Etz\/view\">Istra\u017eivanje i implementacija inovativnih nastavnih praksi za metodi\u010dke izazove u edukaciji matematike<\/a><\/p>\n<p>te sljede\u0107i izvrsni savjetnici<\/p>\n<p>1. Lahorka Havranek-Bijukovi\u0107, u\u010diteljica matematike i fizike, izvrsna savjetnica, O\u0160 Manu\u0161, Split:<br \/>\n<a href=\"https:\/\/drive.google.com\/file\/d\/1rjKAS1WDSjTYiWOeouwxQvZ5A83RGtxy\/view\">Humor u nastavi matematike &#8211; kada i za\u0161to?<\/a><br \/>\n2. Mirela Pe\u0161ut, prof. matematike i fizike, izvrsna savjetnica, O\u0160 Split 3:<br \/>\n<a href=\"https:\/\/drive.google.com\/file\/d\/1rdeSOQWufWDW76bB5_-kwfoS8Ww3lYzE\/view\">Akcijsko istra\u017eivanje \u2013 Problem (ne)rje\u0161avanja doma\u0107ih zada\u0107a i njihov utjecaj na u\u010denje<\/a><br \/>\n3. Helena \u0160imi\u010devi\u0107-Mandac, nastavnica matematike, izvrsna savjetnica, Gimnazija Jurja Barakovi\u0107a, Zadar:<br \/>\n<a href=\"https:\/\/drive.google.com\/file\/d\/1rTaul0uI2qf4ZQqlzUOup5uekTNh6xfO\/view\">Istra\u017eiva\u010dke minijature<\/a><br \/>\n4. Monika Pe\u0161a, u\u010diteljica matematike, izvrsna savjetnica, O\u0160 Bibinje:<br \/>\n<a href=\"https:\/\/drive.google.com\/file\/d\/1rdWITyHl8QeMxkhtaf2OlGbLYJP0ygyJ\/view\">Istra\u017eivanje u domeni oblik i prostor<\/a><br \/>\n5. Vi\u0161nja \u0160uperba, prof. matematike i fizike, izvrsna savjetnica, O\u0160 Brodarica:<br \/>\n<a href=\"https:\/\/drive.google.com\/file\/d\/1sMrAuFAcSgEnBBJiAWrsNlCgmf4fIpuy\/view\">Istra\u017eivanje vezano uz zadatke na maturi i nacionalnim ispitima<\/a><br \/>\n6. Gordan Lovri\u0107, u\u010ditelj matematike, izvrsni savjetnik, O\u0160 Stro\u017eanac:<br \/>\n<a href=\"https:\/\/drive.google.com\/file\/d\/1riphZFWFFGX5NWDzIfe_oCstNbWY5ZL4\/view\">Ocjena kori\u0161tenja online platformi za matemati\u010dko tutorstvo<\/a><br \/>\n7. Sanja Vitalji\u0107, nastavnica matematike, izvrsna savjetnica, II. gimnazija Split:<br \/>\n<a href=\"https:\/\/drive.google.com\/file\/d\/1rPjr4BBDjbQlhwUUENoqIyS-rj0Xx6YD\/view\">U\u010deni\u010dka istra\u017eivanja<\/a><\/p>\n<p>Skup \u0107e se odr\u017eati na hrvatskom i engleskom jeziku.[\/vc_column_text][\/vc_column][\/vc_row]\n<\/div>","protected":false},"excerpt":{"rendered":"<p>[vc_row][vc_column][vc_column_text css=&#8221;.vc_custom_1708345397353{margin-bottom: 0px !important;}&#8221;]Zadovoljstvo nam je pozvati Vas na Dr\u017eavni skup ISTRA\u017dIVANJE U EDUKACIJI MATEMATIKE koji \u0107e se odr\u017eati 22. \u2013 24.02.2024. godine na Prirodoslovno \u2013 matemati\u010dkom fakultetu u Splitu, Ru\u0111era Bo\u0161kovi\u0107a 33, Split. Skup organizira Prirodoslovno \u2013 matemati\u010dki fakultet Split i Agencija za odgoj i obrazovanje, uz potporu Splitskog matemati\u010dkog dru\u0161tva.&#8221; Pozvani predava\u010di su: [&hellip;]<\/p>\n","protected":false},"author":1,"featured_media":0,"parent":0,"menu_order":0,"comment_status":"closed","ping_status":"closed","template":"","meta":{"footnotes":""},"class_list":["post-6","page","type-page","status-publish","hentry"],"yoast_head":"<!-- This site is optimized with the Yoast SEO plugin v27.6 - https:\/\/yoast.com\/product\/yoast-seo-wordpress\/ -->\n<title>Dr\u017eavni skup ISTRA\u017dIVANJE U EDUKACIJI MATEMATIKE - Dr\u017eavni skup &quot;Istra\u017eivanje u edukaciji matematike&quot;<\/title>\n<meta name=\"robots\" content=\"index, follow, max-snippet:-1, max-image-preview:large, max-video-preview:-1\" \/>\n<link rel=\"canonical\" href=\"https:\/\/events.pmfst.unist.hr\/iem24\/\" \/>\n<meta property=\"og:locale\" content=\"hr_HR\" \/>\n<meta property=\"og:type\" content=\"article\" \/>\n<meta property=\"og:title\" content=\"Dr\u017eavni skup ISTRA\u017dIVANJE U EDUKACIJI MATEMATIKE - Dr\u017eavni skup &quot;Istra\u017eivanje u edukaciji matematike&quot;\" \/>\n<meta property=\"og:description\" content=\"[vc_row][vc_column][vc_column_text css=&#8221;.vc_custom_1708345397353{margin-bottom: 0px !important;}&#8221;]Zadovoljstvo nam je pozvati Vas na Dr\u017eavni skup ISTRA\u017dIVANJE U EDUKACIJI MATEMATIKE koji \u0107e se odr\u017eati 22. \u2013 24.02.2024. godine na Prirodoslovno \u2013 matemati\u010dkom fakultetu u Splitu, Ru\u0111era Bo\u0161kovi\u0107a 33, Split. Skup organizira Prirodoslovno \u2013 matemati\u010dki fakultet Split i Agencija za odgoj i obrazovanje, uz potporu Splitskog matemati\u010dkog dru\u0161tva.&#8221; Pozvani predava\u010di su: [&hellip;]\" \/>\n<meta property=\"og:url\" content=\"https:\/\/events.pmfst.unist.hr\/iem24\/\" \/>\n<meta property=\"og:site_name\" content=\"Dr\u017eavni skup &quot;Istra\u017eivanje u edukaciji matematike&quot;\" \/>\n<meta property=\"article:modified_time\" content=\"2024-06-05T10:15:12+00:00\" \/>\n<meta name=\"twitter:card\" content=\"summary_large_image\" \/>\n<meta name=\"twitter:label1\" content=\"Procijenjeno vrijeme \u010ditanja\" \/>\n\t<meta name=\"twitter:data1\" content=\"2 minute\" \/>\n<script type=\"application\/ld+json\" class=\"yoast-schema-graph\">{\"@context\":\"https:\\\/\\\/schema.org\",\"@graph\":[{\"@type\":\"WebPage\",\"@id\":\"https:\\\/\\\/events.pmfst.unist.hr\\\/iem24\\\/\",\"url\":\"https:\\\/\\\/events.pmfst.unist.hr\\\/iem24\\\/\",\"name\":\"Dr\u017eavni skup ISTRA\u017dIVANJE U EDUKACIJI MATEMATIKE - Dr\u017eavni skup \\\"Istra\u017eivanje u edukaciji matematike\\\"\",\"isPartOf\":{\"@id\":\"https:\\\/\\\/events.pmfst.unist.hr\\\/iem24\\\/#website\"},\"datePublished\":\"2024-01-11T13:01:53+00:00\",\"dateModified\":\"2024-06-05T10:15:12+00:00\",\"breadcrumb\":{\"@id\":\"https:\\\/\\\/events.pmfst.unist.hr\\\/iem24\\\/#breadcrumb\"},\"inLanguage\":\"hr\",\"potentialAction\":[{\"@type\":\"ReadAction\",\"target\":[\"https:\\\/\\\/events.pmfst.unist.hr\\\/iem24\\\/\"]}]},{\"@type\":\"BreadcrumbList\",\"@id\":\"https:\\\/\\\/events.pmfst.unist.hr\\\/iem24\\\/#breadcrumb\",\"itemListElement\":[{\"@type\":\"ListItem\",\"position\":1,\"name\":\"Home\",\"item\":\"https:\\\/\\\/events.pmfst.unist.hr\\\/iem24\\\/\"},{\"@type\":\"ListItem\",\"position\":2,\"name\":\"Dr\u017eavni skup ISTRA\u017dIVANJE U EDUKACIJI MATEMATIKE\"}]},{\"@type\":\"WebSite\",\"@id\":\"https:\\\/\\\/events.pmfst.unist.hr\\\/iem24\\\/#website\",\"url\":\"https:\\\/\\\/events.pmfst.unist.hr\\\/iem24\\\/\",\"name\":\"Dr\u017eavni skup \\\"Istra\u017eivanje u edukaciji matematike\\\"\",\"description\":\"\",\"publisher\":{\"@id\":\"https:\\\/\\\/events.pmfst.unist.hr\\\/iem24\\\/#organization\"},\"potentialAction\":[{\"@type\":\"SearchAction\",\"target\":{\"@type\":\"EntryPoint\",\"urlTemplate\":\"https:\\\/\\\/events.pmfst.unist.hr\\\/iem24\\\/?s={search_term_string}\"},\"query-input\":{\"@type\":\"PropertyValueSpecification\",\"valueRequired\":true,\"valueName\":\"search_term_string\"}}],\"inLanguage\":\"hr\"},{\"@type\":\"Organization\",\"@id\":\"https:\\\/\\\/events.pmfst.unist.hr\\\/iem24\\\/#organization\",\"name\":\"Dr\u017eavni skup \\\"Istra\u017eivanje u edukaciji matematike\\\"\",\"url\":\"https:\\\/\\\/events.pmfst.unist.hr\\\/iem24\\\/\",\"logo\":{\"@type\":\"ImageObject\",\"inLanguage\":\"hr\",\"@id\":\"https:\\\/\\\/events.pmfst.unist.hr\\\/iem24\\\/#\\\/schema\\\/logo\\\/image\\\/\",\"url\":\"https:\\\/\\\/events.pmfst.unist.hr\\\/phyphi\\\/wp-content\\\/uploads\\\/sites\\\/2\\\/2022\\\/06\\\/logo.png\",\"contentUrl\":\"https:\\\/\\\/events.pmfst.unist.hr\\\/phyphi\\\/wp-content\\\/uploads\\\/sites\\\/2\\\/2022\\\/06\\\/logo.png\",\"width\":75,\"height\":128,\"caption\":\"Dr\u017eavni skup \\\"Istra\u017eivanje u edukaciji matematike\\\"\"},\"image\":{\"@id\":\"https:\\\/\\\/events.pmfst.unist.hr\\\/iem24\\\/#\\\/schema\\\/logo\\\/image\\\/\"}}]}<\/script>\n<!-- \/ Yoast SEO plugin. -->","yoast_head_json":{"title":"Dr\u017eavni skup ISTRA\u017dIVANJE U EDUKACIJI MATEMATIKE - Dr\u017eavni skup \"Istra\u017eivanje u edukaciji matematike\"","robots":{"index":"index","follow":"follow","max-snippet":"max-snippet:-1","max-image-preview":"max-image-preview:large","max-video-preview":"max-video-preview:-1"},"canonical":"https:\/\/events.pmfst.unist.hr\/iem24\/","og_locale":"hr_HR","og_type":"article","og_title":"Dr\u017eavni skup ISTRA\u017dIVANJE U EDUKACIJI MATEMATIKE - Dr\u017eavni skup \"Istra\u017eivanje u edukaciji matematike\"","og_description":"[vc_row][vc_column][vc_column_text css=&#8221;.vc_custom_1708345397353{margin-bottom: 0px !important;}&#8221;]Zadovoljstvo nam je pozvati Vas na Dr\u017eavni skup ISTRA\u017dIVANJE U EDUKACIJI MATEMATIKE koji \u0107e se odr\u017eati 22. \u2013 24.02.2024. godine na Prirodoslovno \u2013 matemati\u010dkom fakultetu u Splitu, Ru\u0111era Bo\u0161kovi\u0107a 33, Split. Skup organizira Prirodoslovno \u2013 matemati\u010dki fakultet Split i Agencija za odgoj i obrazovanje, uz potporu Splitskog matemati\u010dkog dru\u0161tva.&#8221; Pozvani predava\u010di su: [&hellip;]","og_url":"https:\/\/events.pmfst.unist.hr\/iem24\/","og_site_name":"Dr\u017eavni skup \"Istra\u017eivanje u edukaciji matematike\"","article_modified_time":"2024-06-05T10:15:12+00:00","twitter_card":"summary_large_image","twitter_misc":{"Procijenjeno vrijeme \u010ditanja":"2 minute"},"schema":{"@context":"https:\/\/schema.org","@graph":[{"@type":"WebPage","@id":"https:\/\/events.pmfst.unist.hr\/iem24\/","url":"https:\/\/events.pmfst.unist.hr\/iem24\/","name":"Dr\u017eavni skup ISTRA\u017dIVANJE U EDUKACIJI MATEMATIKE - Dr\u017eavni skup \"Istra\u017eivanje u edukaciji matematike\"","isPartOf":{"@id":"https:\/\/events.pmfst.unist.hr\/iem24\/#website"},"datePublished":"2024-01-11T13:01:53+00:00","dateModified":"2024-06-05T10:15:12+00:00","breadcrumb":{"@id":"https:\/\/events.pmfst.unist.hr\/iem24\/#breadcrumb"},"inLanguage":"hr","potentialAction":[{"@type":"ReadAction","target":["https:\/\/events.pmfst.unist.hr\/iem24\/"]}]},{"@type":"BreadcrumbList","@id":"https:\/\/events.pmfst.unist.hr\/iem24\/#breadcrumb","itemListElement":[{"@type":"ListItem","position":1,"name":"Home","item":"https:\/\/events.pmfst.unist.hr\/iem24\/"},{"@type":"ListItem","position":2,"name":"Dr\u017eavni skup ISTRA\u017dIVANJE U EDUKACIJI MATEMATIKE"}]},{"@type":"WebSite","@id":"https:\/\/events.pmfst.unist.hr\/iem24\/#website","url":"https:\/\/events.pmfst.unist.hr\/iem24\/","name":"Dr\u017eavni skup \"Istra\u017eivanje u edukaciji matematike\"","description":"","publisher":{"@id":"https:\/\/events.pmfst.unist.hr\/iem24\/#organization"},"potentialAction":[{"@type":"SearchAction","target":{"@type":"EntryPoint","urlTemplate":"https:\/\/events.pmfst.unist.hr\/iem24\/?s={search_term_string}"},"query-input":{"@type":"PropertyValueSpecification","valueRequired":true,"valueName":"search_term_string"}}],"inLanguage":"hr"},{"@type":"Organization","@id":"https:\/\/events.pmfst.unist.hr\/iem24\/#organization","name":"Dr\u017eavni skup \"Istra\u017eivanje u edukaciji matematike\"","url":"https:\/\/events.pmfst.unist.hr\/iem24\/","logo":{"@type":"ImageObject","inLanguage":"hr","@id":"https:\/\/events.pmfst.unist.hr\/iem24\/#\/schema\/logo\/image\/","url":"https:\/\/events.pmfst.unist.hr\/phyphi\/wp-content\/uploads\/sites\/2\/2022\/06\/logo.png","contentUrl":"https:\/\/events.pmfst.unist.hr\/phyphi\/wp-content\/uploads\/sites\/2\/2022\/06\/logo.png","width":75,"height":128,"caption":"Dr\u017eavni skup \"Istra\u017eivanje u edukaciji matematike\""},"image":{"@id":"https:\/\/events.pmfst.unist.hr\/iem24\/#\/schema\/logo\/image\/"}}]}},"_links":{"self":[{"href":"https:\/\/events.pmfst.unist.hr\/iem24\/wp-json\/wp\/v2\/pages\/6","targetHints":{"allow":["GET"]}}],"collection":[{"href":"https:\/\/events.pmfst.unist.hr\/iem24\/wp-json\/wp\/v2\/pages"}],"about":[{"href":"https:\/\/events.pmfst.unist.hr\/iem24\/wp-json\/wp\/v2\/types\/page"}],"author":[{"embeddable":true,"href":"https:\/\/events.pmfst.unist.hr\/iem24\/wp-json\/wp\/v2\/users\/1"}],"replies":[{"embeddable":true,"href":"https:\/\/events.pmfst.unist.hr\/iem24\/wp-json\/wp\/v2\/comments?post=6"}],"version-history":[{"count":0,"href":"https:\/\/events.pmfst.unist.hr\/iem24\/wp-json\/wp\/v2\/pages\/6\/revisions"}],"wp:attachment":[{"href":"https:\/\/events.pmfst.unist.hr\/iem24\/wp-json\/wp\/v2\/media?parent=6"}],"curies":[{"name":"wp","href":"https:\/\/api.w.org\/{rel}","templated":true}]}}