{"id":26,"date":"2024-02-02T11:24:36","date_gmt":"2024-02-02T11:24:36","guid":{"rendered":"https:\/\/events.pmfst.unist.hr\/iem24\/?page_id=26"},"modified":"2024-02-20T11:30:43","modified_gmt":"2024-02-20T11:30:43","slug":"prijava","status":"publish","type":"page","link":"https:\/\/events.pmfst.unist.hr\/iem24\/prijava\/","title":{"rendered":"Prijava"},"content":{"rendered":"<div class=\"wpb-content-wrapper\">[vc_row][vc_column][vc_column_text css=&#8221;.vc_custom_1708428641492{margin-bottom: 0px !important;}&#8221;]Skup je objavljen na ettaedu\u00a0\u00a0<a href=\"https:\/\/ettaedu.azoo.hr\/Default.aspx?tid=1\">https:\/\/ettaedu.azoo.hr\/Default.aspx?tid=1<\/a>. Molimo da svoje sudjelovanje prijavite najkasnije do 21. velja\u010de 2024.<\/p>\n<p>Sve zainteresirane pozivamo da se prijave za prezentaciju svog rada u obliku predavanja ili radionice. Prijave su mogu\u0107e preko sljede\u0107eg linka <a href=\"https:\/\/forms.office.com\/e\/7DVHyhNvAx\">https:\/\/forms.office.com\/e\/7DVHyhNvAx<\/a> .<\/p>\n<p>Sa\u017eetak i naslov rada treba dostaviti najkasnije\u00a0 do 13.velja\u010de 2024. godine.<br \/>\nSa\u017eetak mora sadr\u017eavati sljede\u0107e sastavnice:<\/p>\n<ul>\n<li>cilj predavanja\/radionice<\/li>\n<li>ishodi koji \u0107e se usvojiti<\/li>\n<li>opis predavanja\/radionice<\/li>\n<li>zaklju\u010dci koji \u0107e se koristiti za razvoj kompetencija, vje\u0161tina itd.<\/li>\n<\/ul>\n<p><strong>Va\u017eni datumi<\/strong><\/p>\n<p>Zadnji dan za prijavu sudjelovanja:\u00a0 21. velja\u010de 2024.<br \/>\nZadnji dan za slanje sa\u017eetka: \u00a013. velja\u010de\u00a0 2024.<br \/>\nInformacije o prihva\u0107anju rada: 16. velja\u010de \u00a02024.<br \/>\nZadnji dan za uplatu kotizacije: 21. velja\u010de\u00a0 2024.[\/vc_column_text][\/vc_column][\/vc_row]\n<\/div>","protected":false},"excerpt":{"rendered":"<p>[vc_row][vc_column][vc_column_text css=&#8221;.vc_custom_1708428641492{margin-bottom: 0px !important;}&#8221;]Skup je objavljen na ettaedu\u00a0\u00a0https:\/\/ettaedu.azoo.hr\/Default.aspx?tid=1. Molimo da svoje sudjelovanje prijavite najkasnije do 21. velja\u010de 2024. Sve zainteresirane pozivamo da se prijave za prezentaciju svog rada u obliku predavanja ili radionice. Prijave su mogu\u0107e preko sljede\u0107eg linka https:\/\/forms.office.com\/e\/7DVHyhNvAx . Sa\u017eetak i naslov rada treba dostaviti najkasnije\u00a0 do 13.velja\u010de 2024. godine. Sa\u017eetak mora sadr\u017eavati [&hellip;]<\/p>\n","protected":false},"author":1,"featured_media":0,"parent":0,"menu_order":0,"comment_status":"closed","ping_status":"closed","template":"","meta":{"footnotes":""},"class_list":["post-26","page","type-page","status-publish","hentry"],"yoast_head":"<!-- This site is optimized with the Yoast SEO plugin v27.5 - https:\/\/yoast.com\/product\/yoast-seo-wordpress\/ -->\n<title>Prijava - Dr\u017eavni skup &quot;Istra\u017eivanje u edukaciji matematike&quot;<\/title>\n<meta name=\"robots\" content=\"index, follow, max-snippet:-1, max-image-preview:large, max-video-preview:-1\" \/>\n<link rel=\"canonical\" href=\"https:\/\/events.pmfst.unist.hr\/iem24\/prijava\/\" \/>\n<meta property=\"og:locale\" content=\"hr_HR\" \/>\n<meta property=\"og:type\" content=\"article\" \/>\n<meta property=\"og:title\" content=\"Prijava - Dr\u017eavni skup &quot;Istra\u017eivanje u edukaciji matematike&quot;\" \/>\n<meta property=\"og:description\" content=\"[vc_row][vc_column][vc_column_text css=&#8221;.vc_custom_1708428641492{margin-bottom: 0px !important;}&#8221;]Skup je objavljen na ettaedu\u00a0\u00a0https:\/\/ettaedu.azoo.hr\/Default.aspx?tid=1. Molimo da svoje sudjelovanje prijavite najkasnije do 21. velja\u010de 2024. Sve zainteresirane pozivamo da se prijave za prezentaciju svog rada u obliku predavanja ili radionice. Prijave su mogu\u0107e preko sljede\u0107eg linka https:\/\/forms.office.com\/e\/7DVHyhNvAx . Sa\u017eetak i naslov rada treba dostaviti najkasnije\u00a0 do 13.velja\u010de 2024. godine. Sa\u017eetak mora sadr\u017eavati [&hellip;]\" \/>\n<meta property=\"og:url\" content=\"https:\/\/events.pmfst.unist.hr\/iem24\/prijava\/\" \/>\n<meta property=\"og:site_name\" content=\"Dr\u017eavni skup &quot;Istra\u017eivanje u edukaciji matematike&quot;\" \/>\n<meta property=\"article:modified_time\" content=\"2024-02-20T11:30:43+00:00\" \/>\n<meta name=\"twitter:card\" content=\"summary_large_image\" \/>\n<meta name=\"twitter:label1\" content=\"Procijenjeno vrijeme \u010ditanja\" \/>\n\t<meta name=\"twitter:data1\" content=\"1 minuta\" \/>\n<script type=\"application\/ld+json\" class=\"yoast-schema-graph\">{\"@context\":\"https:\\\/\\\/schema.org\",\"@graph\":[{\"@type\":\"WebPage\",\"@id\":\"https:\\\/\\\/events.pmfst.unist.hr\\\/iem24\\\/prijava\\\/\",\"url\":\"https:\\\/\\\/events.pmfst.unist.hr\\\/iem24\\\/prijava\\\/\",\"name\":\"Prijava - Dr\u017eavni skup \\\"Istra\u017eivanje u edukaciji matematike\\\"\",\"isPartOf\":{\"@id\":\"https:\\\/\\\/events.pmfst.unist.hr\\\/iem24\\\/#website\"},\"datePublished\":\"2024-02-02T11:24:36+00:00\",\"dateModified\":\"2024-02-20T11:30:43+00:00\",\"breadcrumb\":{\"@id\":\"https:\\\/\\\/events.pmfst.unist.hr\\\/iem24\\\/prijava\\\/#breadcrumb\"},\"inLanguage\":\"hr\",\"potentialAction\":[{\"@type\":\"ReadAction\",\"target\":[\"https:\\\/\\\/events.pmfst.unist.hr\\\/iem24\\\/prijava\\\/\"]}]},{\"@type\":\"BreadcrumbList\",\"@id\":\"https:\\\/\\\/events.pmfst.unist.hr\\\/iem24\\\/prijava\\\/#breadcrumb\",\"itemListElement\":[{\"@type\":\"ListItem\",\"position\":1,\"name\":\"Home\",\"item\":\"https:\\\/\\\/events.pmfst.unist.hr\\\/iem24\\\/\"},{\"@type\":\"ListItem\",\"position\":2,\"name\":\"Prijava\"}]},{\"@type\":\"WebSite\",\"@id\":\"https:\\\/\\\/events.pmfst.unist.hr\\\/iem24\\\/#website\",\"url\":\"https:\\\/\\\/events.pmfst.unist.hr\\\/iem24\\\/\",\"name\":\"Dr\u017eavni skup \\\"Istra\u017eivanje u edukaciji matematike\\\"\",\"description\":\"\",\"publisher\":{\"@id\":\"https:\\\/\\\/events.pmfst.unist.hr\\\/iem24\\\/#organization\"},\"potentialAction\":[{\"@type\":\"SearchAction\",\"target\":{\"@type\":\"EntryPoint\",\"urlTemplate\":\"https:\\\/\\\/events.pmfst.unist.hr\\\/iem24\\\/?s={search_term_string}\"},\"query-input\":{\"@type\":\"PropertyValueSpecification\",\"valueRequired\":true,\"valueName\":\"search_term_string\"}}],\"inLanguage\":\"hr\"},{\"@type\":\"Organization\",\"@id\":\"https:\\\/\\\/events.pmfst.unist.hr\\\/iem24\\\/#organization\",\"name\":\"Dr\u017eavni skup \\\"Istra\u017eivanje u edukaciji matematike\\\"\",\"url\":\"https:\\\/\\\/events.pmfst.unist.hr\\\/iem24\\\/\",\"logo\":{\"@type\":\"ImageObject\",\"inLanguage\":\"hr\",\"@id\":\"https:\\\/\\\/events.pmfst.unist.hr\\\/iem24\\\/#\\\/schema\\\/logo\\\/image\\\/\",\"url\":\"https:\\\/\\\/events.pmfst.unist.hr\\\/phyphi\\\/wp-content\\\/uploads\\\/sites\\\/2\\\/2022\\\/06\\\/logo.png\",\"contentUrl\":\"https:\\\/\\\/events.pmfst.unist.hr\\\/phyphi\\\/wp-content\\\/uploads\\\/sites\\\/2\\\/2022\\\/06\\\/logo.png\",\"width\":75,\"height\":128,\"caption\":\"Dr\u017eavni skup \\\"Istra\u017eivanje u edukaciji matematike\\\"\"},\"image\":{\"@id\":\"https:\\\/\\\/events.pmfst.unist.hr\\\/iem24\\\/#\\\/schema\\\/logo\\\/image\\\/\"}}]}<\/script>\n<!-- \/ Yoast SEO plugin. -->","yoast_head_json":{"title":"Prijava - Dr\u017eavni skup \"Istra\u017eivanje u edukaciji matematike\"","robots":{"index":"index","follow":"follow","max-snippet":"max-snippet:-1","max-image-preview":"max-image-preview:large","max-video-preview":"max-video-preview:-1"},"canonical":"https:\/\/events.pmfst.unist.hr\/iem24\/prijava\/","og_locale":"hr_HR","og_type":"article","og_title":"Prijava - Dr\u017eavni skup \"Istra\u017eivanje u edukaciji matematike\"","og_description":"[vc_row][vc_column][vc_column_text css=&#8221;.vc_custom_1708428641492{margin-bottom: 0px !important;}&#8221;]Skup je objavljen na ettaedu\u00a0\u00a0https:\/\/ettaedu.azoo.hr\/Default.aspx?tid=1. Molimo da svoje sudjelovanje prijavite najkasnije do 21. velja\u010de 2024. Sve zainteresirane pozivamo da se prijave za prezentaciju svog rada u obliku predavanja ili radionice. Prijave su mogu\u0107e preko sljede\u0107eg linka https:\/\/forms.office.com\/e\/7DVHyhNvAx . Sa\u017eetak i naslov rada treba dostaviti najkasnije\u00a0 do 13.velja\u010de 2024. godine. Sa\u017eetak mora sadr\u017eavati [&hellip;]","og_url":"https:\/\/events.pmfst.unist.hr\/iem24\/prijava\/","og_site_name":"Dr\u017eavni skup \"Istra\u017eivanje u edukaciji matematike\"","article_modified_time":"2024-02-20T11:30:43+00:00","twitter_card":"summary_large_image","twitter_misc":{"Procijenjeno vrijeme \u010ditanja":"1 minuta"},"schema":{"@context":"https:\/\/schema.org","@graph":[{"@type":"WebPage","@id":"https:\/\/events.pmfst.unist.hr\/iem24\/prijava\/","url":"https:\/\/events.pmfst.unist.hr\/iem24\/prijava\/","name":"Prijava - Dr\u017eavni skup \"Istra\u017eivanje u edukaciji matematike\"","isPartOf":{"@id":"https:\/\/events.pmfst.unist.hr\/iem24\/#website"},"datePublished":"2024-02-02T11:24:36+00:00","dateModified":"2024-02-20T11:30:43+00:00","breadcrumb":{"@id":"https:\/\/events.pmfst.unist.hr\/iem24\/prijava\/#breadcrumb"},"inLanguage":"hr","potentialAction":[{"@type":"ReadAction","target":["https:\/\/events.pmfst.unist.hr\/iem24\/prijava\/"]}]},{"@type":"BreadcrumbList","@id":"https:\/\/events.pmfst.unist.hr\/iem24\/prijava\/#breadcrumb","itemListElement":[{"@type":"ListItem","position":1,"name":"Home","item":"https:\/\/events.pmfst.unist.hr\/iem24\/"},{"@type":"ListItem","position":2,"name":"Prijava"}]},{"@type":"WebSite","@id":"https:\/\/events.pmfst.unist.hr\/iem24\/#website","url":"https:\/\/events.pmfst.unist.hr\/iem24\/","name":"Dr\u017eavni skup \"Istra\u017eivanje u edukaciji matematike\"","description":"","publisher":{"@id":"https:\/\/events.pmfst.unist.hr\/iem24\/#organization"},"potentialAction":[{"@type":"SearchAction","target":{"@type":"EntryPoint","urlTemplate":"https:\/\/events.pmfst.unist.hr\/iem24\/?s={search_term_string}"},"query-input":{"@type":"PropertyValueSpecification","valueRequired":true,"valueName":"search_term_string"}}],"inLanguage":"hr"},{"@type":"Organization","@id":"https:\/\/events.pmfst.unist.hr\/iem24\/#organization","name":"Dr\u017eavni skup \"Istra\u017eivanje u edukaciji matematike\"","url":"https:\/\/events.pmfst.unist.hr\/iem24\/","logo":{"@type":"ImageObject","inLanguage":"hr","@id":"https:\/\/events.pmfst.unist.hr\/iem24\/#\/schema\/logo\/image\/","url":"https:\/\/events.pmfst.unist.hr\/phyphi\/wp-content\/uploads\/sites\/2\/2022\/06\/logo.png","contentUrl":"https:\/\/events.pmfst.unist.hr\/phyphi\/wp-content\/uploads\/sites\/2\/2022\/06\/logo.png","width":75,"height":128,"caption":"Dr\u017eavni skup \"Istra\u017eivanje u edukaciji matematike\""},"image":{"@id":"https:\/\/events.pmfst.unist.hr\/iem24\/#\/schema\/logo\/image\/"}}]}},"_links":{"self":[{"href":"https:\/\/events.pmfst.unist.hr\/iem24\/wp-json\/wp\/v2\/pages\/26","targetHints":{"allow":["GET"]}}],"collection":[{"href":"https:\/\/events.pmfst.unist.hr\/iem24\/wp-json\/wp\/v2\/pages"}],"about":[{"href":"https:\/\/events.pmfst.unist.hr\/iem24\/wp-json\/wp\/v2\/types\/page"}],"author":[{"embeddable":true,"href":"https:\/\/events.pmfst.unist.hr\/iem24\/wp-json\/wp\/v2\/users\/1"}],"replies":[{"embeddable":true,"href":"https:\/\/events.pmfst.unist.hr\/iem24\/wp-json\/wp\/v2\/comments?post=26"}],"version-history":[{"count":0,"href":"https:\/\/events.pmfst.unist.hr\/iem24\/wp-json\/wp\/v2\/pages\/26\/revisions"}],"wp:attachment":[{"href":"https:\/\/events.pmfst.unist.hr\/iem24\/wp-json\/wp\/v2\/media?parent=26"}],"curies":[{"name":"wp","href":"https:\/\/api.w.org\/{rel}","templated":true}]}}